{"id":1077,"date":"2025-10-31T12:31:39","date_gmt":"2025-10-31T12:31:39","guid":{"rendered":"https:\/\/www.iomft.ro\/?page_id=1077"},"modified":"2026-02-26T12:01:50","modified_gmt":"2026-02-26T12:01:50","slug":"cum-colaboram","status":"publish","type":"page","link":"https:\/\/www.iomft.ro\/index.php\/cum-colaboram\/","title":{"rendered":"Cum colabor\u0103m"},"content":{"rendered":"\t\t<div data-elementor-type=\"wp-page\" data-elementor-id=\"1077\" class=\"elementor elementor-1077\">\n\t\t\t\t<div class=\"elementor-element elementor-element-8b3e8d4 e-grid e-con-boxed e-con e-parent\" data-id=\"8b3e8d4\" data-element_type=\"container\" id=\"header_top\" data-settings=\"{&quot;background_background&quot;:&quot;classic&quot;}\">\n\t\t\t\t\t<div class=\"e-con-inner\">\n\t\t\t\t<div class=\"elementor-element elementor-element-c0df11f home_intro elementor-widget elementor-widget-heading\" data-id=\"c0df11f\" data-element_type=\"widget\" data-widget_type=\"heading.default\">\n\t\t\t\t<div class=\"elementor-widget-container\">\n\t\t\t\t\t<h2 class=\"elementor-heading-title elementor-size-default\">Cum colabor\u0103m<\/h2>\t\t\t\t<\/div>\n\t\t\t\t<\/div>\n\t\t\t\t<div class=\"elementor-element elementor-element-b64712f elementor-widget__width-initial elementor-widget elementor-widget-text-editor\" data-id=\"b64712f\" data-element_type=\"widget\" data-widget_type=\"text-editor.default\">\n\t\t\t\t<div class=\"elementor-widget-container\">\n\t\t\t\t\t\t\t\t\t<p>\u00cen Rom\u00e2nia se contureaz\u0103 o nou\u0103 hart\u0103 medical\u0103 \u2013 una \u00een care respira\u021bia, func\u021bia \u0219i forma \u00ee\u0219i recap\u0103t\u0103 locul firesc \u00een centrul s\u0103n\u0103t\u0103\u021bii.<\/p><p>Aceast\u0103 hart\u0103 poart\u0103 un nume: IOMFT \u2013 Institutul de Ortoposturologie \u0219i Terapie Oro-Facial\u0103 Miofunc\u021bional\u0103.<\/p>\t\t\t\t\t\t\t\t<\/div>\n\t\t\t\t<\/div>\n\t\t\t\t\t<\/div>\n\t\t\t\t<\/div>\n\t\t<div class=\"elementor-element elementor-element-65f495a e-flex e-con-boxed e-con e-parent\" data-id=\"65f495a\" data-element_type=\"container\" data-settings=\"{&quot;background_background&quot;:&quot;classic&quot;}\">\n\t\t\t\t\t<div class=\"e-con-inner\">\n\t\t\t\t<div class=\"elementor-element elementor-element-89383f0 elementor-widget elementor-widget-heading\" data-id=\"89383f0\" data-element_type=\"widget\" data-widget_type=\"heading.default\">\n\t\t\t\t<div class=\"elementor-widget-container\">\n\t\t\t\t\t<h2 class=\"elementor-heading-title elementor-size-default\">Un mesaj pentru speciali\u0219ti de la IOMFT<\/h2>\t\t\t\t<\/div>\n\t\t\t\t<\/div>\n\t\t\t\t<div class=\"elementor-element elementor-element-01bfbdd elementor-widget__width-initial elementor-widget elementor-widget-text-editor\" data-id=\"01bfbdd\" data-element_type=\"widget\" data-widget_type=\"text-editor.default\">\n\t\t\t\t<div class=\"elementor-widget-container\">\n\t\t\t\t\t\t\t\t\t<p><strong>F\u0103 parte din schimbarea care redefine\u0219te s\u0103n\u0103tatea uman\u0103.<\/strong><\/p>\t\t\t\t\t\t\t\t<\/div>\n\t\t\t\t<\/div>\n\t\t\t\t\t<\/div>\n\t\t\t\t<\/div>\n\t\t<div class=\"elementor-element elementor-element-c90c684 e-flex e-con-boxed e-con e-parent\" data-id=\"c90c684\" data-element_type=\"container\">\n\t\t\t\t\t<div class=\"e-con-inner\">\n\t\t\t\t<div class=\"elementor-element elementor-element-0a0019b elementor-widget elementor-widget-text-editor\" data-id=\"0a0019b\" data-element_type=\"widget\" data-widget_type=\"text-editor.default\">\n\t\t\t\t<div class=\"elementor-widget-container\">\n\t\t\t\t\t\t\t\t\t<p>\u00cen Rom\u00e2nia se contureaz\u0103 o nou\u0103 hart\u0103 medical\u0103 \u2013 una \u00een care respira\u021bia, func\u021bia \u0219i forma \u00ee\u0219i recap\u0103t\u0103 locul firesc \u00een centrul s\u0103n\u0103t\u0103\u021bii.<\/p><p>Aceast\u0103 hart\u0103 poart\u0103 un nume: IOMFT \u2013 Institutul de Ortoposturologie \u0219i Terapie Oro-Facial\u0103 Miofunc\u021bional\u0103.<\/p>\t\t\t\t\t\t\t\t<\/div>\n\t\t\t\t<\/div>\n\t\t\t\t<div class=\"elementor-element elementor-element-e342fb7 elementor-widget__width-initial elementor-widget elementor-widget-text-editor\" data-id=\"e342fb7\" data-element_type=\"widget\" data-widget_type=\"text-editor.default\">\n\t\t\t\t<div class=\"elementor-widget-container\">\n\t\t\t\t\t\t\t\t\t<p><strong>Te invit\u0103m s\u0103 faci parte dintr-o comunitate care vede mai mult, g\u00e2nde\u0219te diferit \u0219i ac\u021bioneaz\u0103 devreme.<\/strong><\/p><p><strong>Pentru c\u0103 s\u0103n\u0103tatea real\u0103 nu se gestioneaz\u0103, ci se cultiv\u0103.<\/strong><\/p><p><strong>Pentru c\u0103 dincolo de tratamente exist\u0103 func\u021bia, iar dincolo de mu\u0219chi \u2013 un \u00eentreg ecosistem uman.<\/strong><\/p>\t\t\t\t\t\t\t\t<\/div>\n\t\t\t\t<\/div>\n\t\t\t\t\t<\/div>\n\t\t\t\t<\/div>\n\t\t<div class=\"elementor-element elementor-element-b5cc9a3 e-flex e-con-boxed e-con e-parent\" data-id=\"b5cc9a3\" data-element_type=\"container\">\n\t\t\t\t\t<div class=\"e-con-inner\">\n\t\t\t\t<div class=\"elementor-element elementor-element-ce2dfc4 elementor-widget elementor-widget-heading\" data-id=\"ce2dfc4\" data-element_type=\"widget\" data-widget_type=\"heading.default\">\n\t\t\t\t<div class=\"elementor-widget-container\">\n\t\t\t\t\t<h2 class=\"elementor-heading-title elementor-size-default\">De ce s\u0103 fii parte din IOMFT?<\/h2>\t\t\t\t<\/div>\n\t\t\t\t<\/div>\n\t\t\t\t\t<\/div>\n\t\t\t\t<\/div>\n\t\t<div class=\"elementor-element elementor-element-0c33b9f e-flex e-con-boxed e-con e-parent\" data-id=\"0c33b9f\" data-element_type=\"container\" data-settings=\"{&quot;background_background&quot;:&quot;classic&quot;}\">\n\t\t\t\t\t<div class=\"e-con-inner\">\n\t\t\t\t<div class=\"elementor-element elementor-element-31f9d8d elementor-widget__width-initial elementor-widget elementor-widget-text-editor\" data-id=\"31f9d8d\" data-element_type=\"widget\" data-widget_type=\"text-editor.default\">\n\t\t\t\t<div class=\"elementor-widget-container\">\n\t\t\t\t\t\t\t\t\t<ul><li>Pentru c\u0103 aici \u00eenve\u021bi s\u0103 vezi dincolo de specialitate \u2013 s\u0103 \u00een\u021belegi conexiunea dintre respira\u021bie, postur\u0103, mastica\u021bie, somn \u0219i dezvoltare cranio-facial\u0103.<\/li><li>Pentru c\u0103 ai ocazia s\u0103 colaborezi cu profesioni\u0219ti din ortodon\u021bie, logopedie, pediatrie, ORL, osteopatie, nutri\u021bie, psihologie \u0219i educa\u021bie.<\/li><li>Pentru c\u0103 IOMFT \u00eenseamn\u0103 ac\u021biune timpurie, nu reac\u021bie \u00eent\u00e2rziat\u0103 \u2013 un pas \u00eenainte fa\u021b\u0103 de medicina simptomului.<\/li><li>Pentru c\u0103 aici, formarea nu \u00eenseamn\u0103 doar cursuri \u2013 ci o schimbare de perspectiv\u0103.<\/li><\/ul>\t\t\t\t\t\t\t\t<\/div>\n\t\t\t\t<\/div>\n\t\t\t\t\t<\/div>\n\t\t\t\t<\/div>\n\t\t<div class=\"elementor-element elementor-element-405b747 e-flex e-con-boxed e-con e-parent\" data-id=\"405b747\" data-element_type=\"container\">\n\t\t\t\t\t<div class=\"e-con-inner\">\n\t\t\t\t<div class=\"elementor-element elementor-element-c53bd49 elementor-widget elementor-widget-heading\" data-id=\"c53bd49\" data-element_type=\"widget\" data-widget_type=\"heading.default\">\n\t\t\t\t<div class=\"elementor-widget-container\">\n\t\t\t\t\t<h2 class=\"elementor-heading-title elementor-size-default\">IOMFT ofer\u0103 speciali\u0219tilor instrumente concrete, protocoale validate \u0219i o viziune comun\u0103:<\/h2>\t\t\t\t<\/div>\n\t\t\t\t<\/div>\n\t\t\t\t\t<\/div>\n\t\t\t\t<\/div>\n\t\t<div class=\"elementor-element elementor-element-c45fb48 e-flex e-con-boxed e-con e-parent\" data-id=\"c45fb48\" data-element_type=\"container\">\n\t\t\t\t\t<div class=\"e-con-inner\">\n\t\t\t\t<div class=\"elementor-element elementor-element-4f4bbe9 elementor-widget elementor-widget-text-editor\" data-id=\"4f4bbe9\" data-element_type=\"widget\" data-widget_type=\"text-editor.default\">\n\t\t\t\t<div class=\"elementor-widget-container\">\n\t\t\t\t\t\t\t\t\t<ul><li>S\u0103 abord\u0103m cauzele, nu consecin\u021bele.<\/li><li>S\u0103 construim o re\u021bea na\u021bional\u0103 de exper\u021bi care \u0219tiu s\u0103 previn\u0103, s\u0103 intercepteze \u0219i s\u0103 ghideze dezvoltarea func\u021bional\u0103 a omului \u2013 din primele luni de via\u021b\u0103 p\u00e2n\u0103 la maturitate.<\/li><\/ul>\t\t\t\t\t\t\t\t<\/div>\n\t\t\t\t<\/div>\n\t\t\t\t\t<\/div>\n\t\t\t\t<\/div>\n\t\t<div class=\"elementor-element elementor-element-9c855bf e-flex e-con-boxed e-con e-parent\" data-id=\"9c855bf\" data-element_type=\"container\">\n\t\t\t\t\t<div class=\"e-con-inner\">\n\t\t\t\t<div class=\"elementor-element elementor-element-1f4f789 elementor-widget elementor-widget-heading\" data-id=\"1f4f789\" data-element_type=\"widget\" data-widget_type=\"heading.default\">\n\t\t\t\t<div class=\"elementor-widget-container\">\n\t\t\t\t\t<h2 class=\"elementor-heading-title elementor-size-default\">Cine suntem?<\/h2>\t\t\t\t<\/div>\n\t\t\t\t<\/div>\n\t\t\t\t\t<\/div>\n\t\t\t\t<\/div>\n\t\t<div class=\"elementor-element elementor-element-5709918 e-flex e-con-boxed e-con e-parent\" data-id=\"5709918\" data-element_type=\"container\">\n\t\t\t\t\t<div class=\"e-con-inner\">\n\t\t\t\t<div class=\"elementor-element elementor-element-5e52110 elementor-widget elementor-widget-text-editor\" data-id=\"5e52110\" data-element_type=\"widget\" data-widget_type=\"text-editor.default\">\n\t\t\t\t<div class=\"elementor-widget-container\">\n\t\t\t\t\t\t\t\t\t<p>Suntem medici, terapeu\u021bi, logopezi, kinetoterapeu\u021bi, osteopa\u021bi, nutri\u021bioni\u0219ti, psihologi \u0219i educatori care au \u00een\u021beles acela\u0219i lucru:<\/p>\t\t\t\t\t\t\t\t<\/div>\n\t\t\t\t<\/div>\n\t\t\t\t\t<\/div>\n\t\t\t\t<\/div>\n\t\t<div class=\"elementor-element elementor-element-596ae89 e-flex e-con-boxed e-con e-parent\" data-id=\"596ae89\" data-element_type=\"container\">\n\t\t\t\t\t<div class=\"e-con-inner\">\n\t\t\t\t<div class=\"elementor-element elementor-element-68e46ce elementor-widget elementor-widget-text-editor\" data-id=\"68e46ce\" data-element_type=\"widget\" data-widget_type=\"text-editor.default\">\n\t\t\t\t<div class=\"elementor-widget-container\">\n\t\t\t\t\t\t\t\t\t<p><strong>nu exist\u0103 tratament complet f\u0103r\u0103 func\u021bie echilibrat\u0103.<\/strong><\/p><p><strong>La IOMFT, nu concur\u0103m. Colabor\u0103m.<\/strong><\/p>\t\t\t\t\t\t\t\t<\/div>\n\t\t\t\t<\/div>\n\t\t\t\t\t<\/div>\n\t\t\t\t<\/div>\n\t\t<div class=\"elementor-element elementor-element-67b74d4 e-flex e-con-boxed e-con e-parent\" data-id=\"67b74d4\" data-element_type=\"container\">\n\t\t\t\t\t<div class=\"e-con-inner\">\n\t\t\t\t<div class=\"elementor-element elementor-element-79cee21 elementor-widget elementor-widget-text-editor\" data-id=\"79cee21\" data-element_type=\"widget\" data-widget_type=\"text-editor.default\">\n\t\t\t\t<div class=\"elementor-widget-container\">\n\t\t\t\t\t\t\t\t\t<p>Nu urm\u0103m protocoale fixe, ci \u00eenv\u0103\u021b\u0103m s\u0103 privim biologic, dinamic, interdisciplinar.<\/p><p>Ne une\u0219te aceea\u0219i misiune \u2013 s\u0103 readucem respira\u021bia, postura \u0219i echilibrul \u00een centrul medicinei moderne.<\/p>\t\t\t\t\t\t\t\t<\/div>\n\t\t\t\t<\/div>\n\t\t\t\t\t<\/div>\n\t\t\t\t<\/div>\n\t\t<div class=\"elementor-element elementor-element-6052ec8 e-flex e-con-boxed e-con e-parent\" data-id=\"6052ec8\" data-element_type=\"container\">\n\t\t\t\t\t<div class=\"e-con-inner\">\n\t\t\t\t<div class=\"elementor-element elementor-element-e8b734c elementor-widget elementor-widget-heading\" data-id=\"e8b734c\" data-element_type=\"widget\" data-widget_type=\"heading.default\">\n\t\t\t\t<div class=\"elementor-widget-container\">\n\t\t\t\t\t<h2 class=\"elementor-heading-title elementor-size-default\">De ce acum?<\/h2>\t\t\t\t<\/div>\n\t\t\t\t<\/div>\n\t\t\t\t\t<\/div>\n\t\t\t\t<\/div>\n\t\t<div class=\"elementor-element elementor-element-b71ed81 e-flex e-con-boxed e-con e-parent\" data-id=\"b71ed81\" data-element_type=\"container\">\n\t\t\t\t\t<div class=\"e-con-inner\">\n\t\t\t\t<div class=\"elementor-element elementor-element-94e36ee elementor-widget elementor-widget-text-editor\" data-id=\"94e36ee\" data-element_type=\"widget\" data-widget_type=\"text-editor.default\">\n\t\t\t\t<div class=\"elementor-widget-container\">\n\t\t\t\t\t\t\t\t\t<ul><li>Pentru c\u0103 preven\u021bia nu mai poate a\u0219tepta.<\/li><li>Pentru c\u0103 genera\u021biile care vin merit\u0103 o alt\u0103 abordare: mai uman\u0103, mai \u0219tiin\u021bific\u0103, mai complet\u0103.<\/li><li>Pentru c\u0103 fiecare specialist care se al\u0103tur\u0103 IOMFT devine parte dintr-un proiect na\u021bional \u2013 un sistem care va pune Rom\u00e2nia pe harta mondial\u0103 a medicinei func\u021bionale \u0219i miofunc\u021bionale.<\/li><\/ul>\t\t\t\t\t\t\t\t<\/div>\n\t\t\t\t<\/div>\n\t\t\t\t\t<\/div>\n\t\t\t\t<\/div>\n\t\t<div class=\"elementor-element elementor-element-5a5bde8 e-flex e-con-boxed e-con e-parent\" data-id=\"5a5bde8\" data-element_type=\"container\">\n\t\t\t\t\t<div class=\"e-con-inner\">\n\t\t\t\t<div class=\"elementor-element elementor-element-41bf0fa elementor-widget elementor-widget-heading\" data-id=\"41bf0fa\" data-element_type=\"widget\" data-widget_type=\"heading.default\">\n\t\t\t\t<div class=\"elementor-widget-container\">\n\t\t\t\t\t<h2 class=\"elementor-heading-title elementor-size-default\">Te-am convins?<\/h2>\t\t\t\t<\/div>\n\t\t\t\t<\/div>\n\t\t\t\t\t<\/div>\n\t\t\t\t<\/div>\n\t\t<div class=\"elementor-element elementor-element-a727818 e-flex e-con-boxed e-con e-parent\" data-id=\"a727818\" data-element_type=\"container\">\n\t\t\t\t\t<div class=\"e-con-inner\">\n\t\t\t\t<div class=\"elementor-element elementor-element-0cd7b39 elementor-widget elementor-widget-text-editor\" data-id=\"0cd7b39\" data-element_type=\"widget\" data-widget_type=\"text-editor.default\">\n\t\t\t\t<div class=\"elementor-widget-container\">\n\t\t\t\t\t\t\t\t\t<p><strong>Dac\u0103 sim\u021bi c\u0103 medicina \u00een care ai fost format nu mai e suficient\u0103, dac\u0103 vrei s\u0103 \u00een\u021belegi leg\u0103turile ascunse dintre respira\u021bie, somn, postur\u0103 \u0219i dezvoltare, muschii fetei si restul corpului, dac\u0103 vrei s\u0103 faci parte dintr-o mi\u0219care care schimb\u0103 viitorul s\u0103n\u0103t\u0103\u021bii copiilor \u0219i adul\u021bilor &#8211; atunci locul t\u0103u este aici.<\/strong><\/p><p><strong>\u00cen IOMFT.<\/strong><\/p><p><strong>Unde \u00eenv\u0103\u021b\u0103m \u00eempreun\u0103 cum se vindec\u0103 lumea \u2014 \u00eencep\u00e2nd cu respira\u021bia.<\/strong><\/p>\t\t\t\t\t\t\t\t<\/div>\n\t\t\t\t<\/div>\n\t\t\t\t\t<\/div>\n\t\t\t\t<\/div>\n\t\t\t\t<\/div>\n\t\t","protected":false},"excerpt":{"rendered":"<p>Cum colabor\u0103m \u00cen Rom\u00e2nia se contureaz\u0103 o nou\u0103 hart\u0103 medical\u0103 \u2013 una \u00een care respira\u021bia, func\u021bia \u0219i forma \u00ee\u0219i recap\u0103t\u0103 locul firesc \u00een centrul s\u0103n\u0103t\u0103\u021bii. Aceast\u0103 hart\u0103 poart\u0103 un nume: IOMFT \u2013 Institutul de Ortoposturologie \u0219i Terapie Oro-Facial\u0103 Miofunc\u021bional\u0103. Un mesaj pentru speciali\u0219ti de la IOMFT F\u0103 parte din schimbarea care redefine\u0219te s\u0103n\u0103tatea uman\u0103. \u00cen &hellip; <\/p>\n<p class=\"link-more\"><a href=\"https:\/\/www.iomft.ro\/index.php\/cum-colaboram\/\" class=\"more-link\">Continue reading<span class=\"screen-reader-text\"> &#8222;Cum colabor\u0103m&#8221;<\/span><\/a><\/p>\n","protected":false},"author":1,"featured_media":0,"parent":0,"menu_order":0,"comment_status":"closed","ping_status":"closed","template":"","meta":{"_acf_changed":false,"footnotes":""},"class_list":["post-1077","page","type-page","status-publish","hentry"],"acf":[],"yoast_head":"<!-- This site is optimized with the Yoast SEO plugin v27.3 - https:\/\/yoast.com\/product\/yoast-seo-wordpress\/ -->\n<title>Cum colabor\u0103m - IOMFT<\/title>\n<meta name=\"robots\" content=\"index, follow, max-snippet:-1, max-image-preview:large, max-video-preview:-1\" \/>\n<link rel=\"canonical\" href=\"https:\/\/www.iomft.ro\/index.php\/cum-colaboram\/\" \/>\n<meta property=\"og:locale\" content=\"ro_RO\" \/>\n<meta property=\"og:type\" content=\"article\" \/>\n<meta property=\"og:title\" content=\"Cum colabor\u0103m - IOMFT\" \/>\n<meta property=\"og:description\" content=\"Cum colabor\u0103m \u00cen Rom\u00e2nia se contureaz\u0103 o nou\u0103 hart\u0103 medical\u0103 \u2013 una \u00een care respira\u021bia, func\u021bia \u0219i forma \u00ee\u0219i recap\u0103t\u0103 locul firesc \u00een centrul s\u0103n\u0103t\u0103\u021bii. Aceast\u0103 hart\u0103 poart\u0103 un nume: IOMFT \u2013 Institutul de Ortoposturologie \u0219i Terapie Oro-Facial\u0103 Miofunc\u021bional\u0103. Un mesaj pentru speciali\u0219ti de la IOMFT F\u0103 parte din schimbarea care redefine\u0219te s\u0103n\u0103tatea uman\u0103. \u00cen &hellip; Continue reading &quot;Cum colabor\u0103m&quot;\" \/>\n<meta property=\"og:url\" content=\"https:\/\/www.iomft.ro\/index.php\/cum-colaboram\/\" \/>\n<meta property=\"og:site_name\" content=\"IOMFT\" \/>\n<meta property=\"article:modified_time\" content=\"2026-02-26T12:01:50+00:00\" \/>\n<meta name=\"twitter:card\" content=\"summary_large_image\" \/>\n<meta name=\"twitter:label1\" content=\"Timp estimat pentru citire\" \/>\n\t<meta name=\"twitter:data1\" content=\"3 minute\" \/>\n<script type=\"application\/ld+json\" class=\"yoast-schema-graph\">{\"@context\":\"https:\\\/\\\/schema.org\",\"@graph\":[{\"@type\":\"WebPage\",\"@id\":\"https:\\\/\\\/www.iomft.ro\\\/index.php\\\/cum-colaboram\\\/\",\"url\":\"https:\\\/\\\/www.iomft.ro\\\/index.php\\\/cum-colaboram\\\/\",\"name\":\"Cum colabor\u0103m - IOMFT\",\"isPartOf\":{\"@id\":\"https:\\\/\\\/www.iomft.ro\\\/#website\"},\"datePublished\":\"2025-10-31T12:31:39+00:00\",\"dateModified\":\"2026-02-26T12:01:50+00:00\",\"breadcrumb\":{\"@id\":\"https:\\\/\\\/www.iomft.ro\\\/index.php\\\/cum-colaboram\\\/#breadcrumb\"},\"inLanguage\":\"ro-RO\",\"potentialAction\":[{\"@type\":\"ReadAction\",\"target\":[\"https:\\\/\\\/www.iomft.ro\\\/index.php\\\/cum-colaboram\\\/\"]}]},{\"@type\":\"BreadcrumbList\",\"@id\":\"https:\\\/\\\/www.iomft.ro\\\/index.php\\\/cum-colaboram\\\/#breadcrumb\",\"itemListElement\":[{\"@type\":\"ListItem\",\"position\":1,\"name\":\"Home\",\"item\":\"https:\\\/\\\/www.iomft.ro\\\/\"},{\"@type\":\"ListItem\",\"position\":2,\"name\":\"Cum colabor\u0103m\"}]},{\"@type\":\"WebSite\",\"@id\":\"https:\\\/\\\/www.iomft.ro\\\/#website\",\"url\":\"https:\\\/\\\/www.iomft.ro\\\/\",\"name\":\"IOMFT\",\"description\":\"\",\"publisher\":{\"@id\":\"https:\\\/\\\/www.iomft.ro\\\/#organization\"},\"potentialAction\":[{\"@type\":\"SearchAction\",\"target\":{\"@type\":\"EntryPoint\",\"urlTemplate\":\"https:\\\/\\\/www.iomft.ro\\\/?s={search_term_string}\"},\"query-input\":{\"@type\":\"PropertyValueSpecification\",\"valueRequired\":true,\"valueName\":\"search_term_string\"}}],\"inLanguage\":\"ro-RO\"},{\"@type\":\"Organization\",\"@id\":\"https:\\\/\\\/www.iomft.ro\\\/#organization\",\"name\":\"IOMFT\",\"url\":\"https:\\\/\\\/www.iomft.ro\\\/\",\"logo\":{\"@type\":\"ImageObject\",\"inLanguage\":\"ro-RO\",\"@id\":\"https:\\\/\\\/www.iomft.ro\\\/#\\\/schema\\\/logo\\\/image\\\/\",\"url\":\"https:\\\/\\\/www.iomft.ro\\\/wp-content\\\/uploads\\\/2024\\\/09\\\/cropped-logo@2x.png\",\"contentUrl\":\"https:\\\/\\\/www.iomft.ro\\\/wp-content\\\/uploads\\\/2024\\\/09\\\/cropped-logo@2x.png\",\"width\":1000,\"height\":250,\"caption\":\"IOMFT\"},\"image\":{\"@id\":\"https:\\\/\\\/www.iomft.ro\\\/#\\\/schema\\\/logo\\\/image\\\/\"}}]}<\/script>\n<!-- \/ Yoast SEO plugin. -->","yoast_head_json":{"title":"Cum colabor\u0103m - IOMFT","robots":{"index":"index","follow":"follow","max-snippet":"max-snippet:-1","max-image-preview":"max-image-preview:large","max-video-preview":"max-video-preview:-1"},"canonical":"https:\/\/www.iomft.ro\/index.php\/cum-colaboram\/","og_locale":"ro_RO","og_type":"article","og_title":"Cum colabor\u0103m - IOMFT","og_description":"Cum colabor\u0103m \u00cen Rom\u00e2nia se contureaz\u0103 o nou\u0103 hart\u0103 medical\u0103 \u2013 una \u00een care respira\u021bia, func\u021bia \u0219i forma \u00ee\u0219i recap\u0103t\u0103 locul firesc \u00een centrul s\u0103n\u0103t\u0103\u021bii. Aceast\u0103 hart\u0103 poart\u0103 un nume: IOMFT \u2013 Institutul de Ortoposturologie \u0219i Terapie Oro-Facial\u0103 Miofunc\u021bional\u0103. Un mesaj pentru speciali\u0219ti de la IOMFT F\u0103 parte din schimbarea care redefine\u0219te s\u0103n\u0103tatea uman\u0103. \u00cen &hellip; Continue reading \"Cum colabor\u0103m\"","og_url":"https:\/\/www.iomft.ro\/index.php\/cum-colaboram\/","og_site_name":"IOMFT","article_modified_time":"2026-02-26T12:01:50+00:00","twitter_card":"summary_large_image","twitter_misc":{"Timp estimat pentru citire":"3 minute"},"schema":{"@context":"https:\/\/schema.org","@graph":[{"@type":"WebPage","@id":"https:\/\/www.iomft.ro\/index.php\/cum-colaboram\/","url":"https:\/\/www.iomft.ro\/index.php\/cum-colaboram\/","name":"Cum colabor\u0103m - IOMFT","isPartOf":{"@id":"https:\/\/www.iomft.ro\/#website"},"datePublished":"2025-10-31T12:31:39+00:00","dateModified":"2026-02-26T12:01:50+00:00","breadcrumb":{"@id":"https:\/\/www.iomft.ro\/index.php\/cum-colaboram\/#breadcrumb"},"inLanguage":"ro-RO","potentialAction":[{"@type":"ReadAction","target":["https:\/\/www.iomft.ro\/index.php\/cum-colaboram\/"]}]},{"@type":"BreadcrumbList","@id":"https:\/\/www.iomft.ro\/index.php\/cum-colaboram\/#breadcrumb","itemListElement":[{"@type":"ListItem","position":1,"name":"Home","item":"https:\/\/www.iomft.ro\/"},{"@type":"ListItem","position":2,"name":"Cum colabor\u0103m"}]},{"@type":"WebSite","@id":"https:\/\/www.iomft.ro\/#website","url":"https:\/\/www.iomft.ro\/","name":"IOMFT","description":"","publisher":{"@id":"https:\/\/www.iomft.ro\/#organization"},"potentialAction":[{"@type":"SearchAction","target":{"@type":"EntryPoint","urlTemplate":"https:\/\/www.iomft.ro\/?s={search_term_string}"},"query-input":{"@type":"PropertyValueSpecification","valueRequired":true,"valueName":"search_term_string"}}],"inLanguage":"ro-RO"},{"@type":"Organization","@id":"https:\/\/www.iomft.ro\/#organization","name":"IOMFT","url":"https:\/\/www.iomft.ro\/","logo":{"@type":"ImageObject","inLanguage":"ro-RO","@id":"https:\/\/www.iomft.ro\/#\/schema\/logo\/image\/","url":"https:\/\/www.iomft.ro\/wp-content\/uploads\/2024\/09\/cropped-logo@2x.png","contentUrl":"https:\/\/www.iomft.ro\/wp-content\/uploads\/2024\/09\/cropped-logo@2x.png","width":1000,"height":250,"caption":"IOMFT"},"image":{"@id":"https:\/\/www.iomft.ro\/#\/schema\/logo\/image\/"}}]}},"jetpack_sharing_enabled":true,"_links":{"self":[{"href":"https:\/\/www.iomft.ro\/index.php\/wp-json\/wp\/v2\/pages\/1077","targetHints":{"allow":["GET"]}}],"collection":[{"href":"https:\/\/www.iomft.ro\/index.php\/wp-json\/wp\/v2\/pages"}],"about":[{"href":"https:\/\/www.iomft.ro\/index.php\/wp-json\/wp\/v2\/types\/page"}],"author":[{"embeddable":true,"href":"https:\/\/www.iomft.ro\/index.php\/wp-json\/wp\/v2\/users\/1"}],"replies":[{"embeddable":true,"href":"https:\/\/www.iomft.ro\/index.php\/wp-json\/wp\/v2\/comments?post=1077"}],"version-history":[{"count":23,"href":"https:\/\/www.iomft.ro\/index.php\/wp-json\/wp\/v2\/pages\/1077\/revisions"}],"predecessor-version":[{"id":1914,"href":"https:\/\/www.iomft.ro\/index.php\/wp-json\/wp\/v2\/pages\/1077\/revisions\/1914"}],"wp:attachment":[{"href":"https:\/\/www.iomft.ro\/index.php\/wp-json\/wp\/v2\/media?parent=1077"}],"curies":[{"name":"wp","href":"https:\/\/api.w.org\/{rel}","templated":true}]}}