{"id":1552,"date":"2026-02-03T21:45:18","date_gmt":"2026-02-03T21:45:18","guid":{"rendered":"https:\/\/www.iomft.ro\/?page_id=1552"},"modified":"2026-02-26T12:09:42","modified_gmt":"2026-02-26T12:09:42","slug":"cursuri","status":"publish","type":"page","link":"https:\/\/www.iomft.ro\/index.php\/cursuri\/","title":{"rendered":"Cursuri"},"content":{"rendered":"\t\t<div data-elementor-type=\"wp-page\" data-elementor-id=\"1552\" class=\"elementor elementor-1552\">\n\t\t\t\t<div class=\"elementor-element elementor-element-44747a7 e-flex e-con-boxed e-con e-parent\" data-id=\"44747a7\" data-element_type=\"container\" id=\"header_top\" data-settings=\"{&quot;background_background&quot;:&quot;classic&quot;}\">\n\t\t\t\t\t<div class=\"e-con-inner\">\n\t\t\t\t<div class=\"elementor-element elementor-element-4382a23 home_intro elementor-widget elementor-widget-heading\" data-id=\"4382a23\" data-element_type=\"widget\" data-widget_type=\"heading.default\">\n\t\t\t\t<div class=\"elementor-widget-container\">\n\t\t\t\t\t<h2 class=\"elementor-heading-title elementor-size-default\">Cursuri<\/h2>\t\t\t\t<\/div>\n\t\t\t\t<\/div>\n\t\t\t\t\t<\/div>\n\t\t\t\t<\/div>\n\t\t<div class=\"elementor-element elementor-element-65f495a e-flex e-con-boxed e-con e-parent\" data-id=\"65f495a\" data-element_type=\"container\" data-settings=\"{&quot;background_background&quot;:&quot;classic&quot;}\">\n\t\t\t\t\t<div class=\"e-con-inner\">\n\t\t\t\t<div class=\"elementor-element elementor-element-89383f0 elementor-widget elementor-widget-heading\" data-id=\"89383f0\" data-element_type=\"widget\" data-widget_type=\"heading.default\">\n\t\t\t\t<div class=\"elementor-widget-container\">\n\t\t\t\t\t<h2 class=\"elementor-heading-title elementor-size-default\">R\u0103m\u00e2i al\u0103turi de noi pentru a afla care este oferta noastr\u0103 de cursuri specializate din cursul anului 2026.\n<\/h2>\t\t\t\t<\/div>\n\t\t\t\t<\/div>\n\t\t\t\t\t<\/div>\n\t\t\t\t<\/div>\n\t\t<div class=\"elementor-element elementor-element-c90c684 e-flex e-con-boxed e-con e-parent\" data-id=\"c90c684\" data-element_type=\"container\">\n\t\t\t\t\t<div class=\"e-con-inner\">\n\t\t\t\t<div class=\"elementor-element elementor-element-0a0019b elementor-widget elementor-widget-text-editor\" data-id=\"0a0019b\" data-element_type=\"widget\" data-widget_type=\"text-editor.default\">\n\t\t\t\t<div class=\"elementor-widget-container\">\n\t\t\t\t\t\t\t\t\t<p><b>IOMFT <\/b><b>ofer\u0103<\/b> <b>speciali\u0219tilor<\/b> <b>instrumente<\/b><b> concrete, <\/b><b>protocoale<\/b><b> validate \u0219i o <\/b><b>viziune<\/b> <b>comun\u0103<\/b><b>:<\/b><\/p><ul><li>S\u0103 abord\u0103m cauzele, nu consecin\u021bele.<\/li><li>S\u0103 construim o re\u021bea na\u021bional\u0103 de exper\u021bi care \u0219tiu s\u0103 previn\u0103, s\u0103 intercepteze \u0219i s\u0103 ghideze dezvoltarea func\u021bional\u0103 a omului \u2013 din primele luni de via\u021b\u0103 p\u00e2n\u0103 la maturitate.<\/li><\/ul><p><b>\u00ce\u021bi recomand\u0103m s\u0103 \u00ee\u021bi creezi un cont de specialist <\/b><u><b>aici.<\/b><\/u><\/p><p><b>De <\/b><b>ce<\/b> <b>s\u0103<\/b> <b>fii<\/b> <b>parte<\/b><b> din IOMFT?<\/b><\/p><ul><li>Pentru c\u0103 aici \u00eenve\u021bi s\u0103 vezi dincolo de specialitate \u2013 s\u0103 \u00een\u021belegi conexiunea dintre respira\u021bie, postur\u0103, mastica\u021bie, somn \u0219i dezvoltare cranio-facial\u0103.<\/li><li>Pentru c\u0103 ai ocazia s\u0103 colaborezi cu profesioni\u0219ti din ortodon\u021bie, logopedie, pediatrie, ORL, osteopatie, nutri\u021bie, psihologie \u0219i educa\u021bie.<\/li><li>Pentru c\u0103 IOMFT \u00eenseamn\u0103 ac\u021biune timpurie, nu reac\u021bie \u00eent\u00e2rziat\u0103 \u2013 un pas \u00eenainte fa\u021b\u0103 de medicina simptomului.<\/li><li>Pentru c\u0103 aici, formarea nu \u00eenseamn\u0103 doar cursuri \u2013 ci o schimbare de perspectiv\u0103.<\/li><\/ul>\t\t\t\t\t\t\t\t<\/div>\n\t\t\t\t<\/div>\n\t\t\t\t<div class=\"elementor-element elementor-element-e342fb7 elementor-widget__width-initial elementor-widget elementor-widget-text-editor\" data-id=\"e342fb7\" data-element_type=\"widget\" data-widget_type=\"text-editor.default\">\n\t\t\t\t<div class=\"elementor-widget-container\">\n\t\t\t\t\t\t\t\t\t<p><b>De <\/b><b>ce<\/b> <b>s\u0103<\/b> <b>fii<\/b> <b>parte<\/b><b> din IOMFT?<\/b><\/p><ul><li>Pentru c\u0103 aici \u00eenve\u021bi s\u0103 vezi dincolo de specialitate \u2013 s\u0103 \u00een\u021belegi conexiunea dintre respira\u021bie, postur\u0103, mastica\u021bie, somn \u0219i dezvoltare cranio-facial\u0103.<\/li><li>Pentru c\u0103 ai ocazia s\u0103 colaborezi cu profesioni\u0219ti din ortodon\u021bie, logopedie, pediatrie, ORL, osteopatie, nutri\u021bie, psihologie \u0219i educa\u021bie.<\/li><li>Pentru c\u0103 IOMFT \u00eenseamn\u0103 ac\u021biune timpurie, nu reac\u021bie \u00eent\u00e2rziat\u0103 \u2013 un pas \u00eenainte fa\u021b\u0103 de medicina simptomului.<\/li><li>Pentru c\u0103 aici, formarea nu \u00eenseamn\u0103 doar cursuri \u2013 ci o schimbare de perspectiv\u0103.<\/li><\/ul>\t\t\t\t\t\t\t\t<\/div>\n\t\t\t\t<\/div>\n\t\t\t\t\t<\/div>\n\t\t\t\t<\/div>\n\t\t\t\t<\/div>\n\t\t","protected":false},"excerpt":{"rendered":"<p>Cursuri R\u0103m\u00e2i al\u0103turi de noi pentru a afla care este oferta noastr\u0103 de cursuri specializate din cursul anului 2026. IOMFT ofer\u0103 speciali\u0219tilor instrumente concrete, protocoale validate \u0219i o viziune comun\u0103: S\u0103 abord\u0103m cauzele, nu consecin\u021bele. S\u0103 construim o re\u021bea na\u021bional\u0103 de exper\u021bi care \u0219tiu s\u0103 previn\u0103, s\u0103 intercepteze \u0219i s\u0103 ghideze dezvoltarea func\u021bional\u0103 a omului &hellip; <\/p>\n<p class=\"link-more\"><a href=\"https:\/\/www.iomft.ro\/index.php\/cursuri\/\" class=\"more-link\">Continue reading<span class=\"screen-reader-text\"> &#8222;Cursuri&#8221;<\/span><\/a><\/p>\n","protected":false},"author":1,"featured_media":0,"parent":0,"menu_order":0,"comment_status":"closed","ping_status":"closed","template":"","meta":{"_acf_changed":false,"footnotes":""},"class_list":["post-1552","page","type-page","status-publish","hentry"],"acf":[],"yoast_head":"<!-- This site is optimized with the Yoast SEO plugin v27.3 - https:\/\/yoast.com\/product\/yoast-seo-wordpress\/ -->\n<title>Cursuri - IOMFT<\/title>\n<meta name=\"robots\" content=\"index, follow, max-snippet:-1, max-image-preview:large, max-video-preview:-1\" \/>\n<link rel=\"canonical\" href=\"https:\/\/www.iomft.ro\/index.php\/cursuri\/\" \/>\n<meta property=\"og:locale\" content=\"ro_RO\" \/>\n<meta property=\"og:type\" content=\"article\" \/>\n<meta property=\"og:title\" content=\"Cursuri - IOMFT\" \/>\n<meta property=\"og:description\" content=\"Cursuri R\u0103m\u00e2i al\u0103turi de noi pentru a afla care este oferta noastr\u0103 de cursuri specializate din cursul anului 2026. IOMFT ofer\u0103 speciali\u0219tilor instrumente concrete, protocoale validate \u0219i o viziune comun\u0103: S\u0103 abord\u0103m cauzele, nu consecin\u021bele. S\u0103 construim o re\u021bea na\u021bional\u0103 de exper\u021bi care \u0219tiu s\u0103 previn\u0103, s\u0103 intercepteze \u0219i s\u0103 ghideze dezvoltarea func\u021bional\u0103 a omului &hellip; Continue reading &quot;Cursuri&quot;\" \/>\n<meta property=\"og:url\" content=\"https:\/\/www.iomft.ro\/index.php\/cursuri\/\" \/>\n<meta property=\"og:site_name\" content=\"IOMFT\" \/>\n<meta property=\"article:modified_time\" content=\"2026-02-26T12:09:42+00:00\" \/>\n<meta name=\"twitter:card\" content=\"summary_large_image\" \/>\n<meta name=\"twitter:label1\" content=\"Timp estimat pentru citire\" \/>\n\t<meta name=\"twitter:data1\" content=\"2 minute\" \/>\n<script type=\"application\/ld+json\" class=\"yoast-schema-graph\">{\"@context\":\"https:\\\/\\\/schema.org\",\"@graph\":[{\"@type\":\"WebPage\",\"@id\":\"https:\\\/\\\/www.iomft.ro\\\/index.php\\\/cursuri\\\/\",\"url\":\"https:\\\/\\\/www.iomft.ro\\\/index.php\\\/cursuri\\\/\",\"name\":\"Cursuri - IOMFT\",\"isPartOf\":{\"@id\":\"https:\\\/\\\/www.iomft.ro\\\/#website\"},\"datePublished\":\"2026-02-03T21:45:18+00:00\",\"dateModified\":\"2026-02-26T12:09:42+00:00\",\"breadcrumb\":{\"@id\":\"https:\\\/\\\/www.iomft.ro\\\/index.php\\\/cursuri\\\/#breadcrumb\"},\"inLanguage\":\"ro-RO\",\"potentialAction\":[{\"@type\":\"ReadAction\",\"target\":[\"https:\\\/\\\/www.iomft.ro\\\/index.php\\\/cursuri\\\/\"]}]},{\"@type\":\"BreadcrumbList\",\"@id\":\"https:\\\/\\\/www.iomft.ro\\\/index.php\\\/cursuri\\\/#breadcrumb\",\"itemListElement\":[{\"@type\":\"ListItem\",\"position\":1,\"name\":\"Home\",\"item\":\"https:\\\/\\\/www.iomft.ro\\\/\"},{\"@type\":\"ListItem\",\"position\":2,\"name\":\"Cursuri\"}]},{\"@type\":\"WebSite\",\"@id\":\"https:\\\/\\\/www.iomft.ro\\\/#website\",\"url\":\"https:\\\/\\\/www.iomft.ro\\\/\",\"name\":\"IOMFT\",\"description\":\"\",\"publisher\":{\"@id\":\"https:\\\/\\\/www.iomft.ro\\\/#organization\"},\"potentialAction\":[{\"@type\":\"SearchAction\",\"target\":{\"@type\":\"EntryPoint\",\"urlTemplate\":\"https:\\\/\\\/www.iomft.ro\\\/?s={search_term_string}\"},\"query-input\":{\"@type\":\"PropertyValueSpecification\",\"valueRequired\":true,\"valueName\":\"search_term_string\"}}],\"inLanguage\":\"ro-RO\"},{\"@type\":\"Organization\",\"@id\":\"https:\\\/\\\/www.iomft.ro\\\/#organization\",\"name\":\"IOMFT\",\"url\":\"https:\\\/\\\/www.iomft.ro\\\/\",\"logo\":{\"@type\":\"ImageObject\",\"inLanguage\":\"ro-RO\",\"@id\":\"https:\\\/\\\/www.iomft.ro\\\/#\\\/schema\\\/logo\\\/image\\\/\",\"url\":\"https:\\\/\\\/www.iomft.ro\\\/wp-content\\\/uploads\\\/2024\\\/09\\\/cropped-logo@2x.png\",\"contentUrl\":\"https:\\\/\\\/www.iomft.ro\\\/wp-content\\\/uploads\\\/2024\\\/09\\\/cropped-logo@2x.png\",\"width\":1000,\"height\":250,\"caption\":\"IOMFT\"},\"image\":{\"@id\":\"https:\\\/\\\/www.iomft.ro\\\/#\\\/schema\\\/logo\\\/image\\\/\"}}]}<\/script>\n<!-- \/ Yoast SEO plugin. -->","yoast_head_json":{"title":"Cursuri - IOMFT","robots":{"index":"index","follow":"follow","max-snippet":"max-snippet:-1","max-image-preview":"max-image-preview:large","max-video-preview":"max-video-preview:-1"},"canonical":"https:\/\/www.iomft.ro\/index.php\/cursuri\/","og_locale":"ro_RO","og_type":"article","og_title":"Cursuri - IOMFT","og_description":"Cursuri R\u0103m\u00e2i al\u0103turi de noi pentru a afla care este oferta noastr\u0103 de cursuri specializate din cursul anului 2026. IOMFT ofer\u0103 speciali\u0219tilor instrumente concrete, protocoale validate \u0219i o viziune comun\u0103: S\u0103 abord\u0103m cauzele, nu consecin\u021bele. S\u0103 construim o re\u021bea na\u021bional\u0103 de exper\u021bi care \u0219tiu s\u0103 previn\u0103, s\u0103 intercepteze \u0219i s\u0103 ghideze dezvoltarea func\u021bional\u0103 a omului &hellip; Continue reading \"Cursuri\"","og_url":"https:\/\/www.iomft.ro\/index.php\/cursuri\/","og_site_name":"IOMFT","article_modified_time":"2026-02-26T12:09:42+00:00","twitter_card":"summary_large_image","twitter_misc":{"Timp estimat pentru citire":"2 minute"},"schema":{"@context":"https:\/\/schema.org","@graph":[{"@type":"WebPage","@id":"https:\/\/www.iomft.ro\/index.php\/cursuri\/","url":"https:\/\/www.iomft.ro\/index.php\/cursuri\/","name":"Cursuri - IOMFT","isPartOf":{"@id":"https:\/\/www.iomft.ro\/#website"},"datePublished":"2026-02-03T21:45:18+00:00","dateModified":"2026-02-26T12:09:42+00:00","breadcrumb":{"@id":"https:\/\/www.iomft.ro\/index.php\/cursuri\/#breadcrumb"},"inLanguage":"ro-RO","potentialAction":[{"@type":"ReadAction","target":["https:\/\/www.iomft.ro\/index.php\/cursuri\/"]}]},{"@type":"BreadcrumbList","@id":"https:\/\/www.iomft.ro\/index.php\/cursuri\/#breadcrumb","itemListElement":[{"@type":"ListItem","position":1,"name":"Home","item":"https:\/\/www.iomft.ro\/"},{"@type":"ListItem","position":2,"name":"Cursuri"}]},{"@type":"WebSite","@id":"https:\/\/www.iomft.ro\/#website","url":"https:\/\/www.iomft.ro\/","name":"IOMFT","description":"","publisher":{"@id":"https:\/\/www.iomft.ro\/#organization"},"potentialAction":[{"@type":"SearchAction","target":{"@type":"EntryPoint","urlTemplate":"https:\/\/www.iomft.ro\/?s={search_term_string}"},"query-input":{"@type":"PropertyValueSpecification","valueRequired":true,"valueName":"search_term_string"}}],"inLanguage":"ro-RO"},{"@type":"Organization","@id":"https:\/\/www.iomft.ro\/#organization","name":"IOMFT","url":"https:\/\/www.iomft.ro\/","logo":{"@type":"ImageObject","inLanguage":"ro-RO","@id":"https:\/\/www.iomft.ro\/#\/schema\/logo\/image\/","url":"https:\/\/www.iomft.ro\/wp-content\/uploads\/2024\/09\/cropped-logo@2x.png","contentUrl":"https:\/\/www.iomft.ro\/wp-content\/uploads\/2024\/09\/cropped-logo@2x.png","width":1000,"height":250,"caption":"IOMFT"},"image":{"@id":"https:\/\/www.iomft.ro\/#\/schema\/logo\/image\/"}}]}},"jetpack_sharing_enabled":true,"_links":{"self":[{"href":"https:\/\/www.iomft.ro\/index.php\/wp-json\/wp\/v2\/pages\/1552","targetHints":{"allow":["GET"]}}],"collection":[{"href":"https:\/\/www.iomft.ro\/index.php\/wp-json\/wp\/v2\/pages"}],"about":[{"href":"https:\/\/www.iomft.ro\/index.php\/wp-json\/wp\/v2\/types\/page"}],"author":[{"embeddable":true,"href":"https:\/\/www.iomft.ro\/index.php\/wp-json\/wp\/v2\/users\/1"}],"replies":[{"embeddable":true,"href":"https:\/\/www.iomft.ro\/index.php\/wp-json\/wp\/v2\/comments?post=1552"}],"version-history":[{"count":13,"href":"https:\/\/www.iomft.ro\/index.php\/wp-json\/wp\/v2\/pages\/1552\/revisions"}],"predecessor-version":[{"id":1938,"href":"https:\/\/www.iomft.ro\/index.php\/wp-json\/wp\/v2\/pages\/1552\/revisions\/1938"}],"wp:attachment":[{"href":"https:\/\/www.iomft.ro\/index.php\/wp-json\/wp\/v2\/media?parent=1552"}],"curies":[{"name":"wp","href":"https:\/\/api.w.org\/{rel}","templated":true}]}}