{"id":1587,"date":"2026-02-04T17:46:07","date_gmt":"2026-02-04T17:46:07","guid":{"rendered":"https:\/\/www.iomft.ro\/?page_id=1587"},"modified":"2026-02-26T12:13:44","modified_gmt":"2026-02-26T12:13:44","slug":"ortodontie-pedodontie","status":"publish","type":"page","link":"https:\/\/www.iomft.ro\/index.php\/ortodontie-pedodontie\/","title":{"rendered":"Ortodon\u021bie-pedodon\u021bie"},"content":{"rendered":"\t\t<div data-elementor-type=\"wp-page\" data-elementor-id=\"1587\" class=\"elementor elementor-1587\">\n\t\t\t\t<div class=\"elementor-element elementor-element-44747a7 header_blue e-flex e-con-boxed e-con e-parent\" data-id=\"44747a7\" data-element_type=\"container\" id=\"header_top\" data-settings=\"{&quot;background_background&quot;:&quot;classic&quot;}\">\n\t\t\t\t\t<div class=\"e-con-inner\">\n\t\t\t\t<div class=\"elementor-element elementor-element-4382a23 home_intro elementor-widget elementor-widget-heading\" data-id=\"4382a23\" data-element_type=\"widget\" data-widget_type=\"heading.default\">\n\t\t\t\t<div class=\"elementor-widget-container\">\n\t\t\t\t\t<h2 class=\"elementor-heading-title elementor-size-default\">Ortodon\u021bie-pedodon\u021bie<\/h2>\t\t\t\t<\/div>\n\t\t\t\t<\/div>\n\t\t\t\t\t<\/div>\n\t\t\t\t<\/div>\n\t\t<div class=\"elementor-element elementor-element-bbe1ca9 e-flex e-con-boxed e-con e-parent\" data-id=\"bbe1ca9\" data-element_type=\"container\">\n\t\t\t\t\t<div class=\"e-con-inner\">\n\t\t\t\t<div class=\"elementor-element elementor-element-747bfc1 elementor-widget elementor-widget-text-editor\" data-id=\"747bfc1\" data-element_type=\"widget\" data-widget_type=\"text-editor.default\">\n\t\t\t\t<div class=\"elementor-widget-container\">\n\t\t\t\t\t\t\t\t\t<p class=\"x_MsoNormal\" data-olk-copy-source=\"MessageBody\">\u00cen practica stomatologic\u0103 actual\u0103, componenta estetic\u0103 reprezint\u0103 o a\u0219teptare fireasc\u0103 din partea pacientului, iar medicul dentist indiferent de specialitate, este frecvent evaluat prin prisma rezultatului vizual imediat.<\/p><p class=\"x_MsoNormal\">\u00cen cazul pacientului pediatric, gestionarea urgen\u021belor pedodontice reprezint\u0103 uneori primul \u0219i, din p\u0103cate, ultimul serviciu oferit, \u00een absen\u021ba unei evalu\u0103ri func\u021bionale \u0219i a unei analize a proceselor de cre\u0219tere \u0219i dezvoltare.<\/p><p class=\"x_MsoNormal\">Din perspectiv\u0103 ortodontic\u0103, a\u0219teptarea pasiv\u0103 a erup\u021biei denti\u021biei permanente poate conduce la ignorarea unor ferestre optime de interven\u021bie, perioade \u00een care mecanica \u0219i aplicarea controlat\u0103 a for\u021belor ortodontice pot ghida cre\u0219terea, mai degrab\u0103 dec\u00e2t s\u0103 corecteze tardiv dezechilibre deja instalate. \u00cen acest context, tratamentul ortodontic interceptiv \u00een copil\u0103rie are adesea un caracter mai apropiat de ortopedia dento-facial\u0103, dec\u00e2t de o abordare exclusiv estetic\u0103.<\/p><p class=\"x_MsoNormal\">Responsabilitatea profesional\u0103 \u0219i etic\u0103 a medicului dentist dep\u0103\u0219e\u0219te sfera esteticii, \u00een special \u00een primii ani de via\u021b\u0103, av\u00e2nd ca prioritate s\u0103n\u0103tatea general\u0103 pe termen lung \u0219i dezvoltarea armonioas\u0103 a copilului, nu doar din perspectiv\u0103 cranio-facial\u0103 \u0219i dentar\u0103.<\/p><p class=\"x_MsoNormal\">Cursul realizat de catre un pedodont si un ortodont \u00ee\u0219i propune s\u0103 eviden\u021bieze impactul neadres\u0103rii problemelor pedodontice \u0219i ortodontice asupra dezvolt\u0103rii generale \u0219i cranio-faciale a copilului, \u00een contextul afect\u0103rii func\u021biilor oro-faciale esen\u021biale \u0219i al existen\u021bei unor restric\u021bii anatomice \u0219i disfunc\u021bii func\u021bionale. Este subliniat riscul concentr\u0103rii exclusive asupra din\u021bilor, \u00een absen\u021ba unei evalu\u0103ri func\u021bionale \u0219i de cre\u0219tere.<\/p><p class=\"x_MsoNormal\">Dezechilibrele dentare , anomaliile dento-maxilare \u0219i disfunc\u021biile oro-faciale pot aparea \u00a0\u00een timpul copil\u0103riei timpurii.Atunci c\u00e2nd sunt am\u00e2nate, identificate tardiv sau gestionate incorect si incomplet, pot avea consecin\u021be pe termen lung asupra st\u0103rii generale de s\u0103n\u0103tate \u0219i a calit\u0103\u021bii vie\u021bii copilului, dincolo de implica\u021biile estetice \u0219i ocluzale.<\/p><p class=\"x_MsoNormal\">Cursul abordeaz\u0103 rolul pedodontului \u0219i al ortodontului \u00een diagnosticul precoce, preven\u021bie \u0219i ghidarea corect\u0103 a cre\u0219terii \u0219i dezvolt\u0103rii cranio-faciale, promov\u00e2nd o abordare clinic\u0103 responsabil\u0103, bazat\u0103 pe echilibrul dintre estetic\u0103, func\u021bie \u0219i etic\u0103 medical\u0103, precum \u0219i importan\u021ba colabor\u0103rii interdisciplinare \u0219i a interven\u021biei la momentul oportun.<\/p>\t\t\t\t\t\t\t\t<\/div>\n\t\t\t\t<\/div>\n\t\t\t\t\t<\/div>\n\t\t\t\t<\/div>\n\t\t\t\t<\/div>\n\t\t","protected":false},"excerpt":{"rendered":"<p>Ortodon\u021bie-pedodon\u021bie \u00cen practica stomatologic\u0103 actual\u0103, componenta estetic\u0103 reprezint\u0103 o a\u0219teptare fireasc\u0103 din partea pacientului, iar medicul dentist indiferent de specialitate, este frecvent evaluat prin prisma rezultatului vizual imediat. \u00cen cazul pacientului pediatric, gestionarea urgen\u021belor pedodontice reprezint\u0103 uneori primul \u0219i, din p\u0103cate, ultimul serviciu oferit, \u00een absen\u021ba unei evalu\u0103ri func\u021bionale \u0219i a unei analize a proceselor &hellip; <\/p>\n<p class=\"link-more\"><a href=\"https:\/\/www.iomft.ro\/index.php\/ortodontie-pedodontie\/\" class=\"more-link\">Continue reading<span class=\"screen-reader-text\"> &#8222;Ortodon\u021bie-pedodon\u021bie&#8221;<\/span><\/a><\/p>\n","protected":false},"author":1,"featured_media":0,"parent":0,"menu_order":0,"comment_status":"closed","ping_status":"closed","template":"","meta":{"_acf_changed":false,"footnotes":""},"class_list":["post-1587","page","type-page","status-publish","hentry"],"acf":[],"yoast_head":"<!-- This site is optimized with the Yoast SEO plugin v27.3 - https:\/\/yoast.com\/product\/yoast-seo-wordpress\/ -->\n<title>Ortodon\u021bie-pedodon\u021bie - IOMFT<\/title>\n<meta name=\"robots\" content=\"index, follow, max-snippet:-1, max-image-preview:large, max-video-preview:-1\" \/>\n<link rel=\"canonical\" href=\"https:\/\/www.iomft.ro\/index.php\/ortodontie-pedodontie\/\" \/>\n<meta property=\"og:locale\" content=\"ro_RO\" \/>\n<meta property=\"og:type\" content=\"article\" \/>\n<meta property=\"og:title\" content=\"Ortodon\u021bie-pedodon\u021bie - IOMFT\" \/>\n<meta property=\"og:description\" content=\"Ortodon\u021bie-pedodon\u021bie \u00cen practica stomatologic\u0103 actual\u0103, componenta estetic\u0103 reprezint\u0103 o a\u0219teptare fireasc\u0103 din partea pacientului, iar medicul dentist indiferent de specialitate, este frecvent evaluat prin prisma rezultatului vizual imediat. \u00cen cazul pacientului pediatric, gestionarea urgen\u021belor pedodontice reprezint\u0103 uneori primul \u0219i, din p\u0103cate, ultimul serviciu oferit, \u00een absen\u021ba unei evalu\u0103ri func\u021bionale \u0219i a unei analize a proceselor &hellip; Continue reading &quot;Ortodon\u021bie-pedodon\u021bie&quot;\" \/>\n<meta property=\"og:url\" content=\"https:\/\/www.iomft.ro\/index.php\/ortodontie-pedodontie\/\" \/>\n<meta property=\"og:site_name\" content=\"IOMFT\" \/>\n<meta property=\"article:modified_time\" content=\"2026-02-26T12:13:44+00:00\" \/>\n<meta name=\"twitter:card\" content=\"summary_large_image\" \/>\n<meta name=\"twitter:label1\" content=\"Timp estimat pentru citire\" \/>\n\t<meta name=\"twitter:data1\" content=\"2 minute\" \/>\n<script type=\"application\/ld+json\" class=\"yoast-schema-graph\">{\"@context\":\"https:\\\/\\\/schema.org\",\"@graph\":[{\"@type\":\"WebPage\",\"@id\":\"https:\\\/\\\/www.iomft.ro\\\/index.php\\\/ortodontie-pedodontie\\\/\",\"url\":\"https:\\\/\\\/www.iomft.ro\\\/index.php\\\/ortodontie-pedodontie\\\/\",\"name\":\"Ortodon\u021bie-pedodon\u021bie - IOMFT\",\"isPartOf\":{\"@id\":\"https:\\\/\\\/www.iomft.ro\\\/#website\"},\"datePublished\":\"2026-02-04T17:46:07+00:00\",\"dateModified\":\"2026-02-26T12:13:44+00:00\",\"breadcrumb\":{\"@id\":\"https:\\\/\\\/www.iomft.ro\\\/index.php\\\/ortodontie-pedodontie\\\/#breadcrumb\"},\"inLanguage\":\"ro-RO\",\"potentialAction\":[{\"@type\":\"ReadAction\",\"target\":[\"https:\\\/\\\/www.iomft.ro\\\/index.php\\\/ortodontie-pedodontie\\\/\"]}]},{\"@type\":\"BreadcrumbList\",\"@id\":\"https:\\\/\\\/www.iomft.ro\\\/index.php\\\/ortodontie-pedodontie\\\/#breadcrumb\",\"itemListElement\":[{\"@type\":\"ListItem\",\"position\":1,\"name\":\"Home\",\"item\":\"https:\\\/\\\/www.iomft.ro\\\/\"},{\"@type\":\"ListItem\",\"position\":2,\"name\":\"Ortodon\u021bie-pedodon\u021bie\"}]},{\"@type\":\"WebSite\",\"@id\":\"https:\\\/\\\/www.iomft.ro\\\/#website\",\"url\":\"https:\\\/\\\/www.iomft.ro\\\/\",\"name\":\"IOMFT\",\"description\":\"\",\"publisher\":{\"@id\":\"https:\\\/\\\/www.iomft.ro\\\/#organization\"},\"potentialAction\":[{\"@type\":\"SearchAction\",\"target\":{\"@type\":\"EntryPoint\",\"urlTemplate\":\"https:\\\/\\\/www.iomft.ro\\\/?s={search_term_string}\"},\"query-input\":{\"@type\":\"PropertyValueSpecification\",\"valueRequired\":true,\"valueName\":\"search_term_string\"}}],\"inLanguage\":\"ro-RO\"},{\"@type\":\"Organization\",\"@id\":\"https:\\\/\\\/www.iomft.ro\\\/#organization\",\"name\":\"IOMFT\",\"url\":\"https:\\\/\\\/www.iomft.ro\\\/\",\"logo\":{\"@type\":\"ImageObject\",\"inLanguage\":\"ro-RO\",\"@id\":\"https:\\\/\\\/www.iomft.ro\\\/#\\\/schema\\\/logo\\\/image\\\/\",\"url\":\"https:\\\/\\\/www.iomft.ro\\\/wp-content\\\/uploads\\\/2024\\\/09\\\/cropped-logo@2x.png\",\"contentUrl\":\"https:\\\/\\\/www.iomft.ro\\\/wp-content\\\/uploads\\\/2024\\\/09\\\/cropped-logo@2x.png\",\"width\":1000,\"height\":250,\"caption\":\"IOMFT\"},\"image\":{\"@id\":\"https:\\\/\\\/www.iomft.ro\\\/#\\\/schema\\\/logo\\\/image\\\/\"}}]}<\/script>\n<!-- \/ Yoast SEO plugin. -->","yoast_head_json":{"title":"Ortodon\u021bie-pedodon\u021bie - IOMFT","robots":{"index":"index","follow":"follow","max-snippet":"max-snippet:-1","max-image-preview":"max-image-preview:large","max-video-preview":"max-video-preview:-1"},"canonical":"https:\/\/www.iomft.ro\/index.php\/ortodontie-pedodontie\/","og_locale":"ro_RO","og_type":"article","og_title":"Ortodon\u021bie-pedodon\u021bie - IOMFT","og_description":"Ortodon\u021bie-pedodon\u021bie \u00cen practica stomatologic\u0103 actual\u0103, componenta estetic\u0103 reprezint\u0103 o a\u0219teptare fireasc\u0103 din partea pacientului, iar medicul dentist indiferent de specialitate, este frecvent evaluat prin prisma rezultatului vizual imediat. \u00cen cazul pacientului pediatric, gestionarea urgen\u021belor pedodontice reprezint\u0103 uneori primul \u0219i, din p\u0103cate, ultimul serviciu oferit, \u00een absen\u021ba unei evalu\u0103ri func\u021bionale \u0219i a unei analize a proceselor &hellip; Continue reading \"Ortodon\u021bie-pedodon\u021bie\"","og_url":"https:\/\/www.iomft.ro\/index.php\/ortodontie-pedodontie\/","og_site_name":"IOMFT","article_modified_time":"2026-02-26T12:13:44+00:00","twitter_card":"summary_large_image","twitter_misc":{"Timp estimat pentru citire":"2 minute"},"schema":{"@context":"https:\/\/schema.org","@graph":[{"@type":"WebPage","@id":"https:\/\/www.iomft.ro\/index.php\/ortodontie-pedodontie\/","url":"https:\/\/www.iomft.ro\/index.php\/ortodontie-pedodontie\/","name":"Ortodon\u021bie-pedodon\u021bie - IOMFT","isPartOf":{"@id":"https:\/\/www.iomft.ro\/#website"},"datePublished":"2026-02-04T17:46:07+00:00","dateModified":"2026-02-26T12:13:44+00:00","breadcrumb":{"@id":"https:\/\/www.iomft.ro\/index.php\/ortodontie-pedodontie\/#breadcrumb"},"inLanguage":"ro-RO","potentialAction":[{"@type":"ReadAction","target":["https:\/\/www.iomft.ro\/index.php\/ortodontie-pedodontie\/"]}]},{"@type":"BreadcrumbList","@id":"https:\/\/www.iomft.ro\/index.php\/ortodontie-pedodontie\/#breadcrumb","itemListElement":[{"@type":"ListItem","position":1,"name":"Home","item":"https:\/\/www.iomft.ro\/"},{"@type":"ListItem","position":2,"name":"Ortodon\u021bie-pedodon\u021bie"}]},{"@type":"WebSite","@id":"https:\/\/www.iomft.ro\/#website","url":"https:\/\/www.iomft.ro\/","name":"IOMFT","description":"","publisher":{"@id":"https:\/\/www.iomft.ro\/#organization"},"potentialAction":[{"@type":"SearchAction","target":{"@type":"EntryPoint","urlTemplate":"https:\/\/www.iomft.ro\/?s={search_term_string}"},"query-input":{"@type":"PropertyValueSpecification","valueRequired":true,"valueName":"search_term_string"}}],"inLanguage":"ro-RO"},{"@type":"Organization","@id":"https:\/\/www.iomft.ro\/#organization","name":"IOMFT","url":"https:\/\/www.iomft.ro\/","logo":{"@type":"ImageObject","inLanguage":"ro-RO","@id":"https:\/\/www.iomft.ro\/#\/schema\/logo\/image\/","url":"https:\/\/www.iomft.ro\/wp-content\/uploads\/2024\/09\/cropped-logo@2x.png","contentUrl":"https:\/\/www.iomft.ro\/wp-content\/uploads\/2024\/09\/cropped-logo@2x.png","width":1000,"height":250,"caption":"IOMFT"},"image":{"@id":"https:\/\/www.iomft.ro\/#\/schema\/logo\/image\/"}}]}},"jetpack_sharing_enabled":true,"_links":{"self":[{"href":"https:\/\/www.iomft.ro\/index.php\/wp-json\/wp\/v2\/pages\/1587","targetHints":{"allow":["GET"]}}],"collection":[{"href":"https:\/\/www.iomft.ro\/index.php\/wp-json\/wp\/v2\/pages"}],"about":[{"href":"https:\/\/www.iomft.ro\/index.php\/wp-json\/wp\/v2\/types\/page"}],"author":[{"embeddable":true,"href":"https:\/\/www.iomft.ro\/index.php\/wp-json\/wp\/v2\/users\/1"}],"replies":[{"embeddable":true,"href":"https:\/\/www.iomft.ro\/index.php\/wp-json\/wp\/v2\/comments?post=1587"}],"version-history":[{"count":14,"href":"https:\/\/www.iomft.ro\/index.php\/wp-json\/wp\/v2\/pages\/1587\/revisions"}],"predecessor-version":[{"id":1944,"href":"https:\/\/www.iomft.ro\/index.php\/wp-json\/wp\/v2\/pages\/1587\/revisions\/1944"}],"wp:attachment":[{"href":"https:\/\/www.iomft.ro\/index.php\/wp-json\/wp\/v2\/media?parent=1587"}],"curies":[{"name":"wp","href":"https:\/\/api.w.org\/{rel}","templated":true}]}}