{"id":1592,"date":"2026-02-04T17:47:10","date_gmt":"2026-02-04T17:47:10","guid":{"rendered":"https:\/\/www.iomft.ro\/?page_id=1592"},"modified":"2026-02-26T12:16:06","modified_gmt":"2026-02-26T12:16:06","slug":"terapie-miofunctionala-orafaciala","status":"publish","type":"page","link":"https:\/\/www.iomft.ro\/index.php\/terapie-miofunctionala-orafaciala\/","title":{"rendered":"Terapie miofunc\u021bionala Orofacial\u0103"},"content":{"rendered":"\t\t<div data-elementor-type=\"wp-page\" data-elementor-id=\"1592\" class=\"elementor elementor-1592\">\n\t\t\t\t<div class=\"elementor-element elementor-element-44747a7 header_blue e-flex e-con-boxed e-con e-parent\" data-id=\"44747a7\" data-element_type=\"container\" id=\"header_top\" data-settings=\"{&quot;background_background&quot;:&quot;classic&quot;}\">\n\t\t\t\t\t<div class=\"e-con-inner\">\n\t\t\t\t<div class=\"elementor-element elementor-element-4382a23 home_intro elementor-widget elementor-widget-heading\" data-id=\"4382a23\" data-element_type=\"widget\" data-widget_type=\"heading.default\">\n\t\t\t\t<div class=\"elementor-widget-container\">\n\t\t\t\t\t<h2 class=\"elementor-heading-title elementor-size-default\">Terapie miofunc\u021bional\u0103 Orofacial\u0103<\/h2>\t\t\t\t<\/div>\n\t\t\t\t<\/div>\n\t\t\t\t\t<\/div>\n\t\t\t\t<\/div>\n\t\t<div class=\"elementor-element elementor-element-c90c684 e-flex e-con-boxed e-con e-parent\" data-id=\"c90c684\" data-element_type=\"container\">\n\t\t\t\t\t<div class=\"e-con-inner\">\n\t\t\t\t<div class=\"elementor-element elementor-element-0a0019b elementor-widget elementor-widget-text-editor\" data-id=\"0a0019b\" data-element_type=\"widget\" data-widget_type=\"text-editor.default\">\n\t\t\t\t<div class=\"elementor-widget-container\">\n\t\t\t\t\t\t\t\t\t<p><b>Cursul Terapie miofunc\u021bional\u0103 orofacial\u0103 va fi disponibil dup\u0103 \u00eenregistrarea dumneavoastr\u0103 ca specialist <\/b><a href=\"\/index.php\/creare-cont-specialisti\/\"><u><b>aici<\/b><\/u><\/a><\/p><p><b>Pentru detalii \u0219i o discu\u021bie preliminar\u0103 v\u0103 rog s\u0103 ne contacta\u021bi la 0759065065<\/b><\/p>\t\t\t\t\t\t\t\t<\/div>\n\t\t\t\t<\/div>\n\t\t\t\t\t<\/div>\n\t\t\t\t<\/div>\n\t\t\t\t<\/div>\n\t\t","protected":false},"excerpt":{"rendered":"<p>Terapie miofunc\u021bional\u0103 Orofacial\u0103 Cursul Terapie miofunc\u021bional\u0103 orofacial\u0103 va fi disponibil dup\u0103 \u00eenregistrarea dumneavoastr\u0103 ca specialist aici Pentru detalii \u0219i o discu\u021bie preliminar\u0103 v\u0103 rog s\u0103 ne contacta\u021bi la 0759065065<\/p>\n","protected":false},"author":1,"featured_media":0,"parent":0,"menu_order":0,"comment_status":"closed","ping_status":"closed","template":"","meta":{"_acf_changed":false,"footnotes":""},"class_list":["post-1592","page","type-page","status-publish","hentry"],"acf":[],"yoast_head":"<!-- This site is optimized with the Yoast SEO plugin v27.3 - https:\/\/yoast.com\/product\/yoast-seo-wordpress\/ -->\n<title>Terapie miofunc\u021bionala Orofacial\u0103 - IOMFT<\/title>\n<meta name=\"robots\" content=\"index, follow, max-snippet:-1, max-image-preview:large, max-video-preview:-1\" \/>\n<link rel=\"canonical\" href=\"https:\/\/www.iomft.ro\/index.php\/terapie-miofunctionala-orafaciala\/\" \/>\n<meta property=\"og:locale\" content=\"ro_RO\" \/>\n<meta property=\"og:type\" content=\"article\" \/>\n<meta property=\"og:title\" content=\"Terapie miofunc\u021bionala Orofacial\u0103 - IOMFT\" \/>\n<meta property=\"og:description\" content=\"Terapie miofunc\u021bional\u0103 Orofacial\u0103 Cursul Terapie miofunc\u021bional\u0103 orofacial\u0103 va fi disponibil dup\u0103 \u00eenregistrarea dumneavoastr\u0103 ca specialist aici Pentru detalii \u0219i o discu\u021bie preliminar\u0103 v\u0103 rog s\u0103 ne contacta\u021bi la 0759065065\" \/>\n<meta property=\"og:url\" content=\"https:\/\/www.iomft.ro\/index.php\/terapie-miofunctionala-orafaciala\/\" \/>\n<meta property=\"og:site_name\" content=\"IOMFT\" \/>\n<meta property=\"article:modified_time\" content=\"2026-02-26T12:16:06+00:00\" \/>\n<meta name=\"twitter:card\" content=\"summary_large_image\" \/>\n<meta name=\"twitter:label1\" content=\"Timp estimat pentru citire\" \/>\n\t<meta name=\"twitter:data1\" content=\"1 minut\" \/>\n<script type=\"application\/ld+json\" class=\"yoast-schema-graph\">{\"@context\":\"https:\\\/\\\/schema.org\",\"@graph\":[{\"@type\":\"WebPage\",\"@id\":\"https:\\\/\\\/www.iomft.ro\\\/index.php\\\/terapie-miofunctionala-orafaciala\\\/\",\"url\":\"https:\\\/\\\/www.iomft.ro\\\/index.php\\\/terapie-miofunctionala-orafaciala\\\/\",\"name\":\"Terapie miofunc\u021bionala Orofacial\u0103 - IOMFT\",\"isPartOf\":{\"@id\":\"https:\\\/\\\/www.iomft.ro\\\/#website\"},\"datePublished\":\"2026-02-04T17:47:10+00:00\",\"dateModified\":\"2026-02-26T12:16:06+00:00\",\"breadcrumb\":{\"@id\":\"https:\\\/\\\/www.iomft.ro\\\/index.php\\\/terapie-miofunctionala-orafaciala\\\/#breadcrumb\"},\"inLanguage\":\"ro-RO\",\"potentialAction\":[{\"@type\":\"ReadAction\",\"target\":[\"https:\\\/\\\/www.iomft.ro\\\/index.php\\\/terapie-miofunctionala-orafaciala\\\/\"]}]},{\"@type\":\"BreadcrumbList\",\"@id\":\"https:\\\/\\\/www.iomft.ro\\\/index.php\\\/terapie-miofunctionala-orafaciala\\\/#breadcrumb\",\"itemListElement\":[{\"@type\":\"ListItem\",\"position\":1,\"name\":\"Home\",\"item\":\"https:\\\/\\\/www.iomft.ro\\\/\"},{\"@type\":\"ListItem\",\"position\":2,\"name\":\"Terapie miofunc\u021bionala Orofacial\u0103\"}]},{\"@type\":\"WebSite\",\"@id\":\"https:\\\/\\\/www.iomft.ro\\\/#website\",\"url\":\"https:\\\/\\\/www.iomft.ro\\\/\",\"name\":\"IOMFT\",\"description\":\"\",\"publisher\":{\"@id\":\"https:\\\/\\\/www.iomft.ro\\\/#organization\"},\"potentialAction\":[{\"@type\":\"SearchAction\",\"target\":{\"@type\":\"EntryPoint\",\"urlTemplate\":\"https:\\\/\\\/www.iomft.ro\\\/?s={search_term_string}\"},\"query-input\":{\"@type\":\"PropertyValueSpecification\",\"valueRequired\":true,\"valueName\":\"search_term_string\"}}],\"inLanguage\":\"ro-RO\"},{\"@type\":\"Organization\",\"@id\":\"https:\\\/\\\/www.iomft.ro\\\/#organization\",\"name\":\"IOMFT\",\"url\":\"https:\\\/\\\/www.iomft.ro\\\/\",\"logo\":{\"@type\":\"ImageObject\",\"inLanguage\":\"ro-RO\",\"@id\":\"https:\\\/\\\/www.iomft.ro\\\/#\\\/schema\\\/logo\\\/image\\\/\",\"url\":\"https:\\\/\\\/www.iomft.ro\\\/wp-content\\\/uploads\\\/2024\\\/09\\\/cropped-logo@2x.png\",\"contentUrl\":\"https:\\\/\\\/www.iomft.ro\\\/wp-content\\\/uploads\\\/2024\\\/09\\\/cropped-logo@2x.png\",\"width\":1000,\"height\":250,\"caption\":\"IOMFT\"},\"image\":{\"@id\":\"https:\\\/\\\/www.iomft.ro\\\/#\\\/schema\\\/logo\\\/image\\\/\"}}]}<\/script>\n<!-- \/ Yoast SEO plugin. -->","yoast_head_json":{"title":"Terapie miofunc\u021bionala Orofacial\u0103 - IOMFT","robots":{"index":"index","follow":"follow","max-snippet":"max-snippet:-1","max-image-preview":"max-image-preview:large","max-video-preview":"max-video-preview:-1"},"canonical":"https:\/\/www.iomft.ro\/index.php\/terapie-miofunctionala-orafaciala\/","og_locale":"ro_RO","og_type":"article","og_title":"Terapie miofunc\u021bionala Orofacial\u0103 - IOMFT","og_description":"Terapie miofunc\u021bional\u0103 Orofacial\u0103 Cursul Terapie miofunc\u021bional\u0103 orofacial\u0103 va fi disponibil dup\u0103 \u00eenregistrarea dumneavoastr\u0103 ca specialist aici Pentru detalii \u0219i o discu\u021bie preliminar\u0103 v\u0103 rog s\u0103 ne contacta\u021bi la 0759065065","og_url":"https:\/\/www.iomft.ro\/index.php\/terapie-miofunctionala-orafaciala\/","og_site_name":"IOMFT","article_modified_time":"2026-02-26T12:16:06+00:00","twitter_card":"summary_large_image","twitter_misc":{"Timp estimat pentru citire":"1 minut"},"schema":{"@context":"https:\/\/schema.org","@graph":[{"@type":"WebPage","@id":"https:\/\/www.iomft.ro\/index.php\/terapie-miofunctionala-orafaciala\/","url":"https:\/\/www.iomft.ro\/index.php\/terapie-miofunctionala-orafaciala\/","name":"Terapie miofunc\u021bionala Orofacial\u0103 - IOMFT","isPartOf":{"@id":"https:\/\/www.iomft.ro\/#website"},"datePublished":"2026-02-04T17:47:10+00:00","dateModified":"2026-02-26T12:16:06+00:00","breadcrumb":{"@id":"https:\/\/www.iomft.ro\/index.php\/terapie-miofunctionala-orafaciala\/#breadcrumb"},"inLanguage":"ro-RO","potentialAction":[{"@type":"ReadAction","target":["https:\/\/www.iomft.ro\/index.php\/terapie-miofunctionala-orafaciala\/"]}]},{"@type":"BreadcrumbList","@id":"https:\/\/www.iomft.ro\/index.php\/terapie-miofunctionala-orafaciala\/#breadcrumb","itemListElement":[{"@type":"ListItem","position":1,"name":"Home","item":"https:\/\/www.iomft.ro\/"},{"@type":"ListItem","position":2,"name":"Terapie miofunc\u021bionala Orofacial\u0103"}]},{"@type":"WebSite","@id":"https:\/\/www.iomft.ro\/#website","url":"https:\/\/www.iomft.ro\/","name":"IOMFT","description":"","publisher":{"@id":"https:\/\/www.iomft.ro\/#organization"},"potentialAction":[{"@type":"SearchAction","target":{"@type":"EntryPoint","urlTemplate":"https:\/\/www.iomft.ro\/?s={search_term_string}"},"query-input":{"@type":"PropertyValueSpecification","valueRequired":true,"valueName":"search_term_string"}}],"inLanguage":"ro-RO"},{"@type":"Organization","@id":"https:\/\/www.iomft.ro\/#organization","name":"IOMFT","url":"https:\/\/www.iomft.ro\/","logo":{"@type":"ImageObject","inLanguage":"ro-RO","@id":"https:\/\/www.iomft.ro\/#\/schema\/logo\/image\/","url":"https:\/\/www.iomft.ro\/wp-content\/uploads\/2024\/09\/cropped-logo@2x.png","contentUrl":"https:\/\/www.iomft.ro\/wp-content\/uploads\/2024\/09\/cropped-logo@2x.png","width":1000,"height":250,"caption":"IOMFT"},"image":{"@id":"https:\/\/www.iomft.ro\/#\/schema\/logo\/image\/"}}]}},"jetpack_sharing_enabled":true,"_links":{"self":[{"href":"https:\/\/www.iomft.ro\/index.php\/wp-json\/wp\/v2\/pages\/1592","targetHints":{"allow":["GET"]}}],"collection":[{"href":"https:\/\/www.iomft.ro\/index.php\/wp-json\/wp\/v2\/pages"}],"about":[{"href":"https:\/\/www.iomft.ro\/index.php\/wp-json\/wp\/v2\/types\/page"}],"author":[{"embeddable":true,"href":"https:\/\/www.iomft.ro\/index.php\/wp-json\/wp\/v2\/users\/1"}],"replies":[{"embeddable":true,"href":"https:\/\/www.iomft.ro\/index.php\/wp-json\/wp\/v2\/comments?post=1592"}],"version-history":[{"count":17,"href":"https:\/\/www.iomft.ro\/index.php\/wp-json\/wp\/v2\/pages\/1592\/revisions"}],"predecessor-version":[{"id":1950,"href":"https:\/\/www.iomft.ro\/index.php\/wp-json\/wp\/v2\/pages\/1592\/revisions\/1950"}],"wp:attachment":[{"href":"https:\/\/www.iomft.ro\/index.php\/wp-json\/wp\/v2\/media?parent=1592"}],"curies":[{"name":"wp","href":"https:\/\/api.w.org\/{rel}","templated":true}]}}