{"id":160,"date":"2024-09-23T10:35:21","date_gmt":"2024-09-23T10:35:21","guid":{"rendered":"https:\/\/dev.omft.ro\/?page_id=160"},"modified":"2026-02-26T11:06:27","modified_gmt":"2026-02-26T11:06:27","slug":"sanatate-naturala","status":"publish","type":"page","link":"https:\/\/www.iomft.ro\/index.php\/sanatate-naturala\/","title":{"rendered":"S\u0103n\u0103tate\u00a0natural\u0103"},"content":{"rendered":"\t\t<div data-elementor-type=\"wp-page\" data-elementor-id=\"160\" class=\"elementor elementor-160\">\n\t\t\t\t<div class=\"elementor-element elementor-element-c3c52a9 e-grid e-con-boxed e-con e-parent\" data-id=\"c3c52a9\" data-element_type=\"container\" id=\"header_top\" data-settings=\"{&quot;background_background&quot;:&quot;classic&quot;}\">\n\t\t\t\t\t<div class=\"e-con-inner\">\n\t\t\t\t<div class=\"elementor-element elementor-element-5e33589 home_intro elementor-widget elementor-widget-heading\" data-id=\"5e33589\" data-element_type=\"widget\" data-widget_type=\"heading.default\">\n\t\t\t\t<div class=\"elementor-widget-container\">\n\t\t\t\t\t<h2 class=\"elementor-heading-title elementor-size-default\"><strong>S\u0103n\u0103tate natural\u0103<\/strong><br>\nsau <b>noua abordare<\/b> \u00een <b>medicin\u0103<\/b><br><\/h2>\t\t\t\t<\/div>\n\t\t\t\t<\/div>\n\t\t\t\t<div class=\"elementor-element elementor-element-f4597eb elementor-widget__width-initial elementor-widget elementor-widget-text-editor\" data-id=\"f4597eb\" data-element_type=\"widget\" data-widget_type=\"text-editor.default\">\n\t\t\t\t<div class=\"elementor-widget-container\">\n\t\t\t\t\t\t\t\t\t<p>Progresele medicinei actuale au schimbat totul \u00een jur. Ne-au permis s\u0103 tr\u0103im mai mult, s\u0103 rezolv\u0103m o gama mai mare de probleme, s\u0103 ob\u021binem mai mult de la fiecare clip\u0103.<\/p><p>Dar\u00a0<span class=\"dia_suggestion w1\" contextmenu=\"true\">\u00een<\/span>\u00a0<span class=\"dia_suggestion w2\" contextmenu=\"true\">acela\u0219i<\/span>\u00a0<span class=\"dia_suggestion w3\" contextmenu=\"true\">timp<\/span>\u00a0ne-au\u00a0<span class=\"dia_suggestion w6\" contextmenu=\"true\">\u0219i<\/span>\u00a0luat lucruri. Ne-au\u00a0<span class=\"dia_suggestion w11\" contextmenu=\"true\">\u00eendep\u0103rtat<\/span>\u00a0de noi\u00a0<span class=\"dia_suggestion w14\" contextmenu=\"true\">\u0219i<\/span>\u00a0de extraordinarul mecanism\u00a0<span class=\"dia_suggestion w18\" contextmenu=\"true\">care<\/span>\u00a0este corpul uman. Ne-au permis\u00a0<span class=\"dia_suggestion w25\" contextmenu=\"true\">s\u0103<\/span>\u00a0<span class=\"dia_suggestion w26\" contextmenu=\"true\">uit\u0103m<\/span>\u00a0deprinderi\u00a0<span class=\"dia_suggestion w28\" contextmenu=\"true\">s\u0103n\u0103toase<\/span>\u00a0<span class=\"dia_suggestion w29\" contextmenu=\"true\">\u0219i<\/span>\u00a0au stricat armonia\u00a0<span class=\"dia_suggestion w33\" contextmenu=\"true\">dintre<\/span>\u00a0<span class=\"dia_suggestion w34\" contextmenu=\"true\">tr\u0103it<\/span>\u00a0<span class=\"dia_suggestion w35\" contextmenu=\"true\">\u0219i<\/span>\u00a0propriul corp.<\/p><h3>Respir\u0103 c\u0103 s\u0103 tr\u0103ie\u0219ti natural<\/h3>\t\t\t\t\t\t\t\t<\/div>\n\t\t\t\t<\/div>\n\t\t\t\t\t<\/div>\n\t\t\t\t<\/div>\n\t\t<div class=\"elementor-element elementor-element-2b93428 e-grid block_standard e-con-boxed e-con e-parent\" data-id=\"2b93428\" data-element_type=\"container\" data-settings=\"{&quot;background_background&quot;:&quot;classic&quot;}\">\n\t\t\t\t\t<div class=\"e-con-inner\">\n\t\t\t\t<div class=\"elementor-element elementor-element-ba83e61 elementor-widget elementor-widget-text-editor\" data-id=\"ba83e61\" data-element_type=\"widget\" data-widget_type=\"text-editor.default\">\n\t\t\t\t<div class=\"elementor-widget-container\">\n\t\t\t\t\t\t\t\t\t<h2>Medicina actual\u0103 trateaz\u0103 simptome<\/h2><p>Progresele medicinei actuale au schimbat totul in jur. Ne-au permis sa traim mai mult, sa rezolvam o gama mai larga de probleme, sa obtinem mai mult de la fiecare clipa.<\/p><p>Dar in acelasi timp ne-au si luat lucruri. Ne-au indepartat de noi si de extraordinarul mecanism care este corpul uman. Ne-au permis sa uitam deprinderi sanatoase si au stricat armonia dintre trait si propriul corp.<\/p><p>Am uitat ce stiam despre noi si mai ales despre faptul ca aceast mecanism minunat care este organismul uman este capabil de mult mai mult decat suntem in stare sa credem sau sa cerem de la el.<\/p><p>Ne-am indepartat de mecanismele naturale prin care ne mentineam sanatosi, prin care acesta se echilibra si isi gasea resursele de a ramane sanatos si vital. Ne-am indepartat de intelepciunea si puterea naturii. Este momentul sa ne intoarcem la ea.<\/p>\t\t\t\t\t\t\t\t<\/div>\n\t\t\t\t<\/div>\n\t\t\t\t\t<\/div>\n\t\t\t\t<\/div>\n\t\t<div class=\"elementor-element elementor-element-0944bb7 e-grid block_standard e-con-boxed e-con e-parent\" data-id=\"0944bb7\" data-element_type=\"container\" data-settings=\"{&quot;background_background&quot;:&quot;classic&quot;}\">\n\t\t\t\t\t<div class=\"e-con-inner\">\n\t\t\t\t<div class=\"elementor-element elementor-element-7b511dc elementor-widget elementor-widget-text-editor\" data-id=\"7b511dc\" data-element_type=\"widget\" data-widget_type=\"text-editor.default\">\n\t\t\t\t<div class=\"elementor-widget-container\">\n\t\t\t\t\t\t\t\t\t<p>\u00a0 \u00a0 \u00a0\u00a0<\/p>\t\t\t\t\t\t\t\t<\/div>\n\t\t\t\t<\/div>\n\t\t\t\t<div class=\"elementor-element elementor-element-c43be56 elementor-widget elementor-widget-text-editor\" data-id=\"c43be56\" data-element_type=\"widget\" data-widget_type=\"text-editor.default\">\n\t\t\t\t<div class=\"elementor-widget-container\">\n\t\t\t\t\t\t\t\t\t<h2>S\u0103 ne explic\u0103m transform\u0103rile care ne stric\u0103 calitatea vie\u021bii<\/h2><p>Lucruri, aparent fara legatura ne schimba total viata. Care este legatura intre alaptare si estetica faciala ?Intre sforait si coportamentele copiilor nostri? Intre alimentele moi, procesate si respiratie? Intre dintii ingramaditi si rezultatele scolare? Desi toate acestea par ca sunt total deconectate, suntem aici sa va spunem ca lucrurile nu stau asa.<\/p><p>Terapia Mio-functionala (impreuna cu specializarile conexe) este cea care face toate aceste legaturi si ne conduce catre esenta problemei, catre cauza care genereaza efecte in lant.<\/p><p>Suntem aici sa va ajutam sa faceti conexiuni pe care nu le intuiati, despre care ati citit ca nu sunt reale sau determinante. Suntem aici pentru a va ajuta sa ajungeti la esenta problemei, la determinarile cauzale profunde. Si suntem aici sa le rezolvam.<\/p>\t\t\t\t\t\t\t\t<\/div>\n\t\t\t\t<\/div>\n\t\t\t\t\t<\/div>\n\t\t\t\t<\/div>\n\t\t<div class=\"elementor-element elementor-element-35da568 e-grid block_standard e-con-boxed e-con e-parent\" data-id=\"35da568\" data-element_type=\"container\" data-settings=\"{&quot;background_background&quot;:&quot;classic&quot;}\">\n\t\t\t\t\t<div class=\"e-con-inner\">\n\t\t\t\t<div class=\"elementor-element elementor-element-251c7f9 elementor-widget elementor-widget-text-editor\" data-id=\"251c7f9\" data-element_type=\"widget\" data-widget_type=\"text-editor.default\">\n\t\t\t\t<div class=\"elementor-widget-container\">\n\t\t\t\t\t\t\t\t\t<h2>S\u0103 \u00een\u021belegem ce s-a intamplat \u00een ultimii zeci de ani<\/h2><p>In ultimii zeci de ani epigenetica (modern lifestyle,confortul, alimentatia, modul in care muncim, in care respiram, in care interactionam) au facut mai multe ravagii vietii noastre decat orice alta afectiune.<\/p><p>Acest atac sistematic, zi de zi, asupra felului in care suntem construiti ne provoaca probleme cronice care se ascund in spatele unor afectiuni acute si a unor cauze care par mai degraba contextuale.<\/p><p>Sedentarismul, telefonul mobil, alimentele procesate si excesele de tot felul ne fura ani din viata dar mai ales ne scad dramatic calitatea celor pe care ii traim. Ne gasim in situatia de a supravietui si nu a ne bucura de viata la adevaratul potential.<\/p>\t\t\t\t\t\t\t\t<\/div>\n\t\t\t\t<\/div>\n\t\t\t\t\t<\/div>\n\t\t\t\t<\/div>\n\t\t<div class=\"elementor-element elementor-element-5a1e1e0 e-grid block_standard e-con-boxed e-con e-parent\" data-id=\"5a1e1e0\" data-element_type=\"container\" data-settings=\"{&quot;background_background&quot;:&quot;classic&quot;}\">\n\t\t\t\t\t<div class=\"e-con-inner\">\n\t\t\t\t<div class=\"elementor-element elementor-element-f42ddf6 elementor-widget elementor-widget-text-editor\" data-id=\"f42ddf6\" data-element_type=\"widget\" data-widget_type=\"text-editor.default\">\n\t\t\t\t<div class=\"elementor-widget-container\">\n\t\t\t\t\t\t\t\t\t<p>\u00a0 \u00a0 \u00a0 \u00a0<\/p>\t\t\t\t\t\t\t\t<\/div>\n\t\t\t\t<\/div>\n\t\t\t\t<div class=\"elementor-element elementor-element-1cea756 elementor-widget elementor-widget-text-editor\" data-id=\"1cea756\" data-element_type=\"widget\" data-widget_type=\"text-editor.default\">\n\t\t\t\t<div class=\"elementor-widget-container\">\n\t\t\t\t\t\t\t\t\t<h2>S\u0103 ne uit\u0103m altfel la corpul nostru<\/h2><p>Este momentul sa ne intoarcem la noi, sa ne gasim iarasi calea catre potentialul ascuns in mecanismele noastre interioare.<\/p><p>Este momentul sa ne ascultam din nou corpul, sa invatam din nou limbajul semnalelor pe care ni le da si sa ii dam din nou ocazia sa faca ce face el cel mai bine: sa functioneze normal si natural.<\/p><p>Practic, in ultimii zeci de ani, corpul nostru nu a facut decat sa se apere si sa reactioneze la multitudinea de agresiuni la care a fost supus odata cu schimbarea stilului de viata sanatoasa iar efectele pe care le vedem astazi sunt profund legate de denaturarea relatiei cu o rutina normala a vietii pe care s-a cladit acest corp.<\/p>\t\t\t\t\t\t\t\t<\/div>\n\t\t\t\t<\/div>\n\t\t\t\t\t<\/div>\n\t\t\t\t<\/div>\n\t\t<div class=\"elementor-element elementor-element-ef491eb e-grid block_standard e-con-boxed e-con e-parent\" data-id=\"ef491eb\" data-element_type=\"container\" data-settings=\"{&quot;background_background&quot;:&quot;classic&quot;}\">\n\t\t\t\t\t<div class=\"e-con-inner\">\n\t\t\t\t<div class=\"elementor-element elementor-element-7d11950 elementor-widget elementor-widget-text-editor\" data-id=\"7d11950\" data-element_type=\"widget\" data-widget_type=\"text-editor.default\">\n\t\t\t\t<div class=\"elementor-widget-container\">\n\t\t\t\t\t\t\t\t\t<h2>Multidisciplinaritatea<\/h2><p>Daca ne doare in gat ne-am obisnuit sa consideram ca trebuie sa fie ceva de la gat, daca nu putem pronunta anumite cuvinte, este in legatura cu limba nu? Daca copilul nu doarme noapte trebuie sa este prea agitat nu. Ei bine, nu. Toate aceste lucruri privesc mult mai multe organe si functii care trebuie privite interconectat si interdependent.<\/p><p>Dintii ingramaditi sunt rezultatul unui maxilar insuficient dezvoltat, care provoaca o respiratia orala care genereaza sforait la copii si o lipsa de odihna. Maxilarul nedezvoltat genereaza postura aplecata si probleme de logopedie care ii pot provoca copilului o anxietate sociala pentru ca se rade de el atunci cand pronunta cuvintele. Totul este interconectat si interdependent.<\/p><p>Abordarea noastra tine cont de acest lucru si propune o noua abordare: aducem impreuna la aceeasi masa mai multi specialisti si tratam totul ca un sistem, ca un mecanism care are determinari si ecouri, camere de amplificare si rezonanta, care ne poate livra un simptom in cu totul alta parte decat locul in care a aparut problema.<\/p>\t\t\t\t\t\t\t\t<\/div>\n\t\t\t\t<\/div>\n\t\t\t\t\t<\/div>\n\t\t\t\t<\/div>\n\t\t\t\t<\/div>\n\t\t","protected":false},"excerpt":{"rendered":"<p>S\u0103n\u0103tate natural\u0103 sau noua abordare \u00een medicin\u0103 Progresele medicinei actuale au schimbat totul \u00een jur. Ne-au permis s\u0103 tr\u0103im mai mult, s\u0103 rezolv\u0103m o gama mai mare de probleme, s\u0103 ob\u021binem mai mult de la fiecare clip\u0103. Dar\u00a0\u00een\u00a0acela\u0219i\u00a0timp\u00a0ne-au\u00a0\u0219i\u00a0luat lucruri. Ne-au\u00a0\u00eendep\u0103rtat\u00a0de noi\u00a0\u0219i\u00a0de extraordinarul mecanism\u00a0care\u00a0este corpul uman. Ne-au permis\u00a0s\u0103\u00a0uit\u0103m\u00a0deprinderi\u00a0s\u0103n\u0103toase\u00a0\u0219i\u00a0au stricat armonia\u00a0dintre\u00a0tr\u0103it\u00a0\u0219i\u00a0propriul corp. Respir\u0103 c\u0103 s\u0103 tr\u0103ie\u0219ti natural &hellip; <\/p>\n<p class=\"link-more\"><a href=\"https:\/\/www.iomft.ro\/index.php\/sanatate-naturala\/\" class=\"more-link\">Continue reading<span class=\"screen-reader-text\"> &#8222;S\u0103n\u0103tate\u00a0natural\u0103&#8221;<\/span><\/a><\/p>\n","protected":false},"author":1,"featured_media":0,"parent":0,"menu_order":0,"comment_status":"closed","ping_status":"closed","template":"","meta":{"_acf_changed":false,"footnotes":""},"class_list":["post-160","page","type-page","status-publish","hentry"],"acf":[],"yoast_head":"<!-- This site is optimized with the Yoast SEO plugin v27.3 - https:\/\/yoast.com\/product\/yoast-seo-wordpress\/ -->\n<title>S\u0103n\u0103tate\u00a0natural\u0103 - IOMFT<\/title>\n<meta name=\"robots\" content=\"index, follow, max-snippet:-1, max-image-preview:large, max-video-preview:-1\" \/>\n<link rel=\"canonical\" href=\"https:\/\/www.iomft.ro\/index.php\/sanatate-naturala\/\" \/>\n<meta property=\"og:locale\" content=\"ro_RO\" \/>\n<meta property=\"og:type\" content=\"article\" \/>\n<meta property=\"og:title\" content=\"S\u0103n\u0103tate\u00a0natural\u0103 - IOMFT\" \/>\n<meta property=\"og:description\" content=\"S\u0103n\u0103tate natural\u0103 sau noua abordare \u00een medicin\u0103 Progresele medicinei actuale au schimbat totul \u00een jur. Ne-au permis s\u0103 tr\u0103im mai mult, s\u0103 rezolv\u0103m o gama mai mare de probleme, s\u0103 ob\u021binem mai mult de la fiecare clip\u0103. Dar\u00a0\u00een\u00a0acela\u0219i\u00a0timp\u00a0ne-au\u00a0\u0219i\u00a0luat lucruri. Ne-au\u00a0\u00eendep\u0103rtat\u00a0de noi\u00a0\u0219i\u00a0de extraordinarul mecanism\u00a0care\u00a0este corpul uman. Ne-au permis\u00a0s\u0103\u00a0uit\u0103m\u00a0deprinderi\u00a0s\u0103n\u0103toase\u00a0\u0219i\u00a0au stricat armonia\u00a0dintre\u00a0tr\u0103it\u00a0\u0219i\u00a0propriul corp. Respir\u0103 c\u0103 s\u0103 tr\u0103ie\u0219ti natural &hellip; Continue reading &quot;S\u0103n\u0103tate\u00a0natural\u0103&quot;\" \/>\n<meta property=\"og:url\" content=\"https:\/\/www.iomft.ro\/index.php\/sanatate-naturala\/\" \/>\n<meta property=\"og:site_name\" content=\"IOMFT\" \/>\n<meta property=\"article:modified_time\" content=\"2026-02-26T11:06:27+00:00\" \/>\n<meta name=\"twitter:card\" content=\"summary_large_image\" \/>\n<meta name=\"twitter:label1\" content=\"Timp estimat pentru citire\" \/>\n\t<meta name=\"twitter:data1\" content=\"5 minute\" \/>\n<script type=\"application\/ld+json\" class=\"yoast-schema-graph\">{\"@context\":\"https:\\\/\\\/schema.org\",\"@graph\":[{\"@type\":\"WebPage\",\"@id\":\"https:\\\/\\\/www.iomft.ro\\\/index.php\\\/sanatate-naturala\\\/\",\"url\":\"https:\\\/\\\/www.iomft.ro\\\/index.php\\\/sanatate-naturala\\\/\",\"name\":\"S\u0103n\u0103tate\u00a0natural\u0103 - IOMFT\",\"isPartOf\":{\"@id\":\"https:\\\/\\\/www.iomft.ro\\\/#website\"},\"datePublished\":\"2024-09-23T10:35:21+00:00\",\"dateModified\":\"2026-02-26T11:06:27+00:00\",\"breadcrumb\":{\"@id\":\"https:\\\/\\\/www.iomft.ro\\\/index.php\\\/sanatate-naturala\\\/#breadcrumb\"},\"inLanguage\":\"ro-RO\",\"potentialAction\":[{\"@type\":\"ReadAction\",\"target\":[\"https:\\\/\\\/www.iomft.ro\\\/index.php\\\/sanatate-naturala\\\/\"]}]},{\"@type\":\"BreadcrumbList\",\"@id\":\"https:\\\/\\\/www.iomft.ro\\\/index.php\\\/sanatate-naturala\\\/#breadcrumb\",\"itemListElement\":[{\"@type\":\"ListItem\",\"position\":1,\"name\":\"Home\",\"item\":\"https:\\\/\\\/www.iomft.ro\\\/\"},{\"@type\":\"ListItem\",\"position\":2,\"name\":\"S\u0103n\u0103tate\u00a0natural\u0103\"}]},{\"@type\":\"WebSite\",\"@id\":\"https:\\\/\\\/www.iomft.ro\\\/#website\",\"url\":\"https:\\\/\\\/www.iomft.ro\\\/\",\"name\":\"IOMFT\",\"description\":\"\",\"publisher\":{\"@id\":\"https:\\\/\\\/www.iomft.ro\\\/#organization\"},\"potentialAction\":[{\"@type\":\"SearchAction\",\"target\":{\"@type\":\"EntryPoint\",\"urlTemplate\":\"https:\\\/\\\/www.iomft.ro\\\/?s={search_term_string}\"},\"query-input\":{\"@type\":\"PropertyValueSpecification\",\"valueRequired\":true,\"valueName\":\"search_term_string\"}}],\"inLanguage\":\"ro-RO\"},{\"@type\":\"Organization\",\"@id\":\"https:\\\/\\\/www.iomft.ro\\\/#organization\",\"name\":\"IOMFT\",\"url\":\"https:\\\/\\\/www.iomft.ro\\\/\",\"logo\":{\"@type\":\"ImageObject\",\"inLanguage\":\"ro-RO\",\"@id\":\"https:\\\/\\\/www.iomft.ro\\\/#\\\/schema\\\/logo\\\/image\\\/\",\"url\":\"https:\\\/\\\/www.iomft.ro\\\/wp-content\\\/uploads\\\/2024\\\/09\\\/cropped-logo@2x.png\",\"contentUrl\":\"https:\\\/\\\/www.iomft.ro\\\/wp-content\\\/uploads\\\/2024\\\/09\\\/cropped-logo@2x.png\",\"width\":1000,\"height\":250,\"caption\":\"IOMFT\"},\"image\":{\"@id\":\"https:\\\/\\\/www.iomft.ro\\\/#\\\/schema\\\/logo\\\/image\\\/\"}}]}<\/script>\n<!-- \/ Yoast SEO plugin. -->","yoast_head_json":{"title":"S\u0103n\u0103tate\u00a0natural\u0103 - IOMFT","robots":{"index":"index","follow":"follow","max-snippet":"max-snippet:-1","max-image-preview":"max-image-preview:large","max-video-preview":"max-video-preview:-1"},"canonical":"https:\/\/www.iomft.ro\/index.php\/sanatate-naturala\/","og_locale":"ro_RO","og_type":"article","og_title":"S\u0103n\u0103tate\u00a0natural\u0103 - IOMFT","og_description":"S\u0103n\u0103tate natural\u0103 sau noua abordare \u00een medicin\u0103 Progresele medicinei actuale au schimbat totul \u00een jur. Ne-au permis s\u0103 tr\u0103im mai mult, s\u0103 rezolv\u0103m o gama mai mare de probleme, s\u0103 ob\u021binem mai mult de la fiecare clip\u0103. Dar\u00a0\u00een\u00a0acela\u0219i\u00a0timp\u00a0ne-au\u00a0\u0219i\u00a0luat lucruri. Ne-au\u00a0\u00eendep\u0103rtat\u00a0de noi\u00a0\u0219i\u00a0de extraordinarul mecanism\u00a0care\u00a0este corpul uman. Ne-au permis\u00a0s\u0103\u00a0uit\u0103m\u00a0deprinderi\u00a0s\u0103n\u0103toase\u00a0\u0219i\u00a0au stricat armonia\u00a0dintre\u00a0tr\u0103it\u00a0\u0219i\u00a0propriul corp. Respir\u0103 c\u0103 s\u0103 tr\u0103ie\u0219ti natural &hellip; Continue reading \"S\u0103n\u0103tate\u00a0natural\u0103\"","og_url":"https:\/\/www.iomft.ro\/index.php\/sanatate-naturala\/","og_site_name":"IOMFT","article_modified_time":"2026-02-26T11:06:27+00:00","twitter_card":"summary_large_image","twitter_misc":{"Timp estimat pentru citire":"5 minute"},"schema":{"@context":"https:\/\/schema.org","@graph":[{"@type":"WebPage","@id":"https:\/\/www.iomft.ro\/index.php\/sanatate-naturala\/","url":"https:\/\/www.iomft.ro\/index.php\/sanatate-naturala\/","name":"S\u0103n\u0103tate\u00a0natural\u0103 - IOMFT","isPartOf":{"@id":"https:\/\/www.iomft.ro\/#website"},"datePublished":"2024-09-23T10:35:21+00:00","dateModified":"2026-02-26T11:06:27+00:00","breadcrumb":{"@id":"https:\/\/www.iomft.ro\/index.php\/sanatate-naturala\/#breadcrumb"},"inLanguage":"ro-RO","potentialAction":[{"@type":"ReadAction","target":["https:\/\/www.iomft.ro\/index.php\/sanatate-naturala\/"]}]},{"@type":"BreadcrumbList","@id":"https:\/\/www.iomft.ro\/index.php\/sanatate-naturala\/#breadcrumb","itemListElement":[{"@type":"ListItem","position":1,"name":"Home","item":"https:\/\/www.iomft.ro\/"},{"@type":"ListItem","position":2,"name":"S\u0103n\u0103tate\u00a0natural\u0103"}]},{"@type":"WebSite","@id":"https:\/\/www.iomft.ro\/#website","url":"https:\/\/www.iomft.ro\/","name":"IOMFT","description":"","publisher":{"@id":"https:\/\/www.iomft.ro\/#organization"},"potentialAction":[{"@type":"SearchAction","target":{"@type":"EntryPoint","urlTemplate":"https:\/\/www.iomft.ro\/?s={search_term_string}"},"query-input":{"@type":"PropertyValueSpecification","valueRequired":true,"valueName":"search_term_string"}}],"inLanguage":"ro-RO"},{"@type":"Organization","@id":"https:\/\/www.iomft.ro\/#organization","name":"IOMFT","url":"https:\/\/www.iomft.ro\/","logo":{"@type":"ImageObject","inLanguage":"ro-RO","@id":"https:\/\/www.iomft.ro\/#\/schema\/logo\/image\/","url":"https:\/\/www.iomft.ro\/wp-content\/uploads\/2024\/09\/cropped-logo@2x.png","contentUrl":"https:\/\/www.iomft.ro\/wp-content\/uploads\/2024\/09\/cropped-logo@2x.png","width":1000,"height":250,"caption":"IOMFT"},"image":{"@id":"https:\/\/www.iomft.ro\/#\/schema\/logo\/image\/"}}]}},"jetpack_sharing_enabled":true,"_links":{"self":[{"href":"https:\/\/www.iomft.ro\/index.php\/wp-json\/wp\/v2\/pages\/160","targetHints":{"allow":["GET"]}}],"collection":[{"href":"https:\/\/www.iomft.ro\/index.php\/wp-json\/wp\/v2\/pages"}],"about":[{"href":"https:\/\/www.iomft.ro\/index.php\/wp-json\/wp\/v2\/types\/page"}],"author":[{"embeddable":true,"href":"https:\/\/www.iomft.ro\/index.php\/wp-json\/wp\/v2\/users\/1"}],"replies":[{"embeddable":true,"href":"https:\/\/www.iomft.ro\/index.php\/wp-json\/wp\/v2\/comments?post=160"}],"version-history":[{"count":49,"href":"https:\/\/www.iomft.ro\/index.php\/wp-json\/wp\/v2\/pages\/160\/revisions"}],"predecessor-version":[{"id":1884,"href":"https:\/\/www.iomft.ro\/index.php\/wp-json\/wp\/v2\/pages\/160\/revisions\/1884"}],"wp:attachment":[{"href":"https:\/\/www.iomft.ro\/index.php\/wp-json\/wp\/v2\/media?parent=160"}],"curies":[{"name":"wp","href":"https:\/\/api.w.org\/{rel}","templated":true}]}}