{"id":1996,"date":"2026-03-03T20:54:56","date_gmt":"2026-03-03T20:54:56","guid":{"rendered":"https:\/\/www.iomft.ro\/?page_id=1996"},"modified":"2026-03-05T08:02:27","modified_gmt":"2026-03-05T08:02:27","slug":"consultatie-on-line","status":"publish","type":"page","link":"https:\/\/www.iomft.ro\/index.php\/consultatie-on-line\/","title":{"rendered":"Consulta\u021bie on-line"},"content":{"rendered":"\t\t<div data-elementor-type=\"wp-page\" data-elementor-id=\"1996\" class=\"elementor elementor-1996\">\n\t\t\t\t<div class=\"elementor-element elementor-element-70f03c8 e-grid e-con-boxed e-con e-parent\" data-id=\"70f03c8\" data-element_type=\"container\" id=\"header_top\" data-settings=\"{&quot;background_background&quot;:&quot;classic&quot;}\">\n\t\t\t\t\t<div class=\"e-con-inner\">\n\t\t\t\t<div class=\"elementor-element elementor-element-da97bb4 home_intro elementor-widget elementor-widget-heading\" data-id=\"da97bb4\" data-element_type=\"widget\" data-widget_type=\"heading.default\">\n\t\t\t\t<div class=\"elementor-widget-container\">\n\t\t\t\t\t<h2 class=\"elementor-heading-title elementor-size-default\"> Consulta\u021bie on-line<\/h2>\t\t\t\t<\/div>\n\t\t\t\t<\/div>\n\t\t\t\t\t<\/div>\n\t\t\t\t<\/div>\n\t\t<div class=\"elementor-element elementor-element-b5cc9a3 e-flex e-con-boxed e-con e-parent\" data-id=\"b5cc9a3\" data-element_type=\"container\">\n\t\t\t\t\t<div class=\"e-con-inner\">\n\t\t\t\t\t<\/div>\n\t\t\t\t<\/div>\n\t\t<div class=\"elementor-element elementor-element-0904b89 e-flex e-con-boxed e-con e-parent\" data-id=\"0904b89\" data-element_type=\"container\">\n\t\t\t\t\t<div class=\"e-con-inner\">\n\t\t\t\t<div class=\"elementor-element elementor-element-0feafcb elementor-widget elementor-widget-heading\" data-id=\"0feafcb\" data-element_type=\"widget\" data-widget_type=\"heading.default\">\n\t\t\t\t<div class=\"elementor-widget-container\">\n\t\t\t\t\t<h2 class=\"elementor-heading-title elementor-size-default\">Consulta\u021biile online sunt  disponibile \u00een urma unei program\u0103ri pe care te invit\u0103m s\u0103 o faci aici. Dac\u0103 \u00ee\u021bi realizezi un cont de p\u0103rinte, vom prelua datele din acel cont.<\/h2>\t\t\t\t<\/div>\n\t\t\t\t<\/div>\n\t\t\t\t\t<\/div>\n\t\t\t\t<\/div>\n\t\t<div class=\"elementor-element elementor-element-22baecb e-flex e-con-boxed e-con e-parent\" data-id=\"22baecb\" data-element_type=\"container\">\n\t\t\t\t\t<div class=\"e-con-inner\">\n\t\t\t\t<div class=\"elementor-element elementor-element-6041abe elementor-widget elementor-widget-shortcode\" data-id=\"6041abe\" data-element_type=\"widget\" data-widget_type=\"shortcode.default\">\n\t\t\t\t<div class=\"elementor-widget-container\">\n\t\t\t\t\t\t\t<div class=\"elementor-shortcode\">\n<form method=\"post\">\n\n<p>Nume<br>\n<input type=\"text\" name=\"nume\" required>\n<\/p>\n\n<p>Prenume<br>\n<input type=\"text\" name=\"prenume\" required>\n<\/p>\n\n<p>Email<br>\n<input type=\"email\" name=\"email\" required>\n<\/p>\n<p>Telefon<br>\n<input type=\"telefon\" name=\"telefon\" required>\n<\/p>\n<p>De la<br>\n<input type=\"date\" name=\"start_date\" required>\n<\/p>\n\n<p>P\u00e2n\u0103 la<br>\n<input type=\"date\" name=\"end_date\" required>\n<\/p>\n\n<p>Ore preferate (recomand\u0103m alegerea de mai multe intervale orare pentru a ob\u021bine o programare c\u00e2t mai rapid\u0103):<\/p>\n\n<label><input type='checkbox' name='ore[]' value='11:00'> 11:00<\/label><br><label><input type='checkbox' name='ore[]' value='12:30'> 12:30<\/label><br><label><input type='checkbox' name='ore[]' value='13:00'> 13:00<\/label><br><label><input type='checkbox' name='ore[]' value='13:30'> 13:30<\/label><br><label><input type='checkbox' name='ore[]' value='14:00'> 14:00<\/label><br><label><input type='checkbox' name='ore[]' value='14:30'> 14:30<\/label><br><label><input type='checkbox' name='ore[]' value='15:00'> 15:00<\/label><br><label><input type='checkbox' name='ore[]' value='15:30'> 15:30<\/label><br>\n<br>\n<input style=\"background-color:#900FE3\" type=\"submit\" name=\"pm_submit\" value=\"Trimite\">\n\n<\/form>\n\n<\/div>\n\t\t\t\t\t\t<\/div>\n\t\t\t\t<\/div>\n\t\t\t\t\t<\/div>\n\t\t\t\t<\/div>\n\t\t\t\t<\/div>\n\t\t","protected":false},"excerpt":{"rendered":"<p>Consulta\u021bie on-line Consulta\u021biile online sunt disponibile \u00een urma unei program\u0103ri pe care te invit\u0103m s\u0103 o faci aici. Dac\u0103 \u00ee\u021bi realizezi un cont de p\u0103rinte, vom prelua datele din acel cont.<\/p>\n","protected":false},"author":1,"featured_media":0,"parent":0,"menu_order":0,"comment_status":"closed","ping_status":"closed","template":"","meta":{"_acf_changed":false,"footnotes":""},"class_list":["post-1996","page","type-page","status-publish","hentry"],"acf":[],"yoast_head":"<!-- This site is optimized with the Yoast SEO plugin v27.3 - https:\/\/yoast.com\/product\/yoast-seo-wordpress\/ -->\n<title>Consulta\u021bie on-line - IOMFT<\/title>\n<meta name=\"robots\" content=\"index, follow, max-snippet:-1, max-image-preview:large, max-video-preview:-1\" \/>\n<link rel=\"canonical\" href=\"https:\/\/www.iomft.ro\/index.php\/consultatie-on-line\/\" \/>\n<meta property=\"og:locale\" content=\"ro_RO\" \/>\n<meta property=\"og:type\" content=\"article\" \/>\n<meta property=\"og:title\" content=\"Consulta\u021bie on-line - IOMFT\" \/>\n<meta property=\"og:description\" content=\"Consulta\u021bie on-line Consulta\u021biile online sunt disponibile \u00een urma unei program\u0103ri pe care te invit\u0103m s\u0103 o faci aici. Dac\u0103 \u00ee\u021bi realizezi un cont de p\u0103rinte, vom prelua datele din acel cont.\" \/>\n<meta property=\"og:url\" content=\"https:\/\/www.iomft.ro\/index.php\/consultatie-on-line\/\" \/>\n<meta property=\"og:site_name\" content=\"IOMFT\" \/>\n<meta property=\"article:modified_time\" content=\"2026-03-05T08:02:27+00:00\" \/>\n<meta name=\"twitter:card\" content=\"summary_large_image\" \/>\n<meta name=\"twitter:label1\" content=\"Timp estimat pentru citire\" \/>\n\t<meta name=\"twitter:data1\" content=\"1 minut\" \/>\n<script type=\"application\/ld+json\" class=\"yoast-schema-graph\">{\"@context\":\"https:\\\/\\\/schema.org\",\"@graph\":[{\"@type\":\"WebPage\",\"@id\":\"https:\\\/\\\/www.iomft.ro\\\/index.php\\\/consultatie-on-line\\\/\",\"url\":\"https:\\\/\\\/www.iomft.ro\\\/index.php\\\/consultatie-on-line\\\/\",\"name\":\"Consulta\u021bie on-line - IOMFT\",\"isPartOf\":{\"@id\":\"https:\\\/\\\/www.iomft.ro\\\/#website\"},\"datePublished\":\"2026-03-03T20:54:56+00:00\",\"dateModified\":\"2026-03-05T08:02:27+00:00\",\"breadcrumb\":{\"@id\":\"https:\\\/\\\/www.iomft.ro\\\/index.php\\\/consultatie-on-line\\\/#breadcrumb\"},\"inLanguage\":\"ro-RO\",\"potentialAction\":[{\"@type\":\"ReadAction\",\"target\":[\"https:\\\/\\\/www.iomft.ro\\\/index.php\\\/consultatie-on-line\\\/\"]}]},{\"@type\":\"BreadcrumbList\",\"@id\":\"https:\\\/\\\/www.iomft.ro\\\/index.php\\\/consultatie-on-line\\\/#breadcrumb\",\"itemListElement\":[{\"@type\":\"ListItem\",\"position\":1,\"name\":\"Home\",\"item\":\"https:\\\/\\\/www.iomft.ro\\\/\"},{\"@type\":\"ListItem\",\"position\":2,\"name\":\"Consulta\u021bie on-line\"}]},{\"@type\":\"WebSite\",\"@id\":\"https:\\\/\\\/www.iomft.ro\\\/#website\",\"url\":\"https:\\\/\\\/www.iomft.ro\\\/\",\"name\":\"IOMFT\",\"description\":\"\",\"publisher\":{\"@id\":\"https:\\\/\\\/www.iomft.ro\\\/#organization\"},\"potentialAction\":[{\"@type\":\"SearchAction\",\"target\":{\"@type\":\"EntryPoint\",\"urlTemplate\":\"https:\\\/\\\/www.iomft.ro\\\/?s={search_term_string}\"},\"query-input\":{\"@type\":\"PropertyValueSpecification\",\"valueRequired\":true,\"valueName\":\"search_term_string\"}}],\"inLanguage\":\"ro-RO\"},{\"@type\":\"Organization\",\"@id\":\"https:\\\/\\\/www.iomft.ro\\\/#organization\",\"name\":\"IOMFT\",\"url\":\"https:\\\/\\\/www.iomft.ro\\\/\",\"logo\":{\"@type\":\"ImageObject\",\"inLanguage\":\"ro-RO\",\"@id\":\"https:\\\/\\\/www.iomft.ro\\\/#\\\/schema\\\/logo\\\/image\\\/\",\"url\":\"https:\\\/\\\/www.iomft.ro\\\/wp-content\\\/uploads\\\/2024\\\/09\\\/cropped-logo@2x.png\",\"contentUrl\":\"https:\\\/\\\/www.iomft.ro\\\/wp-content\\\/uploads\\\/2024\\\/09\\\/cropped-logo@2x.png\",\"width\":1000,\"height\":250,\"caption\":\"IOMFT\"},\"image\":{\"@id\":\"https:\\\/\\\/www.iomft.ro\\\/#\\\/schema\\\/logo\\\/image\\\/\"}}]}<\/script>\n<!-- \/ Yoast SEO plugin. -->","yoast_head_json":{"title":"Consulta\u021bie on-line - IOMFT","robots":{"index":"index","follow":"follow","max-snippet":"max-snippet:-1","max-image-preview":"max-image-preview:large","max-video-preview":"max-video-preview:-1"},"canonical":"https:\/\/www.iomft.ro\/index.php\/consultatie-on-line\/","og_locale":"ro_RO","og_type":"article","og_title":"Consulta\u021bie on-line - IOMFT","og_description":"Consulta\u021bie on-line Consulta\u021biile online sunt disponibile \u00een urma unei program\u0103ri pe care te invit\u0103m s\u0103 o faci aici. Dac\u0103 \u00ee\u021bi realizezi un cont de p\u0103rinte, vom prelua datele din acel cont.","og_url":"https:\/\/www.iomft.ro\/index.php\/consultatie-on-line\/","og_site_name":"IOMFT","article_modified_time":"2026-03-05T08:02:27+00:00","twitter_card":"summary_large_image","twitter_misc":{"Timp estimat pentru citire":"1 minut"},"schema":{"@context":"https:\/\/schema.org","@graph":[{"@type":"WebPage","@id":"https:\/\/www.iomft.ro\/index.php\/consultatie-on-line\/","url":"https:\/\/www.iomft.ro\/index.php\/consultatie-on-line\/","name":"Consulta\u021bie on-line - IOMFT","isPartOf":{"@id":"https:\/\/www.iomft.ro\/#website"},"datePublished":"2026-03-03T20:54:56+00:00","dateModified":"2026-03-05T08:02:27+00:00","breadcrumb":{"@id":"https:\/\/www.iomft.ro\/index.php\/consultatie-on-line\/#breadcrumb"},"inLanguage":"ro-RO","potentialAction":[{"@type":"ReadAction","target":["https:\/\/www.iomft.ro\/index.php\/consultatie-on-line\/"]}]},{"@type":"BreadcrumbList","@id":"https:\/\/www.iomft.ro\/index.php\/consultatie-on-line\/#breadcrumb","itemListElement":[{"@type":"ListItem","position":1,"name":"Home","item":"https:\/\/www.iomft.ro\/"},{"@type":"ListItem","position":2,"name":"Consulta\u021bie on-line"}]},{"@type":"WebSite","@id":"https:\/\/www.iomft.ro\/#website","url":"https:\/\/www.iomft.ro\/","name":"IOMFT","description":"","publisher":{"@id":"https:\/\/www.iomft.ro\/#organization"},"potentialAction":[{"@type":"SearchAction","target":{"@type":"EntryPoint","urlTemplate":"https:\/\/www.iomft.ro\/?s={search_term_string}"},"query-input":{"@type":"PropertyValueSpecification","valueRequired":true,"valueName":"search_term_string"}}],"inLanguage":"ro-RO"},{"@type":"Organization","@id":"https:\/\/www.iomft.ro\/#organization","name":"IOMFT","url":"https:\/\/www.iomft.ro\/","logo":{"@type":"ImageObject","inLanguage":"ro-RO","@id":"https:\/\/www.iomft.ro\/#\/schema\/logo\/image\/","url":"https:\/\/www.iomft.ro\/wp-content\/uploads\/2024\/09\/cropped-logo@2x.png","contentUrl":"https:\/\/www.iomft.ro\/wp-content\/uploads\/2024\/09\/cropped-logo@2x.png","width":1000,"height":250,"caption":"IOMFT"},"image":{"@id":"https:\/\/www.iomft.ro\/#\/schema\/logo\/image\/"}}]}},"jetpack_sharing_enabled":true,"_links":{"self":[{"href":"https:\/\/www.iomft.ro\/index.php\/wp-json\/wp\/v2\/pages\/1996","targetHints":{"allow":["GET"]}}],"collection":[{"href":"https:\/\/www.iomft.ro\/index.php\/wp-json\/wp\/v2\/pages"}],"about":[{"href":"https:\/\/www.iomft.ro\/index.php\/wp-json\/wp\/v2\/types\/page"}],"author":[{"embeddable":true,"href":"https:\/\/www.iomft.ro\/index.php\/wp-json\/wp\/v2\/users\/1"}],"replies":[{"embeddable":true,"href":"https:\/\/www.iomft.ro\/index.php\/wp-json\/wp\/v2\/comments?post=1996"}],"version-history":[{"count":7,"href":"https:\/\/www.iomft.ro\/index.php\/wp-json\/wp\/v2\/pages\/1996\/revisions"}],"predecessor-version":[{"id":2005,"href":"https:\/\/www.iomft.ro\/index.php\/wp-json\/wp\/v2\/pages\/1996\/revisions\/2005"}],"wp:attachment":[{"href":"https:\/\/www.iomft.ro\/index.php\/wp-json\/wp\/v2\/media?parent=1996"}],"curies":[{"name":"wp","href":"https:\/\/api.w.org\/{rel}","templated":true}]}}