{"id":281,"date":"2024-09-26T07:10:20","date_gmt":"2024-09-26T07:10:20","guid":{"rendered":"https:\/\/dev.omft.ro\/?page_id=281"},"modified":"2026-02-26T11:17:08","modified_gmt":"2026-02-26T11:17:08","slug":"cele-10-semnale-de-alarma","status":"publish","type":"page","link":"https:\/\/www.iomft.ro\/index.php\/cele-10-semnale-de-alarma\/","title":{"rendered":"Cele 10 Semnale de Alarm\u0103"},"content":{"rendered":"\t\t<div data-elementor-type=\"wp-page\" data-elementor-id=\"281\" class=\"elementor elementor-281\">\n\t\t\t\t<div class=\"elementor-element elementor-element-3269774 e-flex e-con-boxed e-con e-parent\" data-id=\"3269774\" data-element_type=\"container\" id=\"header_top\" data-settings=\"{&quot;background_background&quot;:&quot;classic&quot;}\">\n\t\t\t\t\t<div class=\"e-con-inner\">\n\t\t\t\t<div class=\"elementor-element elementor-element-da44515 elementor-widget__width-initial elementor-widget elementor-widget-text-editor\" data-id=\"da44515\" data-element_type=\"widget\" data-widget_type=\"text-editor.default\">\n\t\t\t\t<div class=\"elementor-widget-container\">\n\t\t\t\t\t\t\t\t\t<h2><strong>\u201eA\u0219 fi vrut s\u0103 \u0219tiu toate acestea c\u00e2nd era mai mic&#8230; \u201e<\/strong><\/h2><p>Aceasta este cea mai comun\u0103 reac\u021bie a p\u0103rin\u021bilor care ne trec pragul. O p\u0103rere de r\u0103u despre timpul \u0219i oportunit\u0103\u021bile pierdute, care nu mai pot fi recuperate dec\u00e2t cu eforturi, cheltuieli \u0219i disconfort.<\/p><p>Copil\u0103ria ne ofer\u0103 mereu ocazia de a intercepta \u0219i repara natural devia\u021biile de dezvoltare \u0219i totul poate ajunge din nou \u00een parametrii normali fie prin achizi\u021bia unor deprinderi s\u0103n\u0103toase, fie prin joc sau elemente ale rutinei zilnice.<\/p>\t\t\t\t\t\t\t\t<\/div>\n\t\t\t\t<\/div>\n\t\t\t\t\t<\/div>\n\t\t\t\t<\/div>\n\t\t<div class=\"elementor-element elementor-element-035be5b e-flex e-con-boxed e-con e-parent\" data-id=\"035be5b\" data-element_type=\"container\">\n\t\t\t\t\t<div class=\"e-con-inner\">\n\t\t\t\t<div class=\"elementor-element elementor-element-c681c75 elementor-widget elementor-widget-heading\" data-id=\"c681c75\" data-element_type=\"widget\" data-widget_type=\"heading.default\">\n\t\t\t\t<div class=\"elementor-widget-container\">\n\t\t\t\t\t<h1 class=\"elementor-heading-title elementor-size-default\">10 semnale de alarm\u0103 ale<br> tulbur\u0103rilor miofunc\u021bionale<\/h1>\t\t\t\t<\/div>\n\t\t\t\t<\/div>\n\t\t\t\t\t<\/div>\n\t\t\t\t<\/div>\n\t\t<div class=\"elementor-element elementor-element-55d8b52 e-flex e-con-boxed e-con e-parent\" data-id=\"55d8b52\" data-element_type=\"container\">\n\t\t\t\t\t<div class=\"e-con-inner\">\n\t\t\t\t<div class=\"elementor-element elementor-element-383174e yellow_question elementor-widget elementor-widget-heading\" data-id=\"383174e\" data-element_type=\"widget\" data-widget_type=\"heading.default\">\n\t\t\t\t<div class=\"elementor-widget-container\">\n\t\t\t\t\t<h3 class=\"elementor-heading-title elementor-size-default\">1. Copilul respir\u0103 pe gur\u0103?<\/h3>\t\t\t\t<\/div>\n\t\t\t\t<\/div>\n\t\t\t\t\t<\/div>\n\t\t\t\t<\/div>\n\t\t<div class=\"elementor-element elementor-element-1f7de66 e-flex e-con-boxed e-con e-parent\" data-id=\"1f7de66\" data-element_type=\"container\">\n\t\t\t\t\t<div class=\"e-con-inner\">\n\t\t\t\t<div class=\"elementor-element elementor-element-d8e8a7a purple_question elementor-widget elementor-widget-heading\" data-id=\"d8e8a7a\" data-element_type=\"widget\" data-widget_type=\"heading.default\">\n\t\t\t\t<div class=\"elementor-widget-container\">\n\t\t\t\t\t<h3 class=\"elementor-heading-title elementor-size-default\">2. Copilul sfor\u0103ie?<\/h3>\t\t\t\t<\/div>\n\t\t\t\t<\/div>\n\t\t\t\t\t<\/div>\n\t\t\t\t<\/div>\n\t\t<div class=\"elementor-element elementor-element-5788bdf e-flex e-con-boxed e-con e-parent\" data-id=\"5788bdf\" data-element_type=\"container\">\n\t\t\t\t\t<div class=\"e-con-inner\">\n\t\t\t\t<div class=\"elementor-element elementor-element-ebf0419 yellow_question elementor-widget elementor-widget-heading\" data-id=\"ebf0419\" data-element_type=\"widget\" data-widget_type=\"heading.default\">\n\t\t\t\t<div class=\"elementor-widget-container\">\n\t\t\t\t\t<h3 class=\"elementor-heading-title elementor-size-default\">3. Copilul a avut un consult ORL \u00een urma c\u0103ruia s-a stabilit necesitatea unei interven\u021bii, dar sunte\u021bi nesigur \u00een leg\u0103tur\u0103 cu aceasta?<\/h3>\t\t\t\t<\/div>\n\t\t\t\t<\/div>\n\t\t\t\t\t<\/div>\n\t\t\t\t<\/div>\n\t\t<div class=\"elementor-element elementor-element-fea6a50 e-flex e-con-boxed e-con e-parent\" data-id=\"fea6a50\" data-element_type=\"container\">\n\t\t\t\t\t<div class=\"e-con-inner\">\n\t\t\t\t<div class=\"elementor-element elementor-element-1600eba purple_question elementor-widget elementor-widget-heading\" data-id=\"1600eba\" data-element_type=\"widget\" data-widget_type=\"heading.default\">\n\t\t\t\t<div class=\"elementor-widget-container\">\n\t\t\t\t\t<h3 class=\"elementor-heading-title elementor-size-default\">4. \u00cei este greu s\u0103 \u021bin\u0103 gura \u00eenchis\u0103?<\/h3>\t\t\t\t<\/div>\n\t\t\t\t<\/div>\n\t\t\t\t\t<\/div>\n\t\t\t\t<\/div>\n\t\t<div class=\"elementor-element elementor-element-9921427 e-flex e-con-boxed e-con e-parent\" data-id=\"9921427\" data-element_type=\"container\">\n\t\t\t\t\t<div class=\"e-con-inner\">\n\t\t\t\t<div class=\"elementor-element elementor-element-876f99e yellow_question elementor-widget elementor-widget-heading\" data-id=\"876f99e\" data-element_type=\"widget\" data-widget_type=\"heading.default\">\n\t\t\t\t<div class=\"elementor-widget-container\">\n\t\t\t\t\t<h3 class=\"elementor-heading-title elementor-size-default\">5. Are probleme de pronun\u021bie. Sunt sunete sau cuvinte pe care nu le articuleaz\u0103 corect?<\/h3>\t\t\t\t<\/div>\n\t\t\t\t<\/div>\n\t\t\t\t\t<\/div>\n\t\t\t\t<\/div>\n\t\t<div class=\"elementor-element elementor-element-5df8b4b e-flex e-con-boxed e-con e-parent\" data-id=\"5df8b4b\" data-element_type=\"container\">\n\t\t\t\t\t<div class=\"e-con-inner\">\n\t\t\t\t<div class=\"elementor-element elementor-element-e00f1eb purple_question elementor-widget elementor-widget-heading\" data-id=\"e00f1eb\" data-element_type=\"widget\" data-widget_type=\"heading.default\">\n\t\t\t\t<div class=\"elementor-widget-container\">\n\t\t\t\t\t<h3 class=\"elementor-heading-title elementor-size-default\">6. Exist\u0103 dificult\u0103\u021bi c\u00e2nd copilul \u00eenghite?<\/h3>\t\t\t\t<\/div>\n\t\t\t\t<\/div>\n\t\t\t\t\t<\/div>\n\t\t\t\t<\/div>\n\t\t<div class=\"elementor-element elementor-element-17d701a e-flex e-con-boxed e-con e-parent\" data-id=\"17d701a\" data-element_type=\"container\">\n\t\t\t\t\t<div class=\"e-con-inner\">\n\t\t\t\t<div class=\"elementor-element elementor-element-d0658f6 yellow_question elementor-widget elementor-widget-heading\" data-id=\"d0658f6\" data-element_type=\"widget\" data-widget_type=\"heading.default\">\n\t\t\t\t<div class=\"elementor-widget-container\">\n\t\t\t\t\t<h3 class=\"elementor-heading-title elementor-size-default\">7. Copilul prefer\u0103 s\u0103 man\u00e2nce lucruri moi. M\u0103n\u00e2nc\u0103 prea repede \u0219i inghite f\u0103r\u0103 s\u0103 mestece sau, dimpotriv\u0103, mestec\u0103 foarte mult \u0219i bea ap\u0103 \u00een timpul mesei?<\/h3>\t\t\t\t<\/div>\n\t\t\t\t<\/div>\n\t\t\t\t\t<\/div>\n\t\t\t\t<\/div>\n\t\t<div class=\"elementor-element elementor-element-0f9f9b3 e-flex e-con-boxed e-con e-parent\" data-id=\"0f9f9b3\" data-element_type=\"container\">\n\t\t\t\t\t<div class=\"e-con-inner\">\n\t\t\t\t<div class=\"elementor-element elementor-element-da33bb4 purple_question elementor-widget elementor-widget-heading\" data-id=\"da33bb4\" data-element_type=\"widget\" data-widget_type=\"heading.default\">\n\t\t\t\t<div class=\"elementor-widget-container\">\n\t\t\t\t\t<h3 class=\"elementor-heading-title elementor-size-default\">8. Copilul obose\u0219te u\u0219or dup\u0103 ce alearg\u0103 sau face exerci\u021bii fizice?<\/h3>\t\t\t\t<\/div>\n\t\t\t\t<\/div>\n\t\t\t\t\t<\/div>\n\t\t\t\t<\/div>\n\t\t<div class=\"elementor-element elementor-element-9c3be39 e-flex e-con-boxed e-con e-parent\" data-id=\"9c3be39\" data-element_type=\"container\">\n\t\t\t\t\t<div class=\"e-con-inner\">\n\t\t\t\t<div class=\"elementor-element elementor-element-6b946ae yellow_question elementor-widget elementor-widget-heading\" data-id=\"6b946ae\" data-element_type=\"widget\" data-widget_type=\"heading.default\">\n\t\t\t\t<div class=\"elementor-widget-container\">\n\t\t\t\t\t<h3 class=\"elementor-heading-title elementor-size-default\">9. Are saliv\u0103 \u00een col\u021burile gurii \u00een timpul zilei?<\/h3>\t\t\t\t<\/div>\n\t\t\t\t<\/div>\n\t\t\t\t\t<\/div>\n\t\t\t\t<\/div>\n\t\t<div class=\"elementor-element elementor-element-5c96724 e-flex e-con-boxed e-con e-parent\" data-id=\"5c96724\" data-element_type=\"container\">\n\t\t\t\t\t<div class=\"e-con-inner\">\n\t\t\t\t<div class=\"elementor-element elementor-element-4cf3a56 purple_question elementor-widget elementor-widget-heading\" data-id=\"4cf3a56\" data-element_type=\"widget\" data-widget_type=\"heading.default\">\n\t\t\t\t<div class=\"elementor-widget-container\">\n\t\t\t\t\t<h3 class=\"elementor-heading-title elementor-size-default\">10. Copilul r\u0103ce\u0219te frecvent sau are alergii?<\/h3>\t\t\t\t<\/div>\n\t\t\t\t<\/div>\n\t\t\t\t\t<\/div>\n\t\t\t\t<\/div>\n\t\t<div class=\"elementor-element elementor-element-9b4caa8 e-flex e-con-boxed e-con e-parent\" data-id=\"9b4caa8\" data-element_type=\"container\">\n\t\t\t\t\t<div class=\"e-con-inner\">\n\t\t\t\t<div class=\"elementor-element elementor-element-1b3bb29 elementor-widget elementor-widget-text-editor\" data-id=\"1b3bb29\" data-element_type=\"widget\" data-widget_type=\"text-editor.default\">\n\t\t\t\t<div class=\"elementor-widget-container\">\n\t\t\t\t\t\t\t\t\t<p>Dac\u0103 a\u021bi r\u0103spuns cu DA la cel putin 3 \u00eentrebari de mai sus, v\u0103 recomand\u0103m s\u0103 efecta\u021bi o evaluare miofunc\u021bional\u0103 pentru a primi un plan adecvat de interven\u021bie.<\/p><p>Suna\u021bi acum la <a href=\"tel:0759065065\">0759065065<\/a> sau trimite\u021bi un mail la <a href=\"mailto:contact@iomft.ro\">contact@iomft.ro<\/a><\/p>\t\t\t\t\t\t\t\t<\/div>\n\t\t\t\t<\/div>\n\t\t\t\t\t<\/div>\n\t\t\t\t<\/div>\n\t\t<div class=\"elementor-element elementor-element-e8ffa69 footer_text e-flex e-con-boxed e-con e-parent\" data-id=\"e8ffa69\" data-element_type=\"container\" data-settings=\"{&quot;background_background&quot;:&quot;classic&quot;}\">\n\t\t\t\t\t<div class=\"e-con-inner\">\n\t\t<div class=\"elementor-element elementor-element-0f4a0a0 e-con-full e-flex e-con e-child\" data-id=\"0f4a0a0\" data-element_type=\"container\">\n\t\t\t\t<div class=\"elementor-element elementor-element-ac3fb44 elementor-widget elementor-widget-text-editor\" data-id=\"ac3fb44\" data-element_type=\"widget\" data-widget_type=\"text-editor.default\">\n\t\t\t\t<div class=\"elementor-widget-container\">\n\t\t\t\t\t\t\t\t\t<h2>Apropie-te de copilul t\u0103u<\/h2><p>E\u0219ti cea care i-a dat via\u021b\u0103, sau sunte\u021bi cei care \u00eel cre\u0219te\u021bi. Nimeni nu va putea avea vreodat\u0103 aceast\u0103 apropiere cu copilul t\u0103u. Nimeni nu va petrece at\u00e2t de mult timp cu el, nu-i va cunoa\u0219te toate obiceiurile \u0219i dispozi\u021biile, evolu\u021biile sau problemele.<\/p><p>Iar acest lucru nu poate s\u0103 \u00eensemne dec\u00e2t c\u0103 e\u0219ti \u0219i persoana care \u00eei va influen\u021ba cel mai mult dezvoltarea \u0219i viitorul.<\/p><p>Suntem aici s\u0103 \u00ee\u021bi facem aceast\u0103 responsabilitate mult mai u\u0219oar\u0103 si s\u0103 te ajut\u0103m s\u0103 cre\u0219tem ni\u0219te adolescen\u021bi \u0219i adul\u021bi s\u0103n\u0103to\u0219i. Suntem aici s\u0103 \u00ee\u021bi ar\u0103t\u0103m ceea ce mul\u021bi nu v\u0103d sau nu acord\u0103 importan\u021b\u0103.<\/p><h2>S\u0103 \u00eenv\u0103\u021b\u0103m s\u0103 ne observ\u0103m copiii<\/h2><p>Pentru c\u0103 petrece\u021bi foarte mult timp al\u0103turi de copilul dumneavoastr\u0103, sunte\u021bi cea mai \u00een m\u0103sur\u0103 s\u0103 \u00eei cunoa\u0219te\u021bi \u00een detaliu comportamentul.<\/p><p>Observa\u021bia copilului \u0219i capacitatea de a deosebi semnele s\u0103n\u0103toase de cele care anun\u021b\u0103 probleme sau evolu\u021bii care trebuie luate \u00een seam\u0103 sunt esen\u021biale \u00een primii ani de via\u021b\u0103. Aceast\u0103 abilitate face diferen\u021ba pentru viteza de reac\u021bie \u0219i interven\u021bie \u00een vederea rezolv\u0103rii acestora \u0219i opririi din dezvoltare a evolu\u021biilor problematice.<\/p><p>Felul \u00een care vorbe\u0219te, doarme, respir\u0103, m\u0103n\u00e2nc\u0103, postura, respira\u021bia oral\u0103, mu\u0219c\u0103tura, dispozi\u021bia \u0219i starea general\u0103 sunt tot at\u00e2tea semne care trebuie s\u0103 ne fac\u0103 mai atente fa\u021b\u0103 de copiii no\u0219tri.<\/p>\t\t\t\t\t\t\t\t<\/div>\n\t\t\t\t<\/div>\n\t\t\t\t<\/div>\n\t\t<div class=\"elementor-element elementor-element-b02a2ca e-con-full e-flex e-con e-child\" data-id=\"b02a2ca\" data-element_type=\"container\">\n\t\t\t\t<div class=\"elementor-element elementor-element-6758274 elementor-widget elementor-widget-text-editor\" data-id=\"6758274\" data-element_type=\"widget\" data-widget_type=\"text-editor.default\">\n\t\t\t\t<div class=\"elementor-widget-container\">\n\t\t\t\t\t\t\t\t\t<h2>S\u0103 ne schimb\u0103m mindsetul cu privire la v\u00e2rsta mic\u0103<\/h2><p>Oamenii se formeaz\u0103 \u00eentr-o propor\u021bie cov\u00e2r\u0219itoare \u00een primii ani de via\u021b\u0103. Copil\u0103ria este, din foarte multe puncte de vedere, funda\u021bia s\u0103n\u0103t\u0103\u021bii adultului de peste ani.<\/p><p><br \/>Mai mult, copil\u0103ria ne ofer\u0103 o oportunitate unic\u0103: s\u0103 corect\u0103m cel mai repede \u0219i eficient eventualele probleme identificate acum.<\/p><p><br \/>\u00cen copil\u0103rie, corpul r\u0103spunde extrem de repede \u0219i eficient la orice interven\u021bie, fie bun\u0103, fie rea, iar acest moment trebuie s\u0103 fie folosit de c\u0103tre p\u0103rin\u021bi pentru a corecta \u0219i \u00eembun\u0103t\u0103\u021bi performan\u021bele viitorului adult.<\/p><p><br \/>Este gre\u0219it\u0103 abordarea care las\u0103 s\u0103 treac\u0103 timp pentru a rezolva probleme identificate acum, pentru mai t\u00e2rziu. V\u00e2rsta mic\u0103 este cea mai ofertant\u0103, at\u00e2t din perspectiva efortului copilului, dar mai ales din perspectiva rezultatelor.<\/p><h2>S\u0103 lu\u0103m o decizie de a interveni preventiv<\/h2>\t\t\t\t\t\t\t\t<\/div>\n\t\t\t\t<\/div>\n\t\t\t\t<\/div>\n\t\t\t\t\t<\/div>\n\t\t\t\t<\/div>\n\t\t\t\t<\/div>\n\t\t","protected":false},"excerpt":{"rendered":"<p>\u201eA\u0219 fi vrut s\u0103 \u0219tiu toate acestea c\u00e2nd era mai mic&#8230; \u201e Aceasta este cea mai comun\u0103 reac\u021bie a p\u0103rin\u021bilor care ne trec pragul. O p\u0103rere de r\u0103u despre timpul \u0219i oportunit\u0103\u021bile pierdute, care nu mai pot fi recuperate dec\u00e2t cu eforturi, cheltuieli \u0219i disconfort. Copil\u0103ria ne ofer\u0103 mereu ocazia de a intercepta \u0219i repara &hellip; <\/p>\n<p class=\"link-more\"><a href=\"https:\/\/www.iomft.ro\/index.php\/cele-10-semnale-de-alarma\/\" class=\"more-link\">Continue reading<span class=\"screen-reader-text\"> &#8222;Cele 10 Semnale de Alarm\u0103&#8221;<\/span><\/a><\/p>\n","protected":false},"author":1,"featured_media":0,"parent":0,"menu_order":0,"comment_status":"closed","ping_status":"closed","template":"","meta":{"_acf_changed":false,"footnotes":""},"class_list":["post-281","page","type-page","status-publish","hentry"],"acf":[],"yoast_head":"<!-- This site is optimized with the Yoast SEO plugin v27.3 - https:\/\/yoast.com\/product\/yoast-seo-wordpress\/ -->\n<title>Cele 10 Semnale de Alarm\u0103 - IOMFT<\/title>\n<meta name=\"robots\" content=\"index, follow, max-snippet:-1, max-image-preview:large, max-video-preview:-1\" \/>\n<link rel=\"canonical\" href=\"https:\/\/www.iomft.ro\/index.php\/cele-10-semnale-de-alarma\/\" \/>\n<meta property=\"og:locale\" content=\"ro_RO\" \/>\n<meta property=\"og:type\" content=\"article\" \/>\n<meta property=\"og:title\" content=\"Cele 10 Semnale de Alarm\u0103 - IOMFT\" \/>\n<meta property=\"og:description\" content=\"\u201eA\u0219 fi vrut s\u0103 \u0219tiu toate acestea c\u00e2nd era mai mic&#8230; \u201e Aceasta este cea mai comun\u0103 reac\u021bie a p\u0103rin\u021bilor care ne trec pragul. O p\u0103rere de r\u0103u despre timpul \u0219i oportunit\u0103\u021bile pierdute, care nu mai pot fi recuperate dec\u00e2t cu eforturi, cheltuieli \u0219i disconfort. Copil\u0103ria ne ofer\u0103 mereu ocazia de a intercepta \u0219i repara &hellip; Continue reading &quot;Cele 10 Semnale de Alarm\u0103&quot;\" \/>\n<meta property=\"og:url\" content=\"https:\/\/www.iomft.ro\/index.php\/cele-10-semnale-de-alarma\/\" \/>\n<meta property=\"og:site_name\" content=\"IOMFT\" \/>\n<meta property=\"article:modified_time\" content=\"2026-02-26T11:17:08+00:00\" \/>\n<meta name=\"twitter:card\" content=\"summary_large_image\" \/>\n<meta name=\"twitter:label1\" content=\"Timp estimat pentru citire\" \/>\n\t<meta name=\"twitter:data1\" content=\"4 minute\" \/>\n<script type=\"application\/ld+json\" class=\"yoast-schema-graph\">{\"@context\":\"https:\\\/\\\/schema.org\",\"@graph\":[{\"@type\":\"WebPage\",\"@id\":\"https:\\\/\\\/www.iomft.ro\\\/index.php\\\/cele-10-semnale-de-alarma\\\/\",\"url\":\"https:\\\/\\\/www.iomft.ro\\\/index.php\\\/cele-10-semnale-de-alarma\\\/\",\"name\":\"Cele 10 Semnale de Alarm\u0103 - IOMFT\",\"isPartOf\":{\"@id\":\"https:\\\/\\\/www.iomft.ro\\\/#website\"},\"datePublished\":\"2024-09-26T07:10:20+00:00\",\"dateModified\":\"2026-02-26T11:17:08+00:00\",\"breadcrumb\":{\"@id\":\"https:\\\/\\\/www.iomft.ro\\\/index.php\\\/cele-10-semnale-de-alarma\\\/#breadcrumb\"},\"inLanguage\":\"ro-RO\",\"potentialAction\":[{\"@type\":\"ReadAction\",\"target\":[\"https:\\\/\\\/www.iomft.ro\\\/index.php\\\/cele-10-semnale-de-alarma\\\/\"]}]},{\"@type\":\"BreadcrumbList\",\"@id\":\"https:\\\/\\\/www.iomft.ro\\\/index.php\\\/cele-10-semnale-de-alarma\\\/#breadcrumb\",\"itemListElement\":[{\"@type\":\"ListItem\",\"position\":1,\"name\":\"Home\",\"item\":\"https:\\\/\\\/www.iomft.ro\\\/\"},{\"@type\":\"ListItem\",\"position\":2,\"name\":\"Cele 10 Semnale de Alarm\u0103\"}]},{\"@type\":\"WebSite\",\"@id\":\"https:\\\/\\\/www.iomft.ro\\\/#website\",\"url\":\"https:\\\/\\\/www.iomft.ro\\\/\",\"name\":\"IOMFT\",\"description\":\"\",\"publisher\":{\"@id\":\"https:\\\/\\\/www.iomft.ro\\\/#organization\"},\"potentialAction\":[{\"@type\":\"SearchAction\",\"target\":{\"@type\":\"EntryPoint\",\"urlTemplate\":\"https:\\\/\\\/www.iomft.ro\\\/?s={search_term_string}\"},\"query-input\":{\"@type\":\"PropertyValueSpecification\",\"valueRequired\":true,\"valueName\":\"search_term_string\"}}],\"inLanguage\":\"ro-RO\"},{\"@type\":\"Organization\",\"@id\":\"https:\\\/\\\/www.iomft.ro\\\/#organization\",\"name\":\"IOMFT\",\"url\":\"https:\\\/\\\/www.iomft.ro\\\/\",\"logo\":{\"@type\":\"ImageObject\",\"inLanguage\":\"ro-RO\",\"@id\":\"https:\\\/\\\/www.iomft.ro\\\/#\\\/schema\\\/logo\\\/image\\\/\",\"url\":\"https:\\\/\\\/www.iomft.ro\\\/wp-content\\\/uploads\\\/2024\\\/09\\\/cropped-logo@2x.png\",\"contentUrl\":\"https:\\\/\\\/www.iomft.ro\\\/wp-content\\\/uploads\\\/2024\\\/09\\\/cropped-logo@2x.png\",\"width\":1000,\"height\":250,\"caption\":\"IOMFT\"},\"image\":{\"@id\":\"https:\\\/\\\/www.iomft.ro\\\/#\\\/schema\\\/logo\\\/image\\\/\"}}]}<\/script>\n<!-- \/ Yoast SEO plugin. -->","yoast_head_json":{"title":"Cele 10 Semnale de Alarm\u0103 - IOMFT","robots":{"index":"index","follow":"follow","max-snippet":"max-snippet:-1","max-image-preview":"max-image-preview:large","max-video-preview":"max-video-preview:-1"},"canonical":"https:\/\/www.iomft.ro\/index.php\/cele-10-semnale-de-alarma\/","og_locale":"ro_RO","og_type":"article","og_title":"Cele 10 Semnale de Alarm\u0103 - IOMFT","og_description":"\u201eA\u0219 fi vrut s\u0103 \u0219tiu toate acestea c\u00e2nd era mai mic&#8230; \u201e Aceasta este cea mai comun\u0103 reac\u021bie a p\u0103rin\u021bilor care ne trec pragul. O p\u0103rere de r\u0103u despre timpul \u0219i oportunit\u0103\u021bile pierdute, care nu mai pot fi recuperate dec\u00e2t cu eforturi, cheltuieli \u0219i disconfort. Copil\u0103ria ne ofer\u0103 mereu ocazia de a intercepta \u0219i repara &hellip; Continue reading \"Cele 10 Semnale de Alarm\u0103\"","og_url":"https:\/\/www.iomft.ro\/index.php\/cele-10-semnale-de-alarma\/","og_site_name":"IOMFT","article_modified_time":"2026-02-26T11:17:08+00:00","twitter_card":"summary_large_image","twitter_misc":{"Timp estimat pentru citire":"4 minute"},"schema":{"@context":"https:\/\/schema.org","@graph":[{"@type":"WebPage","@id":"https:\/\/www.iomft.ro\/index.php\/cele-10-semnale-de-alarma\/","url":"https:\/\/www.iomft.ro\/index.php\/cele-10-semnale-de-alarma\/","name":"Cele 10 Semnale de Alarm\u0103 - IOMFT","isPartOf":{"@id":"https:\/\/www.iomft.ro\/#website"},"datePublished":"2024-09-26T07:10:20+00:00","dateModified":"2026-02-26T11:17:08+00:00","breadcrumb":{"@id":"https:\/\/www.iomft.ro\/index.php\/cele-10-semnale-de-alarma\/#breadcrumb"},"inLanguage":"ro-RO","potentialAction":[{"@type":"ReadAction","target":["https:\/\/www.iomft.ro\/index.php\/cele-10-semnale-de-alarma\/"]}]},{"@type":"BreadcrumbList","@id":"https:\/\/www.iomft.ro\/index.php\/cele-10-semnale-de-alarma\/#breadcrumb","itemListElement":[{"@type":"ListItem","position":1,"name":"Home","item":"https:\/\/www.iomft.ro\/"},{"@type":"ListItem","position":2,"name":"Cele 10 Semnale de Alarm\u0103"}]},{"@type":"WebSite","@id":"https:\/\/www.iomft.ro\/#website","url":"https:\/\/www.iomft.ro\/","name":"IOMFT","description":"","publisher":{"@id":"https:\/\/www.iomft.ro\/#organization"},"potentialAction":[{"@type":"SearchAction","target":{"@type":"EntryPoint","urlTemplate":"https:\/\/www.iomft.ro\/?s={search_term_string}"},"query-input":{"@type":"PropertyValueSpecification","valueRequired":true,"valueName":"search_term_string"}}],"inLanguage":"ro-RO"},{"@type":"Organization","@id":"https:\/\/www.iomft.ro\/#organization","name":"IOMFT","url":"https:\/\/www.iomft.ro\/","logo":{"@type":"ImageObject","inLanguage":"ro-RO","@id":"https:\/\/www.iomft.ro\/#\/schema\/logo\/image\/","url":"https:\/\/www.iomft.ro\/wp-content\/uploads\/2024\/09\/cropped-logo@2x.png","contentUrl":"https:\/\/www.iomft.ro\/wp-content\/uploads\/2024\/09\/cropped-logo@2x.png","width":1000,"height":250,"caption":"IOMFT"},"image":{"@id":"https:\/\/www.iomft.ro\/#\/schema\/logo\/image\/"}}]}},"jetpack_sharing_enabled":true,"_links":{"self":[{"href":"https:\/\/www.iomft.ro\/index.php\/wp-json\/wp\/v2\/pages\/281","targetHints":{"allow":["GET"]}}],"collection":[{"href":"https:\/\/www.iomft.ro\/index.php\/wp-json\/wp\/v2\/pages"}],"about":[{"href":"https:\/\/www.iomft.ro\/index.php\/wp-json\/wp\/v2\/types\/page"}],"author":[{"embeddable":true,"href":"https:\/\/www.iomft.ro\/index.php\/wp-json\/wp\/v2\/users\/1"}],"replies":[{"embeddable":true,"href":"https:\/\/www.iomft.ro\/index.php\/wp-json\/wp\/v2\/comments?post=281"}],"version-history":[{"count":64,"href":"https:\/\/www.iomft.ro\/index.php\/wp-json\/wp\/v2\/pages\/281\/revisions"}],"predecessor-version":[{"id":1887,"href":"https:\/\/www.iomft.ro\/index.php\/wp-json\/wp\/v2\/pages\/281\/revisions\/1887"}],"wp:attachment":[{"href":"https:\/\/www.iomft.ro\/index.php\/wp-json\/wp\/v2\/media?parent=281"}],"curies":[{"name":"wp","href":"https:\/\/api.w.org\/{rel}","templated":true}]}}