{"id":743,"date":"2025-07-24T13:23:08","date_gmt":"2025-07-24T13:23:08","guid":{"rendered":"https:\/\/www.iomft.ro\/?page_id=743"},"modified":"2026-03-03T20:36:19","modified_gmt":"2026-03-03T20:36:19","slug":"misiune","status":"publish","type":"page","link":"https:\/\/www.iomft.ro\/index.php\/misiune\/","title":{"rendered":"Misiune"},"content":{"rendered":"\t\t<div data-elementor-type=\"wp-page\" data-elementor-id=\"743\" class=\"elementor elementor-743\">\n\t\t\t\t<div class=\"elementor-element elementor-element-b79d3d8 e-grid e-con-boxed e-con e-parent\" data-id=\"b79d3d8\" data-element_type=\"container\" id=\"header_top\" data-settings=\"{&quot;background_background&quot;:&quot;classic&quot;}\">\n\t\t\t\t\t<div class=\"e-con-inner\">\n\t\t\t\t<div class=\"elementor-element elementor-element-65a48a2 home_intro elementor-widget elementor-widget-heading\" data-id=\"65a48a2\" data-element_type=\"widget\" data-widget_type=\"heading.default\">\n\t\t\t\t<div class=\"elementor-widget-container\">\n\t\t\t\t\t<h2 class=\"elementor-heading-title elementor-size-default\">Misiunea noastr\u0103\n<\/h2>\t\t\t\t<\/div>\n\t\t\t\t<\/div>\n\t\t\t\t<div class=\"elementor-element elementor-element-4a53ad2 elementor-widget__width-initial elementor-widget elementor-widget-text-editor\" data-id=\"4a53ad2\" data-element_type=\"widget\" data-widget_type=\"text-editor.default\">\n\t\t\t\t<div class=\"elementor-widget-container\">\n\t\t\t\t\t\t\t\t\t<p>Mame informate pentru copii care cresc s\u0103n\u0103to\u0219i \u00een mod natural.<\/p><p>Speciali\u0219ti care colaboreaz\u0103 interdisciplinar pentru solu\u021bii medicale integrate<\/p>\t\t\t\t\t\t\t\t<\/div>\n\t\t\t\t<\/div>\n\t\t\t\t\t<\/div>\n\t\t\t\t<\/div>\n\t\t<div class=\"elementor-element elementor-element-604e431 e-con-full e-flex e-con e-parent\" data-id=\"604e431\" data-element_type=\"container\" data-settings=\"{&quot;background_background&quot;:&quot;classic&quot;}\">\n\t\t<div class=\"elementor-element elementor-element-56903d5 e-flex e-con-boxed e-con e-child\" data-id=\"56903d5\" data-element_type=\"container\">\n\t\t\t\t\t<div class=\"e-con-inner\">\n\t\t\t\t<div class=\"elementor-element elementor-element-6ec3c50 elementor-widget__width-initial elementor-widget elementor-widget-text-editor\" data-id=\"6ec3c50\" data-element_type=\"widget\" data-widget_type=\"text-editor.default\">\n\t\t\t\t<div class=\"elementor-widget-container\">\n\t\t\t\t\t\t\t\t\t<p>Suntem aici pentru a te \u00eenv\u0103\u021ba s\u0103 ascul\u021bi \u0219i s\u0103 \u00een\u021belegi corpul copilului t\u0103u. S\u0103 po\u021bi identifica c\u00e2t mai repede simptome \u0219i evolu\u021bii. S\u0103 fii cea care ia decizia la primele semne.<\/p><p>Pentru c\u0103 o decizie luat\u0103 devreme \u00eenseamn\u0103 mai mult bine pentru copilul t\u0103u. Pentru capacitatea lui natural\u0103 de \u00eens\u0103n\u0103to\u0219ire, pentru confortul lui \u0219i nu \u00een ultimul r\u00e2nd pentru costurile reabilit\u0103rii.<\/p><p>Te ajut\u0103m s\u0103 \u00een\u021belegi ca s\u0103 po\u021bi s\u0103 ac\u021bionezi.<\/p><p>Credem \u00een preven\u021bie, \u00een puterea interven\u021biei corectoare de la cele mai mici v\u00e2rste, \u00een ghidarea bl\u00eend\u0103 a organismului c\u0103tre \u00eens\u0103n\u0103to\u0219ire, \u00een multidisciplinaritate \u0219i obiceiuri s\u0103n\u0103toase.<\/p>\t\t\t\t\t\t\t\t<\/div>\n\t\t\t\t<\/div>\n\t\t\t\t\t<\/div>\n\t\t\t\t<\/div>\n\t\t\t\t<\/div>\n\t\t<div class=\"elementor-element elementor-element-ee1e571 footer_text e-flex e-con-boxed e-con e-parent\" data-id=\"ee1e571\" data-element_type=\"container\" data-settings=\"{&quot;background_background&quot;:&quot;classic&quot;}\">\n\t\t\t\t\t<div class=\"e-con-inner\">\n\t\t<div class=\"elementor-element elementor-element-fcd69ba e-con-full e-flex e-con e-child\" data-id=\"fcd69ba\" data-element_type=\"container\">\n\t\t\t\t<div class=\"elementor-element elementor-element-f7388bd elementor-widget elementor-widget-text-editor\" data-id=\"f7388bd\" data-element_type=\"widget\" data-widget_type=\"text-editor.default\">\n\t\t\t\t<div class=\"elementor-widget-container\">\n\t\t\t\t\t\t\t\t\t<h2>Apropie-te de copilul t\u0103u<\/h2><p>E\u0219ti cea care i-a dat via\u021b\u0103, sau sunte\u021bi cei care \u00eel cre\u0219te\u021bi. Nimeni nu va putea avea vreodat\u0103 aceast\u0103 apropiere cu copilul t\u0103u. Nimeni nu va petrece at\u00e2t de mult timp cu el, nu-i va cunoa\u0219te toate obiceiurile \u0219i dispozi\u021biile, evolu\u021biile sau problemele.<\/p><p>Iar acest lucru nu poate s\u0103 \u00eensemne dec\u00e2t c\u0103 e\u0219ti \u0219i persoana care \u00eei va influen\u021ba cel mai mult dezvoltarea \u0219i viitorul.<\/p><p>Suntem aici s\u0103 \u00ee\u021bi facem aceast\u0103 responsabilitate mult mai u\u0219oar\u0103 si s\u0103 te ajut\u0103m s\u0103 cre\u0219tem ni\u0219te adolescen\u021bi \u0219i adul\u021bi s\u0103n\u0103to\u0219i. Suntem aici s\u0103 \u00ee\u021bi ar\u0103t\u0103m ceea ce mul\u021bi nu v\u0103d sau nu acord\u0103 importan\u021b\u0103.<\/p><h2>S\u0103 \u00eenv\u0103\u021b\u0103m s\u0103 ne observ\u0103m copiii<\/h2><p>Pentru c\u0103 petrece\u021bi foarte mult timp al\u0103turi de copilul dumneavoastr\u0103, sunte\u021bi cea mai \u00een m\u0103sur\u0103 s\u0103 \u00eei cunoa\u0219te\u021bi \u00een detaliu comportamentul.<\/p><p>Observa\u021bia copilului \u0219i capacitatea de a deosebi semnele s\u0103n\u0103toase de cele care anun\u021b\u0103 probleme sau evolu\u021bii care trebuie luate \u00een seam\u0103 sunt esen\u021biale \u00een primii ani de via\u021b\u0103. Aceast\u0103 abilitate face diferen\u021ba pentru viteza de reac\u021bie \u0219i interven\u021bie \u00een vederea rezolv\u0103rii acestora \u0219i opririi din dezvoltare a evolu\u021biilor problematice.<\/p><p>Felul \u00een care vorbe\u0219te, doarme, respir\u0103, m\u0103n\u00e2nc\u0103, postura, respira\u021bia oral\u0103, mu\u0219c\u0103tura, dispozi\u021bia \u0219i starea general\u0103 sunt tot at\u00e2tea semne care trebuie s\u0103 ne fac\u0103 mai atente fa\u021b\u0103 de copiii no\u0219tri.<\/p>\t\t\t\t\t\t\t\t<\/div>\n\t\t\t\t<\/div>\n\t\t\t\t<\/div>\n\t\t<div class=\"elementor-element elementor-element-dc313db e-con-full e-flex e-con e-child\" data-id=\"dc313db\" data-element_type=\"container\">\n\t\t\t\t<div class=\"elementor-element elementor-element-23582d1 elementor-widget elementor-widget-text-editor\" data-id=\"23582d1\" data-element_type=\"widget\" data-widget_type=\"text-editor.default\">\n\t\t\t\t<div class=\"elementor-widget-container\">\n\t\t\t\t\t\t\t\t\t<h2>S\u0103 ne schimb\u0103m mindsetul cu privire la v\u00e2rsta mic\u0103<\/h2><p>Oamenii se formeaz\u0103 \u00eentr-o propor\u021bie cov\u00e2r\u0219itoare \u00een primii ani de via\u021b\u0103. Copil\u0103ria este, din foarte multe puncte de vedere, funda\u021bia s\u0103n\u0103t\u0103\u021bii adultului de peste ani.<\/p><p><br \/>Mai mult, copil\u0103ria ne ofer\u0103 o oportunitate unic\u0103: s\u0103 corect\u0103m cel mai repede \u0219i eficient eventualele probleme identificate acum.<\/p><p><br \/>\u00cen copil\u0103rie, corpul r\u0103spunde extrem de repede \u0219i eficient la orice interven\u021bie, fie bun\u0103, fie rea, iar acest moment trebuie s\u0103 fie folosit de c\u0103tre p\u0103rin\u021bi pentru a corecta \u0219i \u00eembun\u0103t\u0103\u021bi performan\u021bele viitorului adult.<\/p><p><br \/>Este gre\u0219it\u0103 abordarea care las\u0103 s\u0103 treac\u0103 timp pentru a rezolva probleme identificate acum, pentru mai t\u00e2rziu. V\u00e2rsta mic\u0103 este cea mai ofertant\u0103, at\u00e2t din perspectiva efortului copilului, dar mai ales din perspectiva rezultatelor.<\/p><h2>S\u0103 lu\u0103m o decizie de a interveni preventiv<\/h2>\t\t\t\t\t\t\t\t<\/div>\n\t\t\t\t<\/div>\n\t\t\t\t<\/div>\n\t\t\t\t\t<\/div>\n\t\t\t\t<\/div>\n\t\t\t\t<\/div>\n\t\t","protected":false},"excerpt":{"rendered":"<p>Misiunea noastr\u0103 Mame informate pentru copii care cresc s\u0103n\u0103to\u0219i \u00een mod natural. Speciali\u0219ti care colaboreaz\u0103 interdisciplinar pentru solu\u021bii medicale integrate Suntem aici pentru a te \u00eenv\u0103\u021ba s\u0103 ascul\u021bi \u0219i s\u0103 \u00een\u021belegi corpul copilului t\u0103u. S\u0103 po\u021bi identifica c\u00e2t mai repede simptome \u0219i evolu\u021bii. S\u0103 fii cea care ia decizia la primele semne. Pentru c\u0103 o &hellip; <\/p>\n<p class=\"link-more\"><a href=\"https:\/\/www.iomft.ro\/index.php\/misiune\/\" class=\"more-link\">Continue reading<span class=\"screen-reader-text\"> &#8222;Misiune&#8221;<\/span><\/a><\/p>\n","protected":false},"author":1,"featured_media":0,"parent":0,"menu_order":0,"comment_status":"closed","ping_status":"closed","template":"","meta":{"_acf_changed":false,"footnotes":""},"class_list":["post-743","page","type-page","status-publish","hentry"],"acf":[],"yoast_head":"<!-- This site is optimized with the Yoast SEO plugin v27.3 - https:\/\/yoast.com\/product\/yoast-seo-wordpress\/ -->\n<title>Misiune - IOMFT<\/title>\n<meta name=\"robots\" content=\"index, follow, max-snippet:-1, max-image-preview:large, max-video-preview:-1\" \/>\n<link rel=\"canonical\" href=\"https:\/\/www.iomft.ro\/index.php\/misiune\/\" \/>\n<meta property=\"og:locale\" content=\"ro_RO\" \/>\n<meta property=\"og:type\" content=\"article\" \/>\n<meta property=\"og:title\" content=\"Misiune - IOMFT\" \/>\n<meta property=\"og:description\" content=\"Misiunea noastr\u0103 Mame informate pentru copii care cresc s\u0103n\u0103to\u0219i \u00een mod natural. Speciali\u0219ti care colaboreaz\u0103 interdisciplinar pentru solu\u021bii medicale integrate Suntem aici pentru a te \u00eenv\u0103\u021ba s\u0103 ascul\u021bi \u0219i s\u0103 \u00een\u021belegi corpul copilului t\u0103u. S\u0103 po\u021bi identifica c\u00e2t mai repede simptome \u0219i evolu\u021bii. S\u0103 fii cea care ia decizia la primele semne. Pentru c\u0103 o &hellip; Continue reading &quot;Misiune&quot;\" \/>\n<meta property=\"og:url\" content=\"https:\/\/www.iomft.ro\/index.php\/misiune\/\" \/>\n<meta property=\"og:site_name\" content=\"IOMFT\" \/>\n<meta property=\"article:modified_time\" content=\"2026-03-03T20:36:19+00:00\" \/>\n<meta name=\"twitter:card\" content=\"summary_large_image\" \/>\n<meta name=\"twitter:label1\" content=\"Timp estimat pentru citire\" \/>\n\t<meta name=\"twitter:data1\" content=\"3 minute\" \/>\n<script type=\"application\/ld+json\" class=\"yoast-schema-graph\">{\"@context\":\"https:\\\/\\\/schema.org\",\"@graph\":[{\"@type\":\"WebPage\",\"@id\":\"https:\\\/\\\/www.iomft.ro\\\/index.php\\\/misiune\\\/\",\"url\":\"https:\\\/\\\/www.iomft.ro\\\/index.php\\\/misiune\\\/\",\"name\":\"Misiune - IOMFT\",\"isPartOf\":{\"@id\":\"https:\\\/\\\/www.iomft.ro\\\/#website\"},\"datePublished\":\"2025-07-24T13:23:08+00:00\",\"dateModified\":\"2026-03-03T20:36:19+00:00\",\"breadcrumb\":{\"@id\":\"https:\\\/\\\/www.iomft.ro\\\/index.php\\\/misiune\\\/#breadcrumb\"},\"inLanguage\":\"ro-RO\",\"potentialAction\":[{\"@type\":\"ReadAction\",\"target\":[\"https:\\\/\\\/www.iomft.ro\\\/index.php\\\/misiune\\\/\"]}]},{\"@type\":\"BreadcrumbList\",\"@id\":\"https:\\\/\\\/www.iomft.ro\\\/index.php\\\/misiune\\\/#breadcrumb\",\"itemListElement\":[{\"@type\":\"ListItem\",\"position\":1,\"name\":\"Home\",\"item\":\"https:\\\/\\\/www.iomft.ro\\\/\"},{\"@type\":\"ListItem\",\"position\":2,\"name\":\"Misiune\"}]},{\"@type\":\"WebSite\",\"@id\":\"https:\\\/\\\/www.iomft.ro\\\/#website\",\"url\":\"https:\\\/\\\/www.iomft.ro\\\/\",\"name\":\"IOMFT\",\"description\":\"\",\"publisher\":{\"@id\":\"https:\\\/\\\/www.iomft.ro\\\/#organization\"},\"potentialAction\":[{\"@type\":\"SearchAction\",\"target\":{\"@type\":\"EntryPoint\",\"urlTemplate\":\"https:\\\/\\\/www.iomft.ro\\\/?s={search_term_string}\"},\"query-input\":{\"@type\":\"PropertyValueSpecification\",\"valueRequired\":true,\"valueName\":\"search_term_string\"}}],\"inLanguage\":\"ro-RO\"},{\"@type\":\"Organization\",\"@id\":\"https:\\\/\\\/www.iomft.ro\\\/#organization\",\"name\":\"IOMFT\",\"url\":\"https:\\\/\\\/www.iomft.ro\\\/\",\"logo\":{\"@type\":\"ImageObject\",\"inLanguage\":\"ro-RO\",\"@id\":\"https:\\\/\\\/www.iomft.ro\\\/#\\\/schema\\\/logo\\\/image\\\/\",\"url\":\"https:\\\/\\\/www.iomft.ro\\\/wp-content\\\/uploads\\\/2024\\\/09\\\/cropped-logo@2x.png\",\"contentUrl\":\"https:\\\/\\\/www.iomft.ro\\\/wp-content\\\/uploads\\\/2024\\\/09\\\/cropped-logo@2x.png\",\"width\":1000,\"height\":250,\"caption\":\"IOMFT\"},\"image\":{\"@id\":\"https:\\\/\\\/www.iomft.ro\\\/#\\\/schema\\\/logo\\\/image\\\/\"}}]}<\/script>\n<!-- \/ Yoast SEO plugin. -->","yoast_head_json":{"title":"Misiune - IOMFT","robots":{"index":"index","follow":"follow","max-snippet":"max-snippet:-1","max-image-preview":"max-image-preview:large","max-video-preview":"max-video-preview:-1"},"canonical":"https:\/\/www.iomft.ro\/index.php\/misiune\/","og_locale":"ro_RO","og_type":"article","og_title":"Misiune - IOMFT","og_description":"Misiunea noastr\u0103 Mame informate pentru copii care cresc s\u0103n\u0103to\u0219i \u00een mod natural. Speciali\u0219ti care colaboreaz\u0103 interdisciplinar pentru solu\u021bii medicale integrate Suntem aici pentru a te \u00eenv\u0103\u021ba s\u0103 ascul\u021bi \u0219i s\u0103 \u00een\u021belegi corpul copilului t\u0103u. S\u0103 po\u021bi identifica c\u00e2t mai repede simptome \u0219i evolu\u021bii. S\u0103 fii cea care ia decizia la primele semne. Pentru c\u0103 o &hellip; Continue reading \"Misiune\"","og_url":"https:\/\/www.iomft.ro\/index.php\/misiune\/","og_site_name":"IOMFT","article_modified_time":"2026-03-03T20:36:19+00:00","twitter_card":"summary_large_image","twitter_misc":{"Timp estimat pentru citire":"3 minute"},"schema":{"@context":"https:\/\/schema.org","@graph":[{"@type":"WebPage","@id":"https:\/\/www.iomft.ro\/index.php\/misiune\/","url":"https:\/\/www.iomft.ro\/index.php\/misiune\/","name":"Misiune - IOMFT","isPartOf":{"@id":"https:\/\/www.iomft.ro\/#website"},"datePublished":"2025-07-24T13:23:08+00:00","dateModified":"2026-03-03T20:36:19+00:00","breadcrumb":{"@id":"https:\/\/www.iomft.ro\/index.php\/misiune\/#breadcrumb"},"inLanguage":"ro-RO","potentialAction":[{"@type":"ReadAction","target":["https:\/\/www.iomft.ro\/index.php\/misiune\/"]}]},{"@type":"BreadcrumbList","@id":"https:\/\/www.iomft.ro\/index.php\/misiune\/#breadcrumb","itemListElement":[{"@type":"ListItem","position":1,"name":"Home","item":"https:\/\/www.iomft.ro\/"},{"@type":"ListItem","position":2,"name":"Misiune"}]},{"@type":"WebSite","@id":"https:\/\/www.iomft.ro\/#website","url":"https:\/\/www.iomft.ro\/","name":"IOMFT","description":"","publisher":{"@id":"https:\/\/www.iomft.ro\/#organization"},"potentialAction":[{"@type":"SearchAction","target":{"@type":"EntryPoint","urlTemplate":"https:\/\/www.iomft.ro\/?s={search_term_string}"},"query-input":{"@type":"PropertyValueSpecification","valueRequired":true,"valueName":"search_term_string"}}],"inLanguage":"ro-RO"},{"@type":"Organization","@id":"https:\/\/www.iomft.ro\/#organization","name":"IOMFT","url":"https:\/\/www.iomft.ro\/","logo":{"@type":"ImageObject","inLanguage":"ro-RO","@id":"https:\/\/www.iomft.ro\/#\/schema\/logo\/image\/","url":"https:\/\/www.iomft.ro\/wp-content\/uploads\/2024\/09\/cropped-logo@2x.png","contentUrl":"https:\/\/www.iomft.ro\/wp-content\/uploads\/2024\/09\/cropped-logo@2x.png","width":1000,"height":250,"caption":"IOMFT"},"image":{"@id":"https:\/\/www.iomft.ro\/#\/schema\/logo\/image\/"}}]}},"jetpack_sharing_enabled":true,"_links":{"self":[{"href":"https:\/\/www.iomft.ro\/index.php\/wp-json\/wp\/v2\/pages\/743","targetHints":{"allow":["GET"]}}],"collection":[{"href":"https:\/\/www.iomft.ro\/index.php\/wp-json\/wp\/v2\/pages"}],"about":[{"href":"https:\/\/www.iomft.ro\/index.php\/wp-json\/wp\/v2\/types\/page"}],"author":[{"embeddable":true,"href":"https:\/\/www.iomft.ro\/index.php\/wp-json\/wp\/v2\/users\/1"}],"replies":[{"embeddable":true,"href":"https:\/\/www.iomft.ro\/index.php\/wp-json\/wp\/v2\/comments?post=743"}],"version-history":[{"count":58,"href":"https:\/\/www.iomft.ro\/index.php\/wp-json\/wp\/v2\/pages\/743\/revisions"}],"predecessor-version":[{"id":1989,"href":"https:\/\/www.iomft.ro\/index.php\/wp-json\/wp\/v2\/pages\/743\/revisions\/1989"}],"wp:attachment":[{"href":"https:\/\/www.iomft.ro\/index.php\/wp-json\/wp\/v2\/media?parent=743"}],"curies":[{"name":"wp","href":"https:\/\/api.w.org\/{rel}","templated":true}]}}