{"id":1310,"date":"2025-11-25T13:06:44","date_gmt":"2025-11-25T13:06:44","guid":{"rendered":"https:\/\/www.iomft.ro\/?post_type=product&#038;p=1310"},"modified":"2026-03-12T16:37:50","modified_gmt":"2026-03-12T16:37:50","slug":"evaluare-online-terapie-oro-faciala-miofunctionala-30-min","status":"publish","type":"product","link":"https:\/\/www.iomft.ro\/index.php\/product\/evaluare-online-terapie-oro-faciala-miofunctionala-30-min\/","title":{"rendered":"Evaluare online \u2013 Terapie Oro-Facial\u0103 Miofunc\u021bional\u0103 cu Iulia Tasc\u0103u (45 min)"},"content":{"rendered":"<p data-start=\"206\" data-end=\"465\">Aceast\u0103 sesiune de <strong data-start=\"225\" data-end=\"244\">evaluare online<\/strong> este realizat\u0103 de un specialist \u00een terapie miofunc\u021bional\u0103 oro-facial\u0103 \u0219i are ca scop identificarea dezechilibrelor func\u021bionale care pot influen\u021ba respira\u021bia, mastica\u021bia, degluti\u021bia, vorbirea \u0219i dezvoltarea dento-facial\u0103.<\/p>\n<p data-start=\"467\" data-end=\"491\"><strong data-start=\"467\" data-end=\"489\">Evaluarea include:<\/strong><\/p>\n<ul data-start=\"492\" data-end=\"854\">\n<li data-start=\"492\" data-end=\"613\">\n<p data-start=\"494\" data-end=\"613\">Discu\u021bie detaliat\u0103 privind istoricul pacientului, obiceiurile orale \u0219i eventualele dificult\u0103\u021bi func\u021bionale observate.<\/p>\n<\/li>\n<li data-start=\"614\" data-end=\"688\">\n<p data-start=\"616\" data-end=\"688\">Analiza posturii orale (pozi\u021bia limbii, buzelor, modul de respira\u021bie).<\/p>\n<\/li>\n<li data-start=\"689\" data-end=\"771\">\n<p data-start=\"691\" data-end=\"771\">Observarea func\u021biilor miofunc\u021bionale cu impact asupra dezvolt\u0103rii oro-faciale.<\/p>\n<\/li>\n<li data-start=\"772\" data-end=\"854\">\n<p data-start=\"774\" data-end=\"854\">Screening orientativ al posibilelor interferen\u021be cu dezvoltarea dento-alveolar\u0103.<\/p>\n<\/li>\n<\/ul>\n<p data-start=\"856\" data-end=\"900\"><strong data-start=\"856\" data-end=\"898\">\u00cen urma evalu\u0103rii, pacientul prime\u0219te:<\/strong><\/p>\n<ul data-start=\"901\" data-end=\"1353\">\n<li data-start=\"901\" data-end=\"985\">\n<p data-start=\"903\" data-end=\"985\"><strong data-start=\"903\" data-end=\"942\">Indica\u021bii terapeutice personalizate<\/strong>, adaptate v\u00e2rstei \u0219i nevoilor specifice.<\/p>\n<\/li>\n<li data-start=\"986\" data-end=\"1120\">\n<p data-start=\"988\" data-end=\"1120\"><strong data-start=\"988\" data-end=\"1031\">Recomand\u0103ri de exerci\u021bii miofunc\u021bionale<\/strong> pentru realizarea acas\u0103, cu obiective clare de corectare \u0219i reechilibrare func\u021bional\u0103.<\/p>\n<\/li>\n<li data-start=\"1121\" data-end=\"1238\">\n<p data-start=\"1123\" data-end=\"1238\"><strong data-start=\"1123\" data-end=\"1168\">Sugestii pentru investiga\u021bii suplimentare<\/strong>, atunci c\u00e2nd este necesar (logopedie, ORL, ortodon\u021bie, respira\u021bie).<\/p>\n<\/li>\n<li data-start=\"1239\" data-end=\"1353\">\n<p data-start=\"1241\" data-end=\"1353\"><strong data-start=\"1241\" data-end=\"1291\">Propunerea unui plan de terapie miofunc\u021bional\u0103<\/strong> sau orientare c\u0103tre alte tipuri de interven\u021bie complementar\u0103.<\/p>\n<\/li>\n<\/ul>\n<p data-start=\"1355\" data-end=\"1580\">Aceast\u0103 evaluare este recomandat\u0103 copiilor, adolescen\u021bilor \u0219i adul\u021bilor care prezint\u0103 respira\u021bie oral\u0103, obiceiuri vicioase, dificult\u0103\u021bi \u00een func\u021biile oro-faciale sau care urmeaz\u0103 s\u0103 \u00eenceap\u0103 ori se afl\u0103 \u00een tratament ortodontic.<\/p>\n","protected":false},"excerpt":{"rendered":"<p data-start=\"467\" data-end=\"491\"><strong data-start=\"467\" data-end=\"489\">Evaluarea include:<\/strong><\/p>\n<ul data-start=\"492\" data-end=\"854\">\n<li data-start=\"492\" data-end=\"613\">\n<p data-start=\"494\" data-end=\"613\">Discu\u021bie detaliat\u0103 privind istoricul pacientului, obiceiurile orale \u0219i eventualele dificult\u0103\u021bi func\u021bionale observate.<\/p>\n<\/li>\n<li data-start=\"614\" data-end=\"688\">\n<p data-start=\"616\" data-end=\"688\">Analiza posturii orale (pozi\u021bia limbii, buzelor, modul de respira\u021bie).<\/p>\n<\/li>\n<li data-start=\"689\" data-end=\"771\">\n<p data-start=\"691\" data-end=\"771\">Observarea func\u021biilor miofunc\u021bionale cu impact asupra dezvolt\u0103rii oro-faciale.<\/p>\n<\/li>\n<li data-start=\"772\" data-end=\"854\">\n<p data-start=\"774\" data-end=\"854\">Screening orientativ al posibilelor interferen\u021be cu dezvoltarea dento-alveolar\u0103.<\/p>\n<\/li>\n<\/ul>\n","protected":false},"featured_media":2037,"comment_status":"closed","ping_status":"closed","template":"","meta":{"_acf_changed":false},"product_brand":[],"product_cat":[45,35,38],"product_tag":[],"class_list":{"0":"post-1310","1":"product","2":"type-product","3":"status-publish","4":"has-post-thumbnail","6":"product_cat-consultatii-parinti","7":"product_cat-consultatii","8":"product_cat-parinti","10":"first","11":"instock","12":"shipping-taxable","13":"purchasable","14":"product-type-simple"},"acf":[],"yoast_head":"<!-- This site is optimized with the Yoast SEO plugin v27.3 - https:\/\/yoast.com\/product\/yoast-seo-wordpress\/ -->\n<title>Evaluare online \u2013 Terapie Oro-Facial\u0103 Miofunc\u021bional\u0103 cu Iulia Tasc\u0103u (45 min) - IOMFT<\/title>\n<meta name=\"robots\" content=\"index, follow, max-snippet:-1, max-image-preview:large, max-video-preview:-1\" \/>\n<link rel=\"canonical\" href=\"https:\/\/www.iomft.ro\/index.php\/product\/evaluare-online-terapie-oro-faciala-miofunctionala-30-min\/\" \/>\n<meta property=\"og:locale\" content=\"ro_RO\" \/>\n<meta property=\"og:type\" content=\"article\" \/>\n<meta property=\"og:title\" content=\"Evaluare online \u2013 Terapie Oro-Facial\u0103 Miofunc\u021bional\u0103 cu Iulia Tasc\u0103u (45 min) - IOMFT\" \/>\n<meta property=\"og:description\" content=\"Evaluarea include:     Discu\u021bie detaliat\u0103 privind istoricul pacientului, obiceiurile orale \u0219i eventualele dificult\u0103\u021bi func\u021bionale observate.    Analiza posturii orale (pozi\u021bia limbii, buzelor, modul de respira\u021bie).    Observarea func\u021biilor miofunc\u021bionale cu impact asupra dezvolt\u0103rii oro-faciale.    Screening orientativ al posibilelor interferen\u021be cu dezvoltarea dento-alveolar\u0103.\" \/>\n<meta property=\"og:url\" content=\"https:\/\/www.iomft.ro\/index.php\/product\/evaluare-online-terapie-oro-faciala-miofunctionala-30-min\/\" \/>\n<meta property=\"og:site_name\" content=\"IOMFT\" \/>\n<meta property=\"article:modified_time\" content=\"2026-03-12T16:37:50+00:00\" \/>\n<meta property=\"og:image\" content=\"https:\/\/www.iomft.ro\/wp-content\/uploads\/2025\/12\/2-2.png\" \/>\n\t<meta property=\"og:image:width\" content=\"1200\" \/>\n\t<meta property=\"og:image:height\" content=\"1200\" \/>\n\t<meta property=\"og:image:type\" content=\"image\/png\" \/>\n<meta name=\"twitter:card\" content=\"summary_large_image\" \/>\n<meta name=\"twitter:label1\" content=\"Timp estimat pentru citire\" \/>\n\t<meta name=\"twitter:data1\" content=\"1 minut\" \/>\n<script type=\"application\/ld+json\" class=\"yoast-schema-graph\">{\"@context\":\"https:\\\/\\\/schema.org\",\"@graph\":[{\"@type\":\"WebPage\",\"@id\":\"https:\\\/\\\/www.iomft.ro\\\/index.php\\\/product\\\/evaluare-online-terapie-oro-faciala-miofunctionala-30-min\\\/\",\"url\":\"https:\\\/\\\/www.iomft.ro\\\/index.php\\\/product\\\/evaluare-online-terapie-oro-faciala-miofunctionala-30-min\\\/\",\"name\":\"Evaluare online \u2013 Terapie Oro-Facial\u0103 Miofunc\u021bional\u0103 cu Iulia Tasc\u0103u (45 min) - IOMFT\",\"isPartOf\":{\"@id\":\"https:\\\/\\\/www.iomft.ro\\\/#website\"},\"primaryImageOfPage\":{\"@id\":\"https:\\\/\\\/www.iomft.ro\\\/index.php\\\/product\\\/evaluare-online-terapie-oro-faciala-miofunctionala-30-min\\\/#primaryimage\"},\"image\":{\"@id\":\"https:\\\/\\\/www.iomft.ro\\\/index.php\\\/product\\\/evaluare-online-terapie-oro-faciala-miofunctionala-30-min\\\/#primaryimage\"},\"thumbnailUrl\":\"https:\\\/\\\/www.iomft.ro\\\/wp-content\\\/uploads\\\/2025\\\/12\\\/2-2.png\",\"datePublished\":\"2025-11-25T13:06:44+00:00\",\"dateModified\":\"2026-03-12T16:37:50+00:00\",\"breadcrumb\":{\"@id\":\"https:\\\/\\\/www.iomft.ro\\\/index.php\\\/product\\\/evaluare-online-terapie-oro-faciala-miofunctionala-30-min\\\/#breadcrumb\"},\"inLanguage\":\"ro-RO\",\"potentialAction\":[{\"@type\":\"ReadAction\",\"target\":[\"https:\\\/\\\/www.iomft.ro\\\/index.php\\\/product\\\/evaluare-online-terapie-oro-faciala-miofunctionala-30-min\\\/\"]}]},{\"@type\":\"ImageObject\",\"inLanguage\":\"ro-RO\",\"@id\":\"https:\\\/\\\/www.iomft.ro\\\/index.php\\\/product\\\/evaluare-online-terapie-oro-faciala-miofunctionala-30-min\\\/#primaryimage\",\"url\":\"https:\\\/\\\/www.iomft.ro\\\/wp-content\\\/uploads\\\/2025\\\/12\\\/2-2.png\",\"contentUrl\":\"https:\\\/\\\/www.iomft.ro\\\/wp-content\\\/uploads\\\/2025\\\/12\\\/2-2.png\",\"width\":1200,\"height\":1200},{\"@type\":\"BreadcrumbList\",\"@id\":\"https:\\\/\\\/www.iomft.ro\\\/index.php\\\/product\\\/evaluare-online-terapie-oro-faciala-miofunctionala-30-min\\\/#breadcrumb\",\"itemListElement\":[{\"@type\":\"ListItem\",\"position\":1,\"name\":\"Home\",\"item\":\"https:\\\/\\\/www.iomft.ro\\\/\"},{\"@type\":\"ListItem\",\"position\":2,\"name\":\"Evaluare online \u2013 Terapie Oro-Facial\u0103 Miofunc\u021bional\u0103 cu Iulia Tasc\u0103u (45 min)\"}]},{\"@type\":\"WebSite\",\"@id\":\"https:\\\/\\\/www.iomft.ro\\\/#website\",\"url\":\"https:\\\/\\\/www.iomft.ro\\\/\",\"name\":\"IOMFT\",\"description\":\"\",\"publisher\":{\"@id\":\"https:\\\/\\\/www.iomft.ro\\\/#organization\"},\"potentialAction\":[{\"@type\":\"SearchAction\",\"target\":{\"@type\":\"EntryPoint\",\"urlTemplate\":\"https:\\\/\\\/www.iomft.ro\\\/?s={search_term_string}\"},\"query-input\":{\"@type\":\"PropertyValueSpecification\",\"valueRequired\":true,\"valueName\":\"search_term_string\"}}],\"inLanguage\":\"ro-RO\"},{\"@type\":\"Organization\",\"@id\":\"https:\\\/\\\/www.iomft.ro\\\/#organization\",\"name\":\"IOMFT\",\"url\":\"https:\\\/\\\/www.iomft.ro\\\/\",\"logo\":{\"@type\":\"ImageObject\",\"inLanguage\":\"ro-RO\",\"@id\":\"https:\\\/\\\/www.iomft.ro\\\/#\\\/schema\\\/logo\\\/image\\\/\",\"url\":\"https:\\\/\\\/www.iomft.ro\\\/wp-content\\\/uploads\\\/2024\\\/09\\\/cropped-logo@2x.png\",\"contentUrl\":\"https:\\\/\\\/www.iomft.ro\\\/wp-content\\\/uploads\\\/2024\\\/09\\\/cropped-logo@2x.png\",\"width\":1000,\"height\":250,\"caption\":\"IOMFT\"},\"image\":{\"@id\":\"https:\\\/\\\/www.iomft.ro\\\/#\\\/schema\\\/logo\\\/image\\\/\"}}]}<\/script>\n<!-- \/ Yoast SEO plugin. -->","yoast_head_json":{"title":"Evaluare online \u2013 Terapie Oro-Facial\u0103 Miofunc\u021bional\u0103 cu Iulia Tasc\u0103u (45 min) - IOMFT","robots":{"index":"index","follow":"follow","max-snippet":"max-snippet:-1","max-image-preview":"max-image-preview:large","max-video-preview":"max-video-preview:-1"},"canonical":"https:\/\/www.iomft.ro\/index.php\/product\/evaluare-online-terapie-oro-faciala-miofunctionala-30-min\/","og_locale":"ro_RO","og_type":"article","og_title":"Evaluare online \u2013 Terapie Oro-Facial\u0103 Miofunc\u021bional\u0103 cu Iulia Tasc\u0103u (45 min) - IOMFT","og_description":"Evaluarea include:     Discu\u021bie detaliat\u0103 privind istoricul pacientului, obiceiurile orale \u0219i eventualele dificult\u0103\u021bi func\u021bionale observate.    Analiza posturii orale (pozi\u021bia limbii, buzelor, modul de respira\u021bie).    Observarea func\u021biilor miofunc\u021bionale cu impact asupra dezvolt\u0103rii oro-faciale.    Screening orientativ al posibilelor interferen\u021be cu dezvoltarea dento-alveolar\u0103.","og_url":"https:\/\/www.iomft.ro\/index.php\/product\/evaluare-online-terapie-oro-faciala-miofunctionala-30-min\/","og_site_name":"IOMFT","article_modified_time":"2026-03-12T16:37:50+00:00","og_image":[{"width":1200,"height":1200,"url":"https:\/\/www.iomft.ro\/wp-content\/uploads\/2025\/12\/2-2.png","type":"image\/png"}],"twitter_card":"summary_large_image","twitter_misc":{"Timp estimat pentru citire":"1 minut"},"schema":{"@context":"https:\/\/schema.org","@graph":[{"@type":"WebPage","@id":"https:\/\/www.iomft.ro\/index.php\/product\/evaluare-online-terapie-oro-faciala-miofunctionala-30-min\/","url":"https:\/\/www.iomft.ro\/index.php\/product\/evaluare-online-terapie-oro-faciala-miofunctionala-30-min\/","name":"Evaluare online \u2013 Terapie Oro-Facial\u0103 Miofunc\u021bional\u0103 cu Iulia Tasc\u0103u (45 min) - IOMFT","isPartOf":{"@id":"https:\/\/www.iomft.ro\/#website"},"primaryImageOfPage":{"@id":"https:\/\/www.iomft.ro\/index.php\/product\/evaluare-online-terapie-oro-faciala-miofunctionala-30-min\/#primaryimage"},"image":{"@id":"https:\/\/www.iomft.ro\/index.php\/product\/evaluare-online-terapie-oro-faciala-miofunctionala-30-min\/#primaryimage"},"thumbnailUrl":"https:\/\/www.iomft.ro\/wp-content\/uploads\/2025\/12\/2-2.png","datePublished":"2025-11-25T13:06:44+00:00","dateModified":"2026-03-12T16:37:50+00:00","breadcrumb":{"@id":"https:\/\/www.iomft.ro\/index.php\/product\/evaluare-online-terapie-oro-faciala-miofunctionala-30-min\/#breadcrumb"},"inLanguage":"ro-RO","potentialAction":[{"@type":"ReadAction","target":["https:\/\/www.iomft.ro\/index.php\/product\/evaluare-online-terapie-oro-faciala-miofunctionala-30-min\/"]}]},{"@type":"ImageObject","inLanguage":"ro-RO","@id":"https:\/\/www.iomft.ro\/index.php\/product\/evaluare-online-terapie-oro-faciala-miofunctionala-30-min\/#primaryimage","url":"https:\/\/www.iomft.ro\/wp-content\/uploads\/2025\/12\/2-2.png","contentUrl":"https:\/\/www.iomft.ro\/wp-content\/uploads\/2025\/12\/2-2.png","width":1200,"height":1200},{"@type":"BreadcrumbList","@id":"https:\/\/www.iomft.ro\/index.php\/product\/evaluare-online-terapie-oro-faciala-miofunctionala-30-min\/#breadcrumb","itemListElement":[{"@type":"ListItem","position":1,"name":"Home","item":"https:\/\/www.iomft.ro\/"},{"@type":"ListItem","position":2,"name":"Evaluare online \u2013 Terapie Oro-Facial\u0103 Miofunc\u021bional\u0103 cu Iulia Tasc\u0103u (45 min)"}]},{"@type":"WebSite","@id":"https:\/\/www.iomft.ro\/#website","url":"https:\/\/www.iomft.ro\/","name":"IOMFT","description":"","publisher":{"@id":"https:\/\/www.iomft.ro\/#organization"},"potentialAction":[{"@type":"SearchAction","target":{"@type":"EntryPoint","urlTemplate":"https:\/\/www.iomft.ro\/?s={search_term_string}"},"query-input":{"@type":"PropertyValueSpecification","valueRequired":true,"valueName":"search_term_string"}}],"inLanguage":"ro-RO"},{"@type":"Organization","@id":"https:\/\/www.iomft.ro\/#organization","name":"IOMFT","url":"https:\/\/www.iomft.ro\/","logo":{"@type":"ImageObject","inLanguage":"ro-RO","@id":"https:\/\/www.iomft.ro\/#\/schema\/logo\/image\/","url":"https:\/\/www.iomft.ro\/wp-content\/uploads\/2024\/09\/cropped-logo@2x.png","contentUrl":"https:\/\/www.iomft.ro\/wp-content\/uploads\/2024\/09\/cropped-logo@2x.png","width":1000,"height":250,"caption":"IOMFT"},"image":{"@id":"https:\/\/www.iomft.ro\/#\/schema\/logo\/image\/"}}]}},"jetpack_sharing_enabled":true,"_links":{"self":[{"href":"https:\/\/www.iomft.ro\/index.php\/wp-json\/wp\/v2\/product\/1310","targetHints":{"allow":["GET"]}}],"collection":[{"href":"https:\/\/www.iomft.ro\/index.php\/wp-json\/wp\/v2\/product"}],"about":[{"href":"https:\/\/www.iomft.ro\/index.php\/wp-json\/wp\/v2\/types\/product"}],"replies":[{"embeddable":true,"href":"https:\/\/www.iomft.ro\/index.php\/wp-json\/wp\/v2\/comments?post=1310"}],"wp:featuredmedia":[{"embeddable":true,"href":"https:\/\/www.iomft.ro\/index.php\/wp-json\/wp\/v2\/media\/2037"}],"wp:attachment":[{"href":"https:\/\/www.iomft.ro\/index.php\/wp-json\/wp\/v2\/media?parent=1310"}],"wp:term":[{"taxonomy":"product_brand","embeddable":true,"href":"https:\/\/www.iomft.ro\/index.php\/wp-json\/wp\/v2\/product_brand?post=1310"},{"taxonomy":"product_cat","embeddable":true,"href":"https:\/\/www.iomft.ro\/index.php\/wp-json\/wp\/v2\/product_cat?post=1310"},{"taxonomy":"product_tag","embeddable":true,"href":"https:\/\/www.iomft.ro\/index.php\/wp-json\/wp\/v2\/product_tag?post=1310"}],"curies":[{"name":"wp","href":"https:\/\/api.w.org\/{rel}","templated":true}]}}