{"id":1312,"date":"2025-11-25T13:09:32","date_gmt":"2025-11-25T13:09:32","guid":{"rendered":"https:\/\/www.iomft.ro\/?post_type=product&#038;p=1312"},"modified":"2026-03-12T16:34:30","modified_gmt":"2026-03-12T16:34:30","slug":"evaluare-fizica-terapie-oro-faciala-miofunctionala-60-min","status":"publish","type":"product","link":"https:\/\/www.iomft.ro\/index.php\/product\/evaluare-fizica-terapie-oro-faciala-miofunctionala-60-min\/","title":{"rendered":"Evaluare fizic\u0103 \u2013 Terapie Oro-Facial\u0103 Miofunc\u021bional\u0103 (60 min)"},"content":{"rendered":"<p data-start=\"235\" data-end=\"498\">\u00cen cadrul acestei sesiuni de <strong data-start=\"264\" data-end=\"283\">evaluare<\/strong>, Dr. Ilia Jipa \u2013 medic primar ortodont \u0219i promotor al ortodon\u021biei intercaptive \u2013 analizeaz\u0103 \u00een detaliu func\u021biile oro-faciale ale pacientului pentru a identifica eventuale dezechilibre sau disfunc\u021bii miofunc\u021bionale.<\/p>\n<p data-start=\"500\" data-end=\"521\">Evaluarea cuprinde:<\/p>\n<ul data-start=\"522\" data-end=\"998\">\n<li data-start=\"522\" data-end=\"688\">\n<p data-start=\"524\" data-end=\"688\"><strong data-start=\"524\" data-end=\"545\">Discu\u021bie ini\u021bial\u0103<\/strong> privind istoricul medical, obiceiurile orale \u0219i eventualele dificult\u0103\u021bi func\u021bionale observate (respira\u021bie, mastica\u021bie, degluti\u021bie, vorbire).<\/p>\n<\/li>\n<li data-start=\"689\" data-end=\"775\">\n<p data-start=\"691\" data-end=\"775\"><strong data-start=\"691\" data-end=\"720\">Observarea posturii orale<\/strong> (pozi\u021bia limbii, buzelor, respira\u021bia nazal\u0103\/ oral\u0103).<\/p>\n<\/li>\n<li data-start=\"776\" data-end=\"865\">\n<p data-start=\"778\" data-end=\"865\"><strong data-start=\"778\" data-end=\"815\">Analiza func\u021biilor miofunc\u021bionale<\/strong> relevante pentru dezvoltarea dento-oro-facial\u0103.<\/p>\n<\/li>\n<li data-start=\"866\" data-end=\"998\">\n<p data-start=\"868\" data-end=\"998\"><strong data-start=\"868\" data-end=\"903\">Screening ortodontic<\/strong>, acolo unde este necesar, pentru \u00een\u021belegerea impactului asupra ocluziei \u0219i structurii faciale.<\/p>\n<\/li>\n<\/ul>\n<p data-start=\"1000\" data-end=\"1039\">\u00cen urma evalu\u0103rii, pacien\u021bii primesc:<\/p>\n<ul data-start=\"1040\" data-end=\"1462\">\n<li data-start=\"1040\" data-end=\"1124\">\n<p data-start=\"1042\" data-end=\"1124\"><strong data-start=\"1042\" data-end=\"1081\">Indica\u021bii terapeutice personalizate<\/strong>, adaptate v\u00e2rstei \u0219i nevoilor specifice.<\/p>\n<\/li>\n<li data-start=\"1125\" data-end=\"1260\">\n<p data-start=\"1127\" data-end=\"1260\"><strong data-start=\"1127\" data-end=\"1170\">Recomand\u0103ri de exerci\u021bii miofunc\u021bionale<\/strong> pentru acas\u0103, menite s\u0103 corecteze func\u021biile orale \u0219i s\u0103 sus\u021bin\u0103 dezvoltarea armonioas\u0103.<\/p>\n<\/li>\n<li data-start=\"1261\" data-end=\"1366\">\n<p data-start=\"1263\" data-end=\"1366\"><strong data-start=\"1263\" data-end=\"1305\">Ghidare spre investiga\u021bii suplimentare<\/strong>, dac\u0103 este cazul (logopedie, ORL, respira\u021bie, ortodon\u021bie).<\/p>\n<\/li>\n<li data-start=\"1367\" data-end=\"1462\">\n<p data-start=\"1369\" data-end=\"1462\"><strong data-start=\"1369\" data-end=\"1416\">Stabilirea unui plan de terapie oro-facial\u0103<\/strong> sau orientare c\u0103tre tratamente complementare.<\/p>\n<\/li>\n<\/ul>\n<p data-start=\"1464\" data-end=\"1668\">Aceast\u0103 evaluare este ideal\u0103 pentru copii, adolescen\u021bi \u0219i adul\u021bi care prezint\u0103 dificult\u0103\u021bi miofunc\u021bionale, respira\u021bie oral\u0103, obiceiuri vicioase sau care urmeaz\u0103\/urmeaz\u0103 s\u0103 \u00eenceap\u0103 un tratament ortodontic.<\/p>\n","protected":false},"excerpt":{"rendered":"<p data-start=\"500\" data-end=\"521\">Evaluarea cuprinde:<\/p>\n<ul data-start=\"522\" data-end=\"998\">\n<li data-start=\"522\" data-end=\"688\">\n<p data-start=\"524\" data-end=\"688\"><strong data-start=\"524\" data-end=\"545\">Discu\u021bie ini\u021bial\u0103<\/strong> privind istoricul medical, obiceiurile orale \u0219i eventualele dificult\u0103\u021bi func\u021bionale observate (respira\u021bie, mastica\u021bie, degluti\u021bie, vorbire).<\/p>\n<\/li>\n<li data-start=\"689\" data-end=\"775\">\n<p data-start=\"691\" data-end=\"775\"><strong data-start=\"691\" data-end=\"720\">Observarea posturii orale<\/strong> (pozi\u021bia limbii, buzelor, respira\u021bia nazal\u0103\/ oral\u0103).<\/p>\n<\/li>\n<li data-start=\"776\" data-end=\"865\">\n<p data-start=\"778\" data-end=\"865\"><strong data-start=\"778\" data-end=\"815\">Analiza func\u021biilor miofunc\u021bionale<\/strong> relevante pentru dezvoltarea dento-oro-facial\u0103.<\/p>\n<\/li>\n<li data-start=\"866\" data-end=\"998\">\n<p data-start=\"868\" data-end=\"998\"><strong data-start=\"868\" data-end=\"903\">Screening ortodontic<\/strong>, acolo unde este necesar, pentru \u00een\u021belegerea impactului asupra ocluziei \u0219i structurii faciale.<\/p>\n<\/li>\n<\/ul>\n","protected":false},"featured_media":2038,"comment_status":"closed","ping_status":"closed","template":"","meta":{"_acf_changed":false},"product_brand":[],"product_cat":[35,45,38],"product_tag":[],"class_list":{"0":"post-1312","1":"product","2":"type-product","3":"status-publish","4":"has-post-thumbnail","6":"product_cat-consultatii","7":"product_cat-consultatii-parinti","8":"product_cat-parinti","10":"first","11":"instock","12":"shipping-taxable","13":"purchasable","14":"product-type-simple"},"acf":[],"yoast_head":"<!-- This site is optimized with the Yoast SEO plugin v27.3 - https:\/\/yoast.com\/product\/yoast-seo-wordpress\/ -->\n<title>Evaluare fizic\u0103 \u2013 Terapie Oro-Facial\u0103 Miofunc\u021bional\u0103 (60 min) - IOMFT<\/title>\n<meta name=\"robots\" content=\"index, follow, max-snippet:-1, max-image-preview:large, max-video-preview:-1\" \/>\n<link rel=\"canonical\" href=\"https:\/\/www.iomft.ro\/index.php\/product\/evaluare-fizica-terapie-oro-faciala-miofunctionala-60-min\/\" \/>\n<meta property=\"og:locale\" content=\"ro_RO\" \/>\n<meta property=\"og:type\" content=\"article\" \/>\n<meta property=\"og:title\" content=\"Evaluare fizic\u0103 \u2013 Terapie Oro-Facial\u0103 Miofunc\u021bional\u0103 (60 min) - IOMFT\" \/>\n<meta property=\"og:description\" content=\"Evaluarea cuprinde:     Discu\u021bie ini\u021bial\u0103 privind istoricul medical, obiceiurile orale \u0219i eventualele dificult\u0103\u021bi func\u021bionale observate (respira\u021bie, mastica\u021bie, degluti\u021bie, vorbire).    Observarea posturii orale (pozi\u021bia limbii, buzelor, respira\u021bia nazal\u0103\/ oral\u0103).    Analiza func\u021biilor miofunc\u021bionale relevante pentru dezvoltarea dento-oro-facial\u0103.    Screening ortodontic, acolo unde este necesar, pentru \u00een\u021belegerea impactului asupra ocluziei \u0219i structurii faciale.\" \/>\n<meta property=\"og:url\" content=\"https:\/\/www.iomft.ro\/index.php\/product\/evaluare-fizica-terapie-oro-faciala-miofunctionala-60-min\/\" \/>\n<meta property=\"og:site_name\" content=\"IOMFT\" \/>\n<meta property=\"article:modified_time\" content=\"2026-03-12T16:34:30+00:00\" \/>\n<meta property=\"og:image\" content=\"https:\/\/www.iomft.ro\/wp-content\/uploads\/2025\/12\/1-2.png\" \/>\n\t<meta property=\"og:image:width\" content=\"1200\" \/>\n\t<meta property=\"og:image:height\" content=\"1200\" \/>\n\t<meta property=\"og:image:type\" content=\"image\/png\" \/>\n<meta name=\"twitter:card\" content=\"summary_large_image\" \/>\n<meta name=\"twitter:label1\" content=\"Timp estimat pentru citire\" \/>\n\t<meta name=\"twitter:data1\" content=\"1 minut\" \/>\n<script type=\"application\/ld+json\" class=\"yoast-schema-graph\">{\"@context\":\"https:\\\/\\\/schema.org\",\"@graph\":[{\"@type\":\"WebPage\",\"@id\":\"https:\\\/\\\/www.iomft.ro\\\/index.php\\\/product\\\/evaluare-fizica-terapie-oro-faciala-miofunctionala-60-min\\\/\",\"url\":\"https:\\\/\\\/www.iomft.ro\\\/index.php\\\/product\\\/evaluare-fizica-terapie-oro-faciala-miofunctionala-60-min\\\/\",\"name\":\"Evaluare fizic\u0103 \u2013 Terapie Oro-Facial\u0103 Miofunc\u021bional\u0103 (60 min) - IOMFT\",\"isPartOf\":{\"@id\":\"https:\\\/\\\/www.iomft.ro\\\/#website\"},\"primaryImageOfPage\":{\"@id\":\"https:\\\/\\\/www.iomft.ro\\\/index.php\\\/product\\\/evaluare-fizica-terapie-oro-faciala-miofunctionala-60-min\\\/#primaryimage\"},\"image\":{\"@id\":\"https:\\\/\\\/www.iomft.ro\\\/index.php\\\/product\\\/evaluare-fizica-terapie-oro-faciala-miofunctionala-60-min\\\/#primaryimage\"},\"thumbnailUrl\":\"https:\\\/\\\/www.iomft.ro\\\/wp-content\\\/uploads\\\/2025\\\/12\\\/1-2.png\",\"datePublished\":\"2025-11-25T13:09:32+00:00\",\"dateModified\":\"2026-03-12T16:34:30+00:00\",\"breadcrumb\":{\"@id\":\"https:\\\/\\\/www.iomft.ro\\\/index.php\\\/product\\\/evaluare-fizica-terapie-oro-faciala-miofunctionala-60-min\\\/#breadcrumb\"},\"inLanguage\":\"ro-RO\",\"potentialAction\":[{\"@type\":\"ReadAction\",\"target\":[\"https:\\\/\\\/www.iomft.ro\\\/index.php\\\/product\\\/evaluare-fizica-terapie-oro-faciala-miofunctionala-60-min\\\/\"]}]},{\"@type\":\"ImageObject\",\"inLanguage\":\"ro-RO\",\"@id\":\"https:\\\/\\\/www.iomft.ro\\\/index.php\\\/product\\\/evaluare-fizica-terapie-oro-faciala-miofunctionala-60-min\\\/#primaryimage\",\"url\":\"https:\\\/\\\/www.iomft.ro\\\/wp-content\\\/uploads\\\/2025\\\/12\\\/1-2.png\",\"contentUrl\":\"https:\\\/\\\/www.iomft.ro\\\/wp-content\\\/uploads\\\/2025\\\/12\\\/1-2.png\",\"width\":1200,\"height\":1200},{\"@type\":\"BreadcrumbList\",\"@id\":\"https:\\\/\\\/www.iomft.ro\\\/index.php\\\/product\\\/evaluare-fizica-terapie-oro-faciala-miofunctionala-60-min\\\/#breadcrumb\",\"itemListElement\":[{\"@type\":\"ListItem\",\"position\":1,\"name\":\"Home\",\"item\":\"https:\\\/\\\/www.iomft.ro\\\/\"},{\"@type\":\"ListItem\",\"position\":2,\"name\":\"Evaluare fizic\u0103 \u2013 Terapie Oro-Facial\u0103 Miofunc\u021bional\u0103 (60 min)\"}]},{\"@type\":\"WebSite\",\"@id\":\"https:\\\/\\\/www.iomft.ro\\\/#website\",\"url\":\"https:\\\/\\\/www.iomft.ro\\\/\",\"name\":\"IOMFT\",\"description\":\"\",\"publisher\":{\"@id\":\"https:\\\/\\\/www.iomft.ro\\\/#organization\"},\"potentialAction\":[{\"@type\":\"SearchAction\",\"target\":{\"@type\":\"EntryPoint\",\"urlTemplate\":\"https:\\\/\\\/www.iomft.ro\\\/?s={search_term_string}\"},\"query-input\":{\"@type\":\"PropertyValueSpecification\",\"valueRequired\":true,\"valueName\":\"search_term_string\"}}],\"inLanguage\":\"ro-RO\"},{\"@type\":\"Organization\",\"@id\":\"https:\\\/\\\/www.iomft.ro\\\/#organization\",\"name\":\"IOMFT\",\"url\":\"https:\\\/\\\/www.iomft.ro\\\/\",\"logo\":{\"@type\":\"ImageObject\",\"inLanguage\":\"ro-RO\",\"@id\":\"https:\\\/\\\/www.iomft.ro\\\/#\\\/schema\\\/logo\\\/image\\\/\",\"url\":\"https:\\\/\\\/www.iomft.ro\\\/wp-content\\\/uploads\\\/2024\\\/09\\\/cropped-logo@2x.png\",\"contentUrl\":\"https:\\\/\\\/www.iomft.ro\\\/wp-content\\\/uploads\\\/2024\\\/09\\\/cropped-logo@2x.png\",\"width\":1000,\"height\":250,\"caption\":\"IOMFT\"},\"image\":{\"@id\":\"https:\\\/\\\/www.iomft.ro\\\/#\\\/schema\\\/logo\\\/image\\\/\"}}]}<\/script>\n<!-- \/ Yoast SEO plugin. -->","yoast_head_json":{"title":"Evaluare fizic\u0103 \u2013 Terapie Oro-Facial\u0103 Miofunc\u021bional\u0103 (60 min) - IOMFT","robots":{"index":"index","follow":"follow","max-snippet":"max-snippet:-1","max-image-preview":"max-image-preview:large","max-video-preview":"max-video-preview:-1"},"canonical":"https:\/\/www.iomft.ro\/index.php\/product\/evaluare-fizica-terapie-oro-faciala-miofunctionala-60-min\/","og_locale":"ro_RO","og_type":"article","og_title":"Evaluare fizic\u0103 \u2013 Terapie Oro-Facial\u0103 Miofunc\u021bional\u0103 (60 min) - IOMFT","og_description":"Evaluarea cuprinde:     Discu\u021bie ini\u021bial\u0103 privind istoricul medical, obiceiurile orale \u0219i eventualele dificult\u0103\u021bi func\u021bionale observate (respira\u021bie, mastica\u021bie, degluti\u021bie, vorbire).    Observarea posturii orale (pozi\u021bia limbii, buzelor, respira\u021bia nazal\u0103\/ oral\u0103).    Analiza func\u021biilor miofunc\u021bionale relevante pentru dezvoltarea dento-oro-facial\u0103.    Screening ortodontic, acolo unde este necesar, pentru \u00een\u021belegerea impactului asupra ocluziei \u0219i structurii faciale.","og_url":"https:\/\/www.iomft.ro\/index.php\/product\/evaluare-fizica-terapie-oro-faciala-miofunctionala-60-min\/","og_site_name":"IOMFT","article_modified_time":"2026-03-12T16:34:30+00:00","og_image":[{"width":1200,"height":1200,"url":"https:\/\/www.iomft.ro\/wp-content\/uploads\/2025\/12\/1-2.png","type":"image\/png"}],"twitter_card":"summary_large_image","twitter_misc":{"Timp estimat pentru citire":"1 minut"},"schema":{"@context":"https:\/\/schema.org","@graph":[{"@type":"WebPage","@id":"https:\/\/www.iomft.ro\/index.php\/product\/evaluare-fizica-terapie-oro-faciala-miofunctionala-60-min\/","url":"https:\/\/www.iomft.ro\/index.php\/product\/evaluare-fizica-terapie-oro-faciala-miofunctionala-60-min\/","name":"Evaluare fizic\u0103 \u2013 Terapie Oro-Facial\u0103 Miofunc\u021bional\u0103 (60 min) - IOMFT","isPartOf":{"@id":"https:\/\/www.iomft.ro\/#website"},"primaryImageOfPage":{"@id":"https:\/\/www.iomft.ro\/index.php\/product\/evaluare-fizica-terapie-oro-faciala-miofunctionala-60-min\/#primaryimage"},"image":{"@id":"https:\/\/www.iomft.ro\/index.php\/product\/evaluare-fizica-terapie-oro-faciala-miofunctionala-60-min\/#primaryimage"},"thumbnailUrl":"https:\/\/www.iomft.ro\/wp-content\/uploads\/2025\/12\/1-2.png","datePublished":"2025-11-25T13:09:32+00:00","dateModified":"2026-03-12T16:34:30+00:00","breadcrumb":{"@id":"https:\/\/www.iomft.ro\/index.php\/product\/evaluare-fizica-terapie-oro-faciala-miofunctionala-60-min\/#breadcrumb"},"inLanguage":"ro-RO","potentialAction":[{"@type":"ReadAction","target":["https:\/\/www.iomft.ro\/index.php\/product\/evaluare-fizica-terapie-oro-faciala-miofunctionala-60-min\/"]}]},{"@type":"ImageObject","inLanguage":"ro-RO","@id":"https:\/\/www.iomft.ro\/index.php\/product\/evaluare-fizica-terapie-oro-faciala-miofunctionala-60-min\/#primaryimage","url":"https:\/\/www.iomft.ro\/wp-content\/uploads\/2025\/12\/1-2.png","contentUrl":"https:\/\/www.iomft.ro\/wp-content\/uploads\/2025\/12\/1-2.png","width":1200,"height":1200},{"@type":"BreadcrumbList","@id":"https:\/\/www.iomft.ro\/index.php\/product\/evaluare-fizica-terapie-oro-faciala-miofunctionala-60-min\/#breadcrumb","itemListElement":[{"@type":"ListItem","position":1,"name":"Home","item":"https:\/\/www.iomft.ro\/"},{"@type":"ListItem","position":2,"name":"Evaluare fizic\u0103 \u2013 Terapie Oro-Facial\u0103 Miofunc\u021bional\u0103 (60 min)"}]},{"@type":"WebSite","@id":"https:\/\/www.iomft.ro\/#website","url":"https:\/\/www.iomft.ro\/","name":"IOMFT","description":"","publisher":{"@id":"https:\/\/www.iomft.ro\/#organization"},"potentialAction":[{"@type":"SearchAction","target":{"@type":"EntryPoint","urlTemplate":"https:\/\/www.iomft.ro\/?s={search_term_string}"},"query-input":{"@type":"PropertyValueSpecification","valueRequired":true,"valueName":"search_term_string"}}],"inLanguage":"ro-RO"},{"@type":"Organization","@id":"https:\/\/www.iomft.ro\/#organization","name":"IOMFT","url":"https:\/\/www.iomft.ro\/","logo":{"@type":"ImageObject","inLanguage":"ro-RO","@id":"https:\/\/www.iomft.ro\/#\/schema\/logo\/image\/","url":"https:\/\/www.iomft.ro\/wp-content\/uploads\/2024\/09\/cropped-logo@2x.png","contentUrl":"https:\/\/www.iomft.ro\/wp-content\/uploads\/2024\/09\/cropped-logo@2x.png","width":1000,"height":250,"caption":"IOMFT"},"image":{"@id":"https:\/\/www.iomft.ro\/#\/schema\/logo\/image\/"}}]}},"jetpack_sharing_enabled":true,"_links":{"self":[{"href":"https:\/\/www.iomft.ro\/index.php\/wp-json\/wp\/v2\/product\/1312","targetHints":{"allow":["GET"]}}],"collection":[{"href":"https:\/\/www.iomft.ro\/index.php\/wp-json\/wp\/v2\/product"}],"about":[{"href":"https:\/\/www.iomft.ro\/index.php\/wp-json\/wp\/v2\/types\/product"}],"replies":[{"embeddable":true,"href":"https:\/\/www.iomft.ro\/index.php\/wp-json\/wp\/v2\/comments?post=1312"}],"wp:featuredmedia":[{"embeddable":true,"href":"https:\/\/www.iomft.ro\/index.php\/wp-json\/wp\/v2\/media\/2038"}],"wp:attachment":[{"href":"https:\/\/www.iomft.ro\/index.php\/wp-json\/wp\/v2\/media?parent=1312"}],"wp:term":[{"taxonomy":"product_brand","embeddable":true,"href":"https:\/\/www.iomft.ro\/index.php\/wp-json\/wp\/v2\/product_brand?post=1312"},{"taxonomy":"product_cat","embeddable":true,"href":"https:\/\/www.iomft.ro\/index.php\/wp-json\/wp\/v2\/product_cat?post=1312"},{"taxonomy":"product_tag","embeddable":true,"href":"https:\/\/www.iomft.ro\/index.php\/wp-json\/wp\/v2\/product_tag?post=1312"}],"curies":[{"name":"wp","href":"https:\/\/api.w.org\/{rel}","templated":true}]}}