{"id":1315,"date":"2025-11-25T13:36:41","date_gmt":"2025-11-25T13:36:41","guid":{"rendered":"https:\/\/www.iomft.ro\/?post_type=product&#038;p=1315"},"modified":"2026-03-12T16:36:27","modified_gmt":"2026-03-12T16:36:27","slug":"tratament-myo-munchee-bebe-pentru-varsta-6-18-luni","status":"publish","type":"product","link":"https:\/\/www.iomft.ro\/index.php\/product\/tratament-myo-munchee-bebe-pentru-varsta-6-18-luni\/","title":{"rendered":"Kit Tratament Myo Munchee Bebe pentru v\u00e2rsta 6-18 luni"},"content":{"rendered":"<p data-start=\"150\" data-end=\"343\">Munchee Bebe este cel mai mic dispozitiv Munchee, creat pentru bebelu\u0219ii de <strong data-start=\"226\" data-end=\"239\">6\u201318 luni<\/strong> pentru a sprijini respira\u021bia pe nas \u0219i dezvoltarea corect\u0103 a mu\u0219chilor fe\u021bei, buzelor \u0219i maxilarelor.<\/p>\n<p data-start=\"345\" data-end=\"546\">Ajut\u0103 la <strong data-start=\"354\" data-end=\"392\">coordonarea supt\u2013\u00eenghi\u021bit\u2013respirat<\/strong>, esen\u021bial\u0103 \u00een primele luni de via\u021b\u0103. C\u00e2nd aceast\u0103 coordonare nu este optim\u0103, pot ap\u0103rea probleme precum respira\u021bia pe gur\u0103 sau sc\u0103derea tonusului facial.<\/p>\n<p data-start=\"548\" data-end=\"628\">Fabricat din <strong data-start=\"561\" data-end=\"578\">silicon moale<\/strong>, sigur \u0219i pl\u0103cut pentru bebelu\u0219i, Munchee Bebe:<\/p>\n<ul data-start=\"629\" data-end=\"838\">\n<li data-start=\"629\" data-end=\"678\">\n<p data-start=\"631\" data-end=\"678\">stimuleaz\u0103 gingiile \u0219i reflexul de mestecare;<\/p>\n<\/li>\n<li data-start=\"679\" data-end=\"775\">\n<p data-start=\"681\" data-end=\"775\">\u00eencurajeaz\u0103 respira\u021bia nazal\u0103 (nu permite respira\u021bia pe gur\u0103 atunci c\u00e2nd este \u00een utilizare);<\/p>\n<\/li>\n<li data-start=\"776\" data-end=\"838\">\n<p data-start=\"778\" data-end=\"838\">se folose\u0219te \u00een <strong data-start=\"794\" data-end=\"819\">sesiuni foarte scurte<\/strong>, de 10\u201320 secunde.<\/p>\n<\/li>\n<\/ul>\n<p data-start=\"840\" data-end=\"957\">*Dispozitivul trebuie introdus doar sub <strong data-start=\"879\" data-end=\"911\">supervizarea unui specialist<\/strong>, pentru a fi utilizat corect \u0219i \u00een siguran\u021b\u0103.<\/p>\n<article class=\"text-token-text-primary w-full focus:outline-none [--shadow-height:45px] has-data-writing-block:pointer-events-none has-data-writing-block:-mt-(--shadow-height) has-data-writing-block:pt-(--shadow-height) [&amp;:has([data-writing-block])&gt;*]:pointer-events-auto [content-visibility:auto] supports-[content-visibility:auto]:[contain-intrinsic-size:auto_100lvh] scroll-mt-[calc(var(--header-height)+min(200px,max(70px,20svh)))]\" dir=\"auto\" tabindex=\"-1\" data-turn-id=\"request-WEB:5cab915a-b174-4743-8c7f-405daf0d31ed-8\" data-testid=\"conversation-turn-18\" data-scroll-anchor=\"true\" data-turn=\"assistant\">\n<div class=\"text-base my-auto mx-auto pb-10 [--thread-content-margin:--spacing(4)] thread-sm:[--thread-content-margin:--spacing(6)] thread-lg:[--thread-content-margin:--spacing(16)] px-(--thread-content-margin)\">\n<div class=\"[--thread-content-max-width:40rem] thread-lg:[--thread-content-max-width:48rem] mx-auto max-w-(--thread-content-max-width) flex-1 group\/turn-messages focus-visible:outline-hidden relative flex w-full min-w-0 flex-col agent-turn\" tabindex=\"-1\">\n<div class=\"flex max-w-full flex-col grow\">\n<div class=\"min-h-8 text-message relative flex w-full flex-col items-end gap-2 text-start break-words whitespace-normal [.text-message+&amp;]:mt-1\" dir=\"auto\" data-message-author-role=\"assistant\" data-message-id=\"ca6d668f-c248-484c-bf9e-b4718e5b69e9\" data-message-model-slug=\"gpt-5-1\">\n<div class=\"flex w-full flex-col gap-1 empty:hidden first:pt-[1px]\">\n<div class=\"markdown prose dark:prose-invert w-full break-words light markdown-new-styling\">\n<p data-start=\"53\" data-end=\"125\"><strong data-start=\"53\" data-end=\"123\">Kitul Tratament Myo Munchee Bebe pentru v\u00e2rsta 6\u201318 luni cuprinde:<\/strong><\/p>\n<ul data-start=\"126\" data-end=\"226\" data-is-last-node=\"\" data-is-only-node=\"\">\n<li data-start=\"126\" data-end=\"153\">\n<p data-start=\"128\" data-end=\"153\">dispozitivul (2 buc\u0103\u021bi)<\/p>\n<\/li>\n<li data-start=\"154\" data-end=\"197\">\n<p data-start=\"156\" data-end=\"197\">calendar de purtare pentru monitorizare<\/p>\n<\/li>\n<li data-start=\"198\" data-end=\"226\" data-is-last-node=\"\">\n<p data-start=\"200\" data-end=\"226\" data-is-last-node=\"\">program de masaj intraoral<\/p>\n<\/li>\n<\/ul>\n<\/div>\n<\/div>\n<\/div>\n<\/div>\n<div class=\"z-0 flex min-h-[46px] justify-start\"><\/div>\n<div class=\"mt-3 w-full empty:hidden\">\n<div class=\"text-center\"><\/div>\n<\/div>\n<\/div>\n<\/div>\n<\/article>\n<div class=\"pointer-events-none h-px w-px\" aria-hidden=\"true\" data-edge=\"true\"><\/div>\n","protected":false},"excerpt":{"rendered":"<p data-start=\"150\" data-end=\"343\">Munchee Bebe este cel mai mic dispozitiv Munchee, creat pentru bebelu\u0219ii de <strong data-start=\"226\" data-end=\"239\">6\u201318 luni<\/strong> pentru a sprijini respira\u021bia pe nas \u0219i dezvoltarea corect\u0103 a mu\u0219chilor fe\u021bei, buzelor \u0219i maxilarelor.<\/p>\n<p data-start=\"345\" data-end=\"546\">Ajut\u0103 la <strong data-start=\"354\" data-end=\"392\">coordonarea supt\u2013\u00eenghi\u021bit\u2013respirat<\/strong>, esen\u021bial\u0103 \u00een primele luni de via\u021b\u0103. C\u00e2nd aceast\u0103 coordonare nu este optim\u0103, pot ap\u0103rea probleme precum respira\u021bia pe gur\u0103 sau sc\u0103derea tonusului facial.<\/p>\n","protected":false},"featured_media":2029,"comment_status":"closed","ping_status":"closed","template":"","meta":{"_acf_changed":false},"product_brand":[],"product_cat":[38,44],"product_tag":[],"class_list":{"0":"post-1315","1":"product","2":"type-product","3":"status-publish","4":"has-post-thumbnail","6":"product_cat-parinti","7":"product_cat-programe","9":"first","10":"instock","11":"shipping-taxable","12":"purchasable","13":"product-type-simple"},"acf":[],"yoast_head":"<!-- This site is optimized with the Yoast SEO plugin v27.3 - https:\/\/yoast.com\/product\/yoast-seo-wordpress\/ -->\n<title>Kit Tratament Myo Munchee Bebe pentru v\u00e2rsta 6-18 luni - IOMFT<\/title>\n<meta name=\"robots\" content=\"index, follow, max-snippet:-1, max-image-preview:large, max-video-preview:-1\" \/>\n<link rel=\"canonical\" href=\"https:\/\/www.iomft.ro\/index.php\/product\/tratament-myo-munchee-bebe-pentru-varsta-6-18-luni\/\" \/>\n<meta property=\"og:locale\" content=\"ro_RO\" \/>\n<meta property=\"og:type\" content=\"article\" \/>\n<meta property=\"og:title\" content=\"Kit Tratament Myo Munchee Bebe pentru v\u00e2rsta 6-18 luni - IOMFT\" \/>\n<meta property=\"og:description\" content=\"Munchee Bebe este cel mai mic dispozitiv Munchee, creat pentru bebelu\u0219ii de 6\u201318 luni pentru a sprijini respira\u021bia pe nas \u0219i dezvoltarea corect\u0103 a mu\u0219chilor fe\u021bei, buzelor \u0219i maxilarelor. Ajut\u0103 la coordonarea supt\u2013\u00eenghi\u021bit\u2013respirat, esen\u021bial\u0103 \u00een primele luni de via\u021b\u0103. C\u00e2nd aceast\u0103 coordonare nu este optim\u0103, pot ap\u0103rea probleme precum respira\u021bia pe gur\u0103 sau sc\u0103derea tonusului facial.\" \/>\n<meta property=\"og:url\" content=\"https:\/\/www.iomft.ro\/index.php\/product\/tratament-myo-munchee-bebe-pentru-varsta-6-18-luni\/\" \/>\n<meta property=\"og:site_name\" content=\"IOMFT\" \/>\n<meta property=\"article:modified_time\" content=\"2026-03-12T16:36:27+00:00\" \/>\n<meta property=\"og:image\" content=\"https:\/\/www.iomft.ro\/wp-content\/uploads\/2025\/12\/11-1.png\" \/>\n\t<meta property=\"og:image:width\" content=\"1200\" \/>\n\t<meta property=\"og:image:height\" content=\"1200\" \/>\n\t<meta property=\"og:image:type\" content=\"image\/png\" \/>\n<meta name=\"twitter:card\" content=\"summary_large_image\" \/>\n<meta name=\"twitter:label1\" content=\"Timp estimat pentru citire\" \/>\n\t<meta name=\"twitter:data1\" content=\"1 minut\" \/>\n<script type=\"application\/ld+json\" class=\"yoast-schema-graph\">{\"@context\":\"https:\\\/\\\/schema.org\",\"@graph\":[{\"@type\":\"WebPage\",\"@id\":\"https:\\\/\\\/www.iomft.ro\\\/index.php\\\/product\\\/tratament-myo-munchee-bebe-pentru-varsta-6-18-luni\\\/\",\"url\":\"https:\\\/\\\/www.iomft.ro\\\/index.php\\\/product\\\/tratament-myo-munchee-bebe-pentru-varsta-6-18-luni\\\/\",\"name\":\"Kit Tratament Myo Munchee Bebe pentru v\u00e2rsta 6-18 luni - IOMFT\",\"isPartOf\":{\"@id\":\"https:\\\/\\\/www.iomft.ro\\\/#website\"},\"primaryImageOfPage\":{\"@id\":\"https:\\\/\\\/www.iomft.ro\\\/index.php\\\/product\\\/tratament-myo-munchee-bebe-pentru-varsta-6-18-luni\\\/#primaryimage\"},\"image\":{\"@id\":\"https:\\\/\\\/www.iomft.ro\\\/index.php\\\/product\\\/tratament-myo-munchee-bebe-pentru-varsta-6-18-luni\\\/#primaryimage\"},\"thumbnailUrl\":\"https:\\\/\\\/www.iomft.ro\\\/wp-content\\\/uploads\\\/2025\\\/12\\\/11-1.png\",\"datePublished\":\"2025-11-25T13:36:41+00:00\",\"dateModified\":\"2026-03-12T16:36:27+00:00\",\"breadcrumb\":{\"@id\":\"https:\\\/\\\/www.iomft.ro\\\/index.php\\\/product\\\/tratament-myo-munchee-bebe-pentru-varsta-6-18-luni\\\/#breadcrumb\"},\"inLanguage\":\"ro-RO\",\"potentialAction\":[{\"@type\":\"ReadAction\",\"target\":[\"https:\\\/\\\/www.iomft.ro\\\/index.php\\\/product\\\/tratament-myo-munchee-bebe-pentru-varsta-6-18-luni\\\/\"]}]},{\"@type\":\"ImageObject\",\"inLanguage\":\"ro-RO\",\"@id\":\"https:\\\/\\\/www.iomft.ro\\\/index.php\\\/product\\\/tratament-myo-munchee-bebe-pentru-varsta-6-18-luni\\\/#primaryimage\",\"url\":\"https:\\\/\\\/www.iomft.ro\\\/wp-content\\\/uploads\\\/2025\\\/12\\\/11-1.png\",\"contentUrl\":\"https:\\\/\\\/www.iomft.ro\\\/wp-content\\\/uploads\\\/2025\\\/12\\\/11-1.png\",\"width\":1200,\"height\":1200},{\"@type\":\"BreadcrumbList\",\"@id\":\"https:\\\/\\\/www.iomft.ro\\\/index.php\\\/product\\\/tratament-myo-munchee-bebe-pentru-varsta-6-18-luni\\\/#breadcrumb\",\"itemListElement\":[{\"@type\":\"ListItem\",\"position\":1,\"name\":\"Home\",\"item\":\"https:\\\/\\\/www.iomft.ro\\\/\"},{\"@type\":\"ListItem\",\"position\":2,\"name\":\"Kit Tratament Myo Munchee Bebe pentru v\u00e2rsta 6-18 luni\"}]},{\"@type\":\"WebSite\",\"@id\":\"https:\\\/\\\/www.iomft.ro\\\/#website\",\"url\":\"https:\\\/\\\/www.iomft.ro\\\/\",\"name\":\"IOMFT\",\"description\":\"\",\"publisher\":{\"@id\":\"https:\\\/\\\/www.iomft.ro\\\/#organization\"},\"potentialAction\":[{\"@type\":\"SearchAction\",\"target\":{\"@type\":\"EntryPoint\",\"urlTemplate\":\"https:\\\/\\\/www.iomft.ro\\\/?s={search_term_string}\"},\"query-input\":{\"@type\":\"PropertyValueSpecification\",\"valueRequired\":true,\"valueName\":\"search_term_string\"}}],\"inLanguage\":\"ro-RO\"},{\"@type\":\"Organization\",\"@id\":\"https:\\\/\\\/www.iomft.ro\\\/#organization\",\"name\":\"IOMFT\",\"url\":\"https:\\\/\\\/www.iomft.ro\\\/\",\"logo\":{\"@type\":\"ImageObject\",\"inLanguage\":\"ro-RO\",\"@id\":\"https:\\\/\\\/www.iomft.ro\\\/#\\\/schema\\\/logo\\\/image\\\/\",\"url\":\"https:\\\/\\\/www.iomft.ro\\\/wp-content\\\/uploads\\\/2024\\\/09\\\/cropped-logo@2x.png\",\"contentUrl\":\"https:\\\/\\\/www.iomft.ro\\\/wp-content\\\/uploads\\\/2024\\\/09\\\/cropped-logo@2x.png\",\"width\":1000,\"height\":250,\"caption\":\"IOMFT\"},\"image\":{\"@id\":\"https:\\\/\\\/www.iomft.ro\\\/#\\\/schema\\\/logo\\\/image\\\/\"}}]}<\/script>\n<!-- \/ Yoast SEO plugin. -->","yoast_head_json":{"title":"Kit Tratament Myo Munchee Bebe pentru v\u00e2rsta 6-18 luni - IOMFT","robots":{"index":"index","follow":"follow","max-snippet":"max-snippet:-1","max-image-preview":"max-image-preview:large","max-video-preview":"max-video-preview:-1"},"canonical":"https:\/\/www.iomft.ro\/index.php\/product\/tratament-myo-munchee-bebe-pentru-varsta-6-18-luni\/","og_locale":"ro_RO","og_type":"article","og_title":"Kit Tratament Myo Munchee Bebe pentru v\u00e2rsta 6-18 luni - IOMFT","og_description":"Munchee Bebe este cel mai mic dispozitiv Munchee, creat pentru bebelu\u0219ii de 6\u201318 luni pentru a sprijini respira\u021bia pe nas \u0219i dezvoltarea corect\u0103 a mu\u0219chilor fe\u021bei, buzelor \u0219i maxilarelor. Ajut\u0103 la coordonarea supt\u2013\u00eenghi\u021bit\u2013respirat, esen\u021bial\u0103 \u00een primele luni de via\u021b\u0103. C\u00e2nd aceast\u0103 coordonare nu este optim\u0103, pot ap\u0103rea probleme precum respira\u021bia pe gur\u0103 sau sc\u0103derea tonusului facial.","og_url":"https:\/\/www.iomft.ro\/index.php\/product\/tratament-myo-munchee-bebe-pentru-varsta-6-18-luni\/","og_site_name":"IOMFT","article_modified_time":"2026-03-12T16:36:27+00:00","og_image":[{"width":1200,"height":1200,"url":"https:\/\/www.iomft.ro\/wp-content\/uploads\/2025\/12\/11-1.png","type":"image\/png"}],"twitter_card":"summary_large_image","twitter_misc":{"Timp estimat pentru citire":"1 minut"},"schema":{"@context":"https:\/\/schema.org","@graph":[{"@type":"WebPage","@id":"https:\/\/www.iomft.ro\/index.php\/product\/tratament-myo-munchee-bebe-pentru-varsta-6-18-luni\/","url":"https:\/\/www.iomft.ro\/index.php\/product\/tratament-myo-munchee-bebe-pentru-varsta-6-18-luni\/","name":"Kit Tratament Myo Munchee Bebe pentru v\u00e2rsta 6-18 luni - IOMFT","isPartOf":{"@id":"https:\/\/www.iomft.ro\/#website"},"primaryImageOfPage":{"@id":"https:\/\/www.iomft.ro\/index.php\/product\/tratament-myo-munchee-bebe-pentru-varsta-6-18-luni\/#primaryimage"},"image":{"@id":"https:\/\/www.iomft.ro\/index.php\/product\/tratament-myo-munchee-bebe-pentru-varsta-6-18-luni\/#primaryimage"},"thumbnailUrl":"https:\/\/www.iomft.ro\/wp-content\/uploads\/2025\/12\/11-1.png","datePublished":"2025-11-25T13:36:41+00:00","dateModified":"2026-03-12T16:36:27+00:00","breadcrumb":{"@id":"https:\/\/www.iomft.ro\/index.php\/product\/tratament-myo-munchee-bebe-pentru-varsta-6-18-luni\/#breadcrumb"},"inLanguage":"ro-RO","potentialAction":[{"@type":"ReadAction","target":["https:\/\/www.iomft.ro\/index.php\/product\/tratament-myo-munchee-bebe-pentru-varsta-6-18-luni\/"]}]},{"@type":"ImageObject","inLanguage":"ro-RO","@id":"https:\/\/www.iomft.ro\/index.php\/product\/tratament-myo-munchee-bebe-pentru-varsta-6-18-luni\/#primaryimage","url":"https:\/\/www.iomft.ro\/wp-content\/uploads\/2025\/12\/11-1.png","contentUrl":"https:\/\/www.iomft.ro\/wp-content\/uploads\/2025\/12\/11-1.png","width":1200,"height":1200},{"@type":"BreadcrumbList","@id":"https:\/\/www.iomft.ro\/index.php\/product\/tratament-myo-munchee-bebe-pentru-varsta-6-18-luni\/#breadcrumb","itemListElement":[{"@type":"ListItem","position":1,"name":"Home","item":"https:\/\/www.iomft.ro\/"},{"@type":"ListItem","position":2,"name":"Kit Tratament Myo Munchee Bebe pentru v\u00e2rsta 6-18 luni"}]},{"@type":"WebSite","@id":"https:\/\/www.iomft.ro\/#website","url":"https:\/\/www.iomft.ro\/","name":"IOMFT","description":"","publisher":{"@id":"https:\/\/www.iomft.ro\/#organization"},"potentialAction":[{"@type":"SearchAction","target":{"@type":"EntryPoint","urlTemplate":"https:\/\/www.iomft.ro\/?s={search_term_string}"},"query-input":{"@type":"PropertyValueSpecification","valueRequired":true,"valueName":"search_term_string"}}],"inLanguage":"ro-RO"},{"@type":"Organization","@id":"https:\/\/www.iomft.ro\/#organization","name":"IOMFT","url":"https:\/\/www.iomft.ro\/","logo":{"@type":"ImageObject","inLanguage":"ro-RO","@id":"https:\/\/www.iomft.ro\/#\/schema\/logo\/image\/","url":"https:\/\/www.iomft.ro\/wp-content\/uploads\/2024\/09\/cropped-logo@2x.png","contentUrl":"https:\/\/www.iomft.ro\/wp-content\/uploads\/2024\/09\/cropped-logo@2x.png","width":1000,"height":250,"caption":"IOMFT"},"image":{"@id":"https:\/\/www.iomft.ro\/#\/schema\/logo\/image\/"}}]}},"jetpack_sharing_enabled":true,"_links":{"self":[{"href":"https:\/\/www.iomft.ro\/index.php\/wp-json\/wp\/v2\/product\/1315","targetHints":{"allow":["GET"]}}],"collection":[{"href":"https:\/\/www.iomft.ro\/index.php\/wp-json\/wp\/v2\/product"}],"about":[{"href":"https:\/\/www.iomft.ro\/index.php\/wp-json\/wp\/v2\/types\/product"}],"replies":[{"embeddable":true,"href":"https:\/\/www.iomft.ro\/index.php\/wp-json\/wp\/v2\/comments?post=1315"}],"wp:featuredmedia":[{"embeddable":true,"href":"https:\/\/www.iomft.ro\/index.php\/wp-json\/wp\/v2\/media\/2029"}],"wp:attachment":[{"href":"https:\/\/www.iomft.ro\/index.php\/wp-json\/wp\/v2\/media?parent=1315"}],"wp:term":[{"taxonomy":"product_brand","embeddable":true,"href":"https:\/\/www.iomft.ro\/index.php\/wp-json\/wp\/v2\/product_brand?post=1315"},{"taxonomy":"product_cat","embeddable":true,"href":"https:\/\/www.iomft.ro\/index.php\/wp-json\/wp\/v2\/product_cat?post=1315"},{"taxonomy":"product_tag","embeddable":true,"href":"https:\/\/www.iomft.ro\/index.php\/wp-json\/wp\/v2\/product_tag?post=1315"}],"curies":[{"name":"wp","href":"https:\/\/api.w.org\/{rel}","templated":true}]}}