{"id":1317,"date":"2025-11-25T13:46:34","date_gmt":"2025-11-25T13:46:34","guid":{"rendered":"https:\/\/www.iomft.ro\/?post_type=product&#038;p=1317"},"modified":"2026-03-12T16:35:53","modified_gmt":"2026-03-12T16:35:53","slug":"kit-tratament-myo-munchee-mini-pentru-varsta-6-18-luni","status":"publish","type":"product","link":"https:\/\/www.iomft.ro\/index.php\/product\/kit-tratament-myo-munchee-mini-pentru-varsta-6-18-luni\/","title":{"rendered":"Kit Tratament Myo Munchee Mini pentru v\u00e2rsta 18 luni-4 ani"},"content":{"rendered":"<p data-start=\"115\" data-end=\"274\">Myo Munchee Mini este un dispozitiv sigur, moale \u0219i confortabil, fabricat din <strong data-start=\"193\" data-end=\"225\">silicon de calitate medical\u0103<\/strong>, cu m\u00e2ner stabil, u\u0219or de folosit de cei mici.<\/p>\n<p data-start=\"276\" data-end=\"294\">Acesta ajut\u0103 la:<\/p>\n<ul data-start=\"295\" data-end=\"583\">\n<li data-start=\"295\" data-end=\"356\">\n<p data-start=\"297\" data-end=\"356\"><strong data-start=\"297\" data-end=\"330\">Promovarea respira\u021biei pe nas<\/strong> \u0219i a \u00eenghi\u021birii corecte<\/p>\n<\/li>\n<li data-start=\"357\" data-end=\"407\">\n<p data-start=\"359\" data-end=\"407\"><strong data-start=\"359\" data-end=\"405\">Dezvoltarea mu\u0219chilor fe\u021bei \u0219i maxilarelor<\/strong><\/p>\n<\/li>\n<li data-start=\"408\" data-end=\"450\">\n<p data-start=\"410\" data-end=\"450\"><strong data-start=\"410\" data-end=\"432\">\u00cenlocuirea suzetei<\/strong> \u0219i igien\u0103 oral\u0103<\/p>\n<\/li>\n<li data-start=\"451\" data-end=\"506\">\n<p data-start=\"453\" data-end=\"506\"><strong data-start=\"453\" data-end=\"484\">Reducerea \u00eempingerii limbii<\/strong> \u0219i a supra-ocluziei<\/p>\n<\/li>\n<li data-start=\"507\" data-end=\"583\">\n<p data-start=\"509\" data-end=\"583\"><strong data-start=\"509\" data-end=\"539\">Preg\u0103tirea pre-ortodontic\u0103<\/strong> \u0219i sprijin pentru copii cu nevoi speciale<\/p>\n<\/li>\n<\/ul>\n<p data-start=\"585\" data-end=\"824\">Se folose\u0219te <strong data-start=\"598\" data-end=\"622\">c\u00e2te pu\u021bin, frecvent<\/strong> \u2013 ini\u021bial perioade scurte, apoi p\u00e2n\u0103 la 3 minute de dou\u0103 ori pe zi, ca parte din rutina zilnic\u0103. Mestecatul ajut\u0103 la dezvoltarea armonioas\u0103 a fe\u021bei \u0219i maxilarelor \u00een perioada critic\u0103 18 luni \u2013 6 ani.<\/p>\n<p data-start=\"840\" data-end=\"957\">*Dispozitivul trebuie introdus doar sub <strong data-start=\"879\" data-end=\"911\">supervizarea unui specialist<\/strong>, pentru a fi utilizat corect \u0219i \u00een siguran\u021b\u0103.<\/p>\n<article class=\"text-token-text-primary w-full focus:outline-none [--shadow-height:45px] has-data-writing-block:pointer-events-none has-data-writing-block:-mt-(--shadow-height) has-data-writing-block:pt-(--shadow-height) [&amp;:has([data-writing-block])&gt;*]:pointer-events-auto [content-visibility:auto] supports-[content-visibility:auto]:[contain-intrinsic-size:auto_100lvh] scroll-mt-[calc(var(--header-height)+min(200px,max(70px,20svh)))]\" dir=\"auto\" tabindex=\"-1\" data-turn-id=\"request-WEB:5cab915a-b174-4743-8c7f-405daf0d31ed-8\" data-testid=\"conversation-turn-18\" data-scroll-anchor=\"true\" data-turn=\"assistant\">\n<div class=\"text-base my-auto mx-auto pb-10 [--thread-content-margin:--spacing(4)] thread-sm:[--thread-content-margin:--spacing(6)] thread-lg:[--thread-content-margin:--spacing(16)] px-(--thread-content-margin)\">\n<div class=\"[--thread-content-max-width:40rem] thread-lg:[--thread-content-max-width:48rem] mx-auto max-w-(--thread-content-max-width) flex-1 group\/turn-messages focus-visible:outline-hidden relative flex w-full min-w-0 flex-col agent-turn\" tabindex=\"-1\">\n<div class=\"flex max-w-full flex-col grow\">\n<div class=\"min-h-8 text-message relative flex w-full flex-col items-end gap-2 text-start break-words whitespace-normal [.text-message+&amp;]:mt-1\" dir=\"auto\" data-message-author-role=\"assistant\" data-message-id=\"ca6d668f-c248-484c-bf9e-b4718e5b69e9\" data-message-model-slug=\"gpt-5-1\">\n<div class=\"flex w-full flex-col gap-1 empty:hidden first:pt-[1px]\">\n<div class=\"markdown prose dark:prose-invert w-full break-words light markdown-new-styling\">\n<p data-start=\"53\" data-end=\"125\"><strong data-start=\"53\" data-end=\"123\">Kitul Tratament Myo Munchee Mini pentru v\u00e2rsta 18 luni-4 ani cuprinde:<\/strong><\/p>\n<ul data-start=\"126\" data-end=\"226\" data-is-last-node=\"\" data-is-only-node=\"\">\n<li data-start=\"126\" data-end=\"153\">\n<p data-start=\"128\" data-end=\"153\">dispozitivul (1 bucat\u0103)<\/p>\n<\/li>\n<li data-start=\"154\" data-end=\"197\">\n<p data-start=\"156\" data-end=\"197\">calendar de purtare pentru monitorizare<\/p>\n<\/li>\n<li data-start=\"198\" data-end=\"226\" data-is-last-node=\"\">\n<p data-start=\"200\" data-end=\"226\" data-is-last-node=\"\">program de masaj intraoral<\/p>\n<\/li>\n<\/ul>\n<\/div>\n<\/div>\n<\/div>\n<\/div>\n<\/div>\n<\/div>\n<\/article>\n","protected":false},"excerpt":{"rendered":"<p data-start=\"115\" data-end=\"274\">Myo Munchee Mini este un dispozitiv sigur, moale \u0219i confortabil, fabricat din <strong data-start=\"193\" data-end=\"225\">silicon de calitate medical\u0103<\/strong>, cu m\u00e2ner stabil, u\u0219or de folosit de cei mici.<\/p>\n<p data-start=\"276\" data-end=\"294\">Acesta ajut\u0103 la:<\/p>\n<ul data-start=\"295\" data-end=\"583\">\n<li data-start=\"295\" data-end=\"356\">\n<p data-start=\"297\" data-end=\"356\"><strong data-start=\"297\" data-end=\"330\">Promovarea respira\u021biei pe nas<\/strong> \u0219i a \u00eenghi\u021birii corecte<\/p>\n<\/li>\n<li data-start=\"357\" data-end=\"407\">\n<p data-start=\"359\" data-end=\"407\"><strong data-start=\"359\" data-end=\"405\">Dezvoltarea mu\u0219chilor fe\u021bei \u0219i maxilarelor<\/strong><\/p>\n<\/li>\n<li data-start=\"408\" data-end=\"450\">\n<p data-start=\"410\" data-end=\"450\"><strong data-start=\"410\" data-end=\"432\">\u00cenlocuirea suzetei<\/strong> \u0219i igien\u0103 oral\u0103<\/p>\n<\/li>\n<li data-start=\"451\" data-end=\"506\">\n<p data-start=\"453\" data-end=\"506\"><strong data-start=\"453\" data-end=\"484\">Reducerea \u00eempingerii limbii<\/strong> \u0219i a supra-ocluziei<\/p>\n<\/li>\n<li data-start=\"507\" data-end=\"583\">\n<p data-start=\"509\" data-end=\"583\"><strong data-start=\"509\" data-end=\"539\">Preg\u0103tirea pre-ortodontic\u0103<\/strong> \u0219i sprijin pentru copii cu nevoi speciale<\/p>\n<\/li>\n<\/ul>\n","protected":false},"featured_media":2030,"comment_status":"closed","ping_status":"closed","template":"","meta":{"_acf_changed":false},"product_brand":[],"product_cat":[38,44],"product_tag":[],"class_list":{"0":"post-1317","1":"product","2":"type-product","3":"status-publish","4":"has-post-thumbnail","6":"product_cat-parinti","7":"product_cat-programe","9":"first","10":"instock","11":"shipping-taxable","12":"purchasable","13":"product-type-simple"},"acf":[],"yoast_head":"<!-- This site is optimized with the Yoast SEO plugin v27.3 - https:\/\/yoast.com\/product\/yoast-seo-wordpress\/ -->\n<title>Kit Tratament Myo Munchee Mini pentru v\u00e2rsta 18 luni-4 ani - IOMFT<\/title>\n<meta name=\"robots\" content=\"index, follow, max-snippet:-1, max-image-preview:large, max-video-preview:-1\" \/>\n<link rel=\"canonical\" href=\"https:\/\/www.iomft.ro\/index.php\/product\/kit-tratament-myo-munchee-mini-pentru-varsta-6-18-luni\/\" \/>\n<meta property=\"og:locale\" content=\"ro_RO\" \/>\n<meta property=\"og:type\" content=\"article\" \/>\n<meta property=\"og:title\" content=\"Kit Tratament Myo Munchee Mini pentru v\u00e2rsta 18 luni-4 ani - IOMFT\" \/>\n<meta property=\"og:description\" content=\"Myo Munchee Mini este un dispozitiv sigur, moale \u0219i confortabil, fabricat din silicon de calitate medical\u0103, cu m\u00e2ner stabil, u\u0219or de folosit de cei mici. Acesta ajut\u0103 la:     Promovarea respira\u021biei pe nas \u0219i a \u00eenghi\u021birii corecte    Dezvoltarea mu\u0219chilor fe\u021bei \u0219i maxilarelor    \u00cenlocuirea suzetei \u0219i igien\u0103 oral\u0103    Reducerea \u00eempingerii limbii \u0219i a supra-ocluziei    Preg\u0103tirea pre-ortodontic\u0103 \u0219i sprijin pentru copii cu nevoi speciale\" \/>\n<meta property=\"og:url\" content=\"https:\/\/www.iomft.ro\/index.php\/product\/kit-tratament-myo-munchee-mini-pentru-varsta-6-18-luni\/\" \/>\n<meta property=\"og:site_name\" content=\"IOMFT\" \/>\n<meta property=\"article:modified_time\" content=\"2026-03-12T16:35:53+00:00\" \/>\n<meta property=\"og:image\" content=\"https:\/\/www.iomft.ro\/wp-content\/uploads\/2025\/12\/9-1.png\" \/>\n\t<meta property=\"og:image:width\" content=\"1200\" \/>\n\t<meta property=\"og:image:height\" content=\"1200\" \/>\n\t<meta property=\"og:image:type\" content=\"image\/png\" \/>\n<meta name=\"twitter:card\" content=\"summary_large_image\" \/>\n<meta name=\"twitter:label1\" content=\"Timp estimat pentru citire\" \/>\n\t<meta name=\"twitter:data1\" content=\"1 minut\" \/>\n<script type=\"application\/ld+json\" class=\"yoast-schema-graph\">{\"@context\":\"https:\\\/\\\/schema.org\",\"@graph\":[{\"@type\":\"WebPage\",\"@id\":\"https:\\\/\\\/www.iomft.ro\\\/index.php\\\/product\\\/kit-tratament-myo-munchee-mini-pentru-varsta-6-18-luni\\\/\",\"url\":\"https:\\\/\\\/www.iomft.ro\\\/index.php\\\/product\\\/kit-tratament-myo-munchee-mini-pentru-varsta-6-18-luni\\\/\",\"name\":\"Kit Tratament Myo Munchee Mini pentru v\u00e2rsta 18 luni-4 ani - IOMFT\",\"isPartOf\":{\"@id\":\"https:\\\/\\\/www.iomft.ro\\\/#website\"},\"primaryImageOfPage\":{\"@id\":\"https:\\\/\\\/www.iomft.ro\\\/index.php\\\/product\\\/kit-tratament-myo-munchee-mini-pentru-varsta-6-18-luni\\\/#primaryimage\"},\"image\":{\"@id\":\"https:\\\/\\\/www.iomft.ro\\\/index.php\\\/product\\\/kit-tratament-myo-munchee-mini-pentru-varsta-6-18-luni\\\/#primaryimage\"},\"thumbnailUrl\":\"https:\\\/\\\/www.iomft.ro\\\/wp-content\\\/uploads\\\/2025\\\/12\\\/9-1.png\",\"datePublished\":\"2025-11-25T13:46:34+00:00\",\"dateModified\":\"2026-03-12T16:35:53+00:00\",\"breadcrumb\":{\"@id\":\"https:\\\/\\\/www.iomft.ro\\\/index.php\\\/product\\\/kit-tratament-myo-munchee-mini-pentru-varsta-6-18-luni\\\/#breadcrumb\"},\"inLanguage\":\"ro-RO\",\"potentialAction\":[{\"@type\":\"ReadAction\",\"target\":[\"https:\\\/\\\/www.iomft.ro\\\/index.php\\\/product\\\/kit-tratament-myo-munchee-mini-pentru-varsta-6-18-luni\\\/\"]}]},{\"@type\":\"ImageObject\",\"inLanguage\":\"ro-RO\",\"@id\":\"https:\\\/\\\/www.iomft.ro\\\/index.php\\\/product\\\/kit-tratament-myo-munchee-mini-pentru-varsta-6-18-luni\\\/#primaryimage\",\"url\":\"https:\\\/\\\/www.iomft.ro\\\/wp-content\\\/uploads\\\/2025\\\/12\\\/9-1.png\",\"contentUrl\":\"https:\\\/\\\/www.iomft.ro\\\/wp-content\\\/uploads\\\/2025\\\/12\\\/9-1.png\",\"width\":1200,\"height\":1200},{\"@type\":\"BreadcrumbList\",\"@id\":\"https:\\\/\\\/www.iomft.ro\\\/index.php\\\/product\\\/kit-tratament-myo-munchee-mini-pentru-varsta-6-18-luni\\\/#breadcrumb\",\"itemListElement\":[{\"@type\":\"ListItem\",\"position\":1,\"name\":\"Home\",\"item\":\"https:\\\/\\\/www.iomft.ro\\\/\"},{\"@type\":\"ListItem\",\"position\":2,\"name\":\"Kit Tratament Myo Munchee Mini pentru v\u00e2rsta 18 luni-4 ani\"}]},{\"@type\":\"WebSite\",\"@id\":\"https:\\\/\\\/www.iomft.ro\\\/#website\",\"url\":\"https:\\\/\\\/www.iomft.ro\\\/\",\"name\":\"IOMFT\",\"description\":\"\",\"publisher\":{\"@id\":\"https:\\\/\\\/www.iomft.ro\\\/#organization\"},\"potentialAction\":[{\"@type\":\"SearchAction\",\"target\":{\"@type\":\"EntryPoint\",\"urlTemplate\":\"https:\\\/\\\/www.iomft.ro\\\/?s={search_term_string}\"},\"query-input\":{\"@type\":\"PropertyValueSpecification\",\"valueRequired\":true,\"valueName\":\"search_term_string\"}}],\"inLanguage\":\"ro-RO\"},{\"@type\":\"Organization\",\"@id\":\"https:\\\/\\\/www.iomft.ro\\\/#organization\",\"name\":\"IOMFT\",\"url\":\"https:\\\/\\\/www.iomft.ro\\\/\",\"logo\":{\"@type\":\"ImageObject\",\"inLanguage\":\"ro-RO\",\"@id\":\"https:\\\/\\\/www.iomft.ro\\\/#\\\/schema\\\/logo\\\/image\\\/\",\"url\":\"https:\\\/\\\/www.iomft.ro\\\/wp-content\\\/uploads\\\/2024\\\/09\\\/cropped-logo@2x.png\",\"contentUrl\":\"https:\\\/\\\/www.iomft.ro\\\/wp-content\\\/uploads\\\/2024\\\/09\\\/cropped-logo@2x.png\",\"width\":1000,\"height\":250,\"caption\":\"IOMFT\"},\"image\":{\"@id\":\"https:\\\/\\\/www.iomft.ro\\\/#\\\/schema\\\/logo\\\/image\\\/\"}}]}<\/script>\n<!-- \/ Yoast SEO plugin. -->","yoast_head_json":{"title":"Kit Tratament Myo Munchee Mini pentru v\u00e2rsta 18 luni-4 ani - IOMFT","robots":{"index":"index","follow":"follow","max-snippet":"max-snippet:-1","max-image-preview":"max-image-preview:large","max-video-preview":"max-video-preview:-1"},"canonical":"https:\/\/www.iomft.ro\/index.php\/product\/kit-tratament-myo-munchee-mini-pentru-varsta-6-18-luni\/","og_locale":"ro_RO","og_type":"article","og_title":"Kit Tratament Myo Munchee Mini pentru v\u00e2rsta 18 luni-4 ani - IOMFT","og_description":"Myo Munchee Mini este un dispozitiv sigur, moale \u0219i confortabil, fabricat din silicon de calitate medical\u0103, cu m\u00e2ner stabil, u\u0219or de folosit de cei mici. Acesta ajut\u0103 la:     Promovarea respira\u021biei pe nas \u0219i a \u00eenghi\u021birii corecte    Dezvoltarea mu\u0219chilor fe\u021bei \u0219i maxilarelor    \u00cenlocuirea suzetei \u0219i igien\u0103 oral\u0103    Reducerea \u00eempingerii limbii \u0219i a supra-ocluziei    Preg\u0103tirea pre-ortodontic\u0103 \u0219i sprijin pentru copii cu nevoi speciale","og_url":"https:\/\/www.iomft.ro\/index.php\/product\/kit-tratament-myo-munchee-mini-pentru-varsta-6-18-luni\/","og_site_name":"IOMFT","article_modified_time":"2026-03-12T16:35:53+00:00","og_image":[{"width":1200,"height":1200,"url":"https:\/\/www.iomft.ro\/wp-content\/uploads\/2025\/12\/9-1.png","type":"image\/png"}],"twitter_card":"summary_large_image","twitter_misc":{"Timp estimat pentru citire":"1 minut"},"schema":{"@context":"https:\/\/schema.org","@graph":[{"@type":"WebPage","@id":"https:\/\/www.iomft.ro\/index.php\/product\/kit-tratament-myo-munchee-mini-pentru-varsta-6-18-luni\/","url":"https:\/\/www.iomft.ro\/index.php\/product\/kit-tratament-myo-munchee-mini-pentru-varsta-6-18-luni\/","name":"Kit Tratament Myo Munchee Mini pentru v\u00e2rsta 18 luni-4 ani - IOMFT","isPartOf":{"@id":"https:\/\/www.iomft.ro\/#website"},"primaryImageOfPage":{"@id":"https:\/\/www.iomft.ro\/index.php\/product\/kit-tratament-myo-munchee-mini-pentru-varsta-6-18-luni\/#primaryimage"},"image":{"@id":"https:\/\/www.iomft.ro\/index.php\/product\/kit-tratament-myo-munchee-mini-pentru-varsta-6-18-luni\/#primaryimage"},"thumbnailUrl":"https:\/\/www.iomft.ro\/wp-content\/uploads\/2025\/12\/9-1.png","datePublished":"2025-11-25T13:46:34+00:00","dateModified":"2026-03-12T16:35:53+00:00","breadcrumb":{"@id":"https:\/\/www.iomft.ro\/index.php\/product\/kit-tratament-myo-munchee-mini-pentru-varsta-6-18-luni\/#breadcrumb"},"inLanguage":"ro-RO","potentialAction":[{"@type":"ReadAction","target":["https:\/\/www.iomft.ro\/index.php\/product\/kit-tratament-myo-munchee-mini-pentru-varsta-6-18-luni\/"]}]},{"@type":"ImageObject","inLanguage":"ro-RO","@id":"https:\/\/www.iomft.ro\/index.php\/product\/kit-tratament-myo-munchee-mini-pentru-varsta-6-18-luni\/#primaryimage","url":"https:\/\/www.iomft.ro\/wp-content\/uploads\/2025\/12\/9-1.png","contentUrl":"https:\/\/www.iomft.ro\/wp-content\/uploads\/2025\/12\/9-1.png","width":1200,"height":1200},{"@type":"BreadcrumbList","@id":"https:\/\/www.iomft.ro\/index.php\/product\/kit-tratament-myo-munchee-mini-pentru-varsta-6-18-luni\/#breadcrumb","itemListElement":[{"@type":"ListItem","position":1,"name":"Home","item":"https:\/\/www.iomft.ro\/"},{"@type":"ListItem","position":2,"name":"Kit Tratament Myo Munchee Mini pentru v\u00e2rsta 18 luni-4 ani"}]},{"@type":"WebSite","@id":"https:\/\/www.iomft.ro\/#website","url":"https:\/\/www.iomft.ro\/","name":"IOMFT","description":"","publisher":{"@id":"https:\/\/www.iomft.ro\/#organization"},"potentialAction":[{"@type":"SearchAction","target":{"@type":"EntryPoint","urlTemplate":"https:\/\/www.iomft.ro\/?s={search_term_string}"},"query-input":{"@type":"PropertyValueSpecification","valueRequired":true,"valueName":"search_term_string"}}],"inLanguage":"ro-RO"},{"@type":"Organization","@id":"https:\/\/www.iomft.ro\/#organization","name":"IOMFT","url":"https:\/\/www.iomft.ro\/","logo":{"@type":"ImageObject","inLanguage":"ro-RO","@id":"https:\/\/www.iomft.ro\/#\/schema\/logo\/image\/","url":"https:\/\/www.iomft.ro\/wp-content\/uploads\/2024\/09\/cropped-logo@2x.png","contentUrl":"https:\/\/www.iomft.ro\/wp-content\/uploads\/2024\/09\/cropped-logo@2x.png","width":1000,"height":250,"caption":"IOMFT"},"image":{"@id":"https:\/\/www.iomft.ro\/#\/schema\/logo\/image\/"}}]}},"jetpack_sharing_enabled":true,"_links":{"self":[{"href":"https:\/\/www.iomft.ro\/index.php\/wp-json\/wp\/v2\/product\/1317","targetHints":{"allow":["GET"]}}],"collection":[{"href":"https:\/\/www.iomft.ro\/index.php\/wp-json\/wp\/v2\/product"}],"about":[{"href":"https:\/\/www.iomft.ro\/index.php\/wp-json\/wp\/v2\/types\/product"}],"replies":[{"embeddable":true,"href":"https:\/\/www.iomft.ro\/index.php\/wp-json\/wp\/v2\/comments?post=1317"}],"wp:featuredmedia":[{"embeddable":true,"href":"https:\/\/www.iomft.ro\/index.php\/wp-json\/wp\/v2\/media\/2030"}],"wp:attachment":[{"href":"https:\/\/www.iomft.ro\/index.php\/wp-json\/wp\/v2\/media?parent=1317"}],"wp:term":[{"taxonomy":"product_brand","embeddable":true,"href":"https:\/\/www.iomft.ro\/index.php\/wp-json\/wp\/v2\/product_brand?post=1317"},{"taxonomy":"product_cat","embeddable":true,"href":"https:\/\/www.iomft.ro\/index.php\/wp-json\/wp\/v2\/product_cat?post=1317"},{"taxonomy":"product_tag","embeddable":true,"href":"https:\/\/www.iomft.ro\/index.php\/wp-json\/wp\/v2\/product_tag?post=1317"}],"curies":[{"name":"wp","href":"https:\/\/api.w.org\/{rel}","templated":true}]}}