{"id":1321,"date":"2025-11-25T14:04:38","date_gmt":"2025-11-25T14:04:38","guid":{"rendered":"https:\/\/www.iomft.ro\/?post_type=product&#038;p=1321"},"modified":"2026-03-12T16:33:16","modified_gmt":"2026-03-12T16:33:16","slug":"kit-tratament-myo-munchee-tween-pentru-varsta-8-12-ani","status":"publish","type":"product","link":"https:\/\/www.iomft.ro\/index.php\/product\/kit-tratament-myo-munchee-tween-pentru-varsta-8-12-ani\/","title":{"rendered":"Kit Tratament Myo Munchee Tween pentru v\u00e2rsta 8-12 ani"},"content":{"rendered":"<h3 data-start=\"70\" data-end=\"108\">Myo Munchee Tween este conceput pentru copii \u00eentre <strong data-start=\"161\" data-end=\"176\">8 \u0219i 12 ani<\/strong> \u0219i pentru adolescen\u021bi cu maxilar mai mic, oferind confort \u0219i sprijin pentru dezvoltarea corect\u0103 a fe\u021bei \u0219i maxilarelor.<\/h3>\n<ul data-start=\"300\" data-end=\"720\">\n<li data-start=\"300\" data-end=\"399\">\n<p data-start=\"302\" data-end=\"399\"><strong data-start=\"302\" data-end=\"327\">Pad-uri pentru molari<\/strong> pentru confort suplimentar, ajustabile \u00een func\u021bie de erup\u021bia dentar\u0103.<\/p>\n<\/li>\n<li data-start=\"400\" data-end=\"475\">\n<p data-start=\"402\" data-end=\"475\"><strong data-start=\"402\" data-end=\"428\">Atrag\u0103tor pentru limb\u0103<\/strong> care ajut\u0103 la pozi\u021bionarea corect\u0103 a limbii.<\/p>\n<\/li>\n<li data-start=\"476\" data-end=\"556\">\n<p data-start=\"478\" data-end=\"556\">Sprijin\u0103 corectarea <strong data-start=\"498\" data-end=\"553\">posturii limbii, tonusul oral \u0219i alinierea din\u021bilor<\/strong>.<\/p>\n<\/li>\n<li data-start=\"557\" data-end=\"720\">\n<p data-start=\"559\" data-end=\"720\">Tranzi\u021bia c\u0103tre Myo Munchee Adult se face de obicei \u00eentre <strong data-start=\"617\" data-end=\"630\">12\u201314 ani<\/strong>, dar se recomand\u0103 evaluarea l\u0103\u021bimii inter-canine pentru alegerea dimensiunii potrivite.<\/p>\n<\/li>\n<\/ul>\n<p data-start=\"722\" data-end=\"885\" data-is-last-node=\"\" data-is-only-node=\"\">Myo Munchee Tween ajut\u0103 copiii s\u0103 dezvolte obiceiuri s\u0103n\u0103toase de mestecare, respira\u021bie \u0219i \u00eenghi\u021bire, esen\u021biale pentru cre\u0219terea armonioas\u0103 a fe\u021bei \u0219i maxilarelor.<\/p>\n<p>*Dispozitivul trebuie introdus doar sub <strong data-start=\"879\" data-end=\"911\">supervizarea unui specialist<\/strong>, pentru a fi utilizat corect \u0219i \u00een siguran\u021b\u0103.<\/p>\n<p data-start=\"53\" data-end=\"125\"><strong data-start=\"53\" data-end=\"123\">Kitul Tratament Myo Munchee Tween pentru v\u00e2rsta 8-12\u00a0 ani cuprinde:<\/strong><\/p>\n<ul data-start=\"126\" data-end=\"226\" data-is-last-node=\"\" data-is-only-node=\"\">\n<li data-start=\"126\" data-end=\"153\">\n<p data-start=\"128\" data-end=\"153\">dispozitivul (1 bucat\u0103)<\/p>\n<\/li>\n<li data-start=\"154\" data-end=\"197\">\n<p data-start=\"156\" data-end=\"197\">calendar de purtare pentru monitorizare<\/p>\n<\/li>\n<li data-start=\"198\" data-end=\"226\" data-is-last-node=\"\">\n<p data-start=\"200\" data-end=\"226\" data-is-last-node=\"\">program Top 10 exerci\u021bii miofunc\u021bionale<\/p>\n<\/li>\n<\/ul>\n","protected":false},"excerpt":{"rendered":"<h3 data-start=\"70\" data-end=\"108\">Myo Munchee Tween este conceput pentru copii \u00eentre <strong data-start=\"161\" data-end=\"176\">8 \u0219i 12 ani<\/strong> \u0219i pentru adolescen\u021bi cu maxilar mai mic, oferind confort \u0219i sprijin pentru dezvoltarea corect\u0103 a fe\u021bei \u0219i maxilarelor.<\/h3>\n<ul data-start=\"300\" data-end=\"720\">\n<li data-start=\"300\" data-end=\"399\">\n<p data-start=\"302\" data-end=\"399\"><strong data-start=\"302\" data-end=\"327\">Pad-uri pentru molari<\/strong> pentru confort suplimentar, ajustabile \u00een func\u021bie de erup\u021bia dentar\u0103.<\/p>\n<\/li>\n<li data-start=\"400\" data-end=\"475\">\n<p data-start=\"402\" data-end=\"475\"><strong data-start=\"402\" data-end=\"428\">Atrag\u0103tor pentru limb\u0103<\/strong> care ajut\u0103 la pozi\u021bionarea corect\u0103 a limbii.<\/p>\n<\/li>\n<li data-start=\"476\" data-end=\"556\">\n<p data-start=\"478\" data-end=\"556\">Sprijin\u0103 corectarea <strong data-start=\"498\" data-end=\"553\">posturii limbii, tonusul oral \u0219i alinierea din\u021bilor<\/strong>.<\/p>\n<\/li>\n<li data-start=\"557\" data-end=\"720\">\n<p data-start=\"559\" data-end=\"720\">Tranzi\u021bia c\u0103tre Myo Munchee Adult se face de obicei \u00eentre <strong data-start=\"617\" data-end=\"630\">12\u201314 ani<\/strong>, dar se recomand\u0103 evaluarea l\u0103\u021bimii inter-canine pentru alegerea dimensiunii potrivite.<\/p>\n<\/li>\n<\/ul>\n<p data-start=\"722\" data-end=\"885\" data-is-last-node=\"\" data-is-only-node=\"\">Myo Munchee Tween ajut\u0103 copiii s\u0103 dezvolte obiceiuri s\u0103n\u0103toase de mestecare, respira\u021bie \u0219i \u00eenghi\u021bire, esen\u021biale pentru cre\u0219terea armonioas\u0103 a fe\u021bei \u0219i maxilarelor.<\/p>\n","protected":false},"featured_media":2039,"comment_status":"closed","ping_status":"closed","template":"","meta":{"_acf_changed":false},"product_brand":[],"product_cat":[38,44],"product_tag":[],"class_list":{"0":"post-1321","1":"product","2":"type-product","3":"status-publish","4":"has-post-thumbnail","6":"product_cat-parinti","7":"product_cat-programe","9":"first","10":"instock","11":"shipping-taxable","12":"purchasable","13":"product-type-simple"},"acf":[],"yoast_head":"<!-- This site is optimized with the Yoast SEO plugin v27.3 - https:\/\/yoast.com\/product\/yoast-seo-wordpress\/ -->\n<title>Kit Tratament Myo Munchee Tween pentru v\u00e2rsta 8-12 ani - IOMFT<\/title>\n<meta name=\"robots\" content=\"index, follow, max-snippet:-1, max-image-preview:large, max-video-preview:-1\" \/>\n<link rel=\"canonical\" href=\"https:\/\/www.iomft.ro\/index.php\/product\/kit-tratament-myo-munchee-tween-pentru-varsta-8-12-ani\/\" \/>\n<meta property=\"og:locale\" content=\"ro_RO\" \/>\n<meta property=\"og:type\" content=\"article\" \/>\n<meta property=\"og:title\" content=\"Kit Tratament Myo Munchee Tween pentru v\u00e2rsta 8-12 ani - IOMFT\" \/>\n<meta property=\"og:description\" content=\"Myo Munchee Tween este conceput pentru copii \u00eentre 8 \u0219i 12 ani \u0219i pentru adolescen\u021bi cu maxilar mai mic, oferind confort \u0219i sprijin pentru dezvoltarea corect\u0103 a fe\u021bei \u0219i maxilarelor.    Pad-uri pentru molari pentru confort suplimentar, ajustabile \u00een func\u021bie de erup\u021bia dentar\u0103.    Atrag\u0103tor pentru limb\u0103 care ajut\u0103 la pozi\u021bionarea corect\u0103 a limbii.    Sprijin\u0103 corectarea posturii limbii, tonusul oral \u0219i alinierea din\u021bilor.    Tranzi\u021bia c\u0103tre Myo Munchee Adult se face de obicei \u00eentre 12\u201314 ani, dar se recomand\u0103 evaluarea l\u0103\u021bimii inter-canine pentru alegerea dimensiunii potrivite.   Myo Munchee Tween ajut\u0103 copiii s\u0103 dezvolte obiceiuri s\u0103n\u0103toase de mestecare, respira\u021bie \u0219i \u00eenghi\u021bire, esen\u021biale pentru cre\u0219terea armonioas\u0103 a fe\u021bei \u0219i maxilarelor.\" \/>\n<meta property=\"og:url\" content=\"https:\/\/www.iomft.ro\/index.php\/product\/kit-tratament-myo-munchee-tween-pentru-varsta-8-12-ani\/\" \/>\n<meta property=\"og:site_name\" content=\"IOMFT\" \/>\n<meta property=\"article:modified_time\" content=\"2026-03-12T16:33:16+00:00\" \/>\n<meta property=\"og:image\" content=\"https:\/\/www.iomft.ro\/wp-content\/uploads\/2025\/11\/10-1.png\" \/>\n\t<meta property=\"og:image:width\" content=\"1200\" \/>\n\t<meta property=\"og:image:height\" content=\"1200\" \/>\n\t<meta property=\"og:image:type\" content=\"image\/png\" \/>\n<meta name=\"twitter:card\" content=\"summary_large_image\" \/>\n<meta name=\"twitter:label1\" content=\"Timp estimat pentru citire\" \/>\n\t<meta name=\"twitter:data1\" content=\"1 minut\" \/>\n<script type=\"application\/ld+json\" class=\"yoast-schema-graph\">{\"@context\":\"https:\\\/\\\/schema.org\",\"@graph\":[{\"@type\":\"WebPage\",\"@id\":\"https:\\\/\\\/www.iomft.ro\\\/index.php\\\/product\\\/kit-tratament-myo-munchee-tween-pentru-varsta-8-12-ani\\\/\",\"url\":\"https:\\\/\\\/www.iomft.ro\\\/index.php\\\/product\\\/kit-tratament-myo-munchee-tween-pentru-varsta-8-12-ani\\\/\",\"name\":\"Kit Tratament Myo Munchee Tween pentru v\u00e2rsta 8-12 ani - IOMFT\",\"isPartOf\":{\"@id\":\"https:\\\/\\\/www.iomft.ro\\\/#website\"},\"primaryImageOfPage\":{\"@id\":\"https:\\\/\\\/www.iomft.ro\\\/index.php\\\/product\\\/kit-tratament-myo-munchee-tween-pentru-varsta-8-12-ani\\\/#primaryimage\"},\"image\":{\"@id\":\"https:\\\/\\\/www.iomft.ro\\\/index.php\\\/product\\\/kit-tratament-myo-munchee-tween-pentru-varsta-8-12-ani\\\/#primaryimage\"},\"thumbnailUrl\":\"https:\\\/\\\/www.iomft.ro\\\/wp-content\\\/uploads\\\/2025\\\/11\\\/10-1.png\",\"datePublished\":\"2025-11-25T14:04:38+00:00\",\"dateModified\":\"2026-03-12T16:33:16+00:00\",\"breadcrumb\":{\"@id\":\"https:\\\/\\\/www.iomft.ro\\\/index.php\\\/product\\\/kit-tratament-myo-munchee-tween-pentru-varsta-8-12-ani\\\/#breadcrumb\"},\"inLanguage\":\"ro-RO\",\"potentialAction\":[{\"@type\":\"ReadAction\",\"target\":[\"https:\\\/\\\/www.iomft.ro\\\/index.php\\\/product\\\/kit-tratament-myo-munchee-tween-pentru-varsta-8-12-ani\\\/\"]}]},{\"@type\":\"ImageObject\",\"inLanguage\":\"ro-RO\",\"@id\":\"https:\\\/\\\/www.iomft.ro\\\/index.php\\\/product\\\/kit-tratament-myo-munchee-tween-pentru-varsta-8-12-ani\\\/#primaryimage\",\"url\":\"https:\\\/\\\/www.iomft.ro\\\/wp-content\\\/uploads\\\/2025\\\/11\\\/10-1.png\",\"contentUrl\":\"https:\\\/\\\/www.iomft.ro\\\/wp-content\\\/uploads\\\/2025\\\/11\\\/10-1.png\",\"width\":1200,\"height\":1200},{\"@type\":\"BreadcrumbList\",\"@id\":\"https:\\\/\\\/www.iomft.ro\\\/index.php\\\/product\\\/kit-tratament-myo-munchee-tween-pentru-varsta-8-12-ani\\\/#breadcrumb\",\"itemListElement\":[{\"@type\":\"ListItem\",\"position\":1,\"name\":\"Home\",\"item\":\"https:\\\/\\\/www.iomft.ro\\\/\"},{\"@type\":\"ListItem\",\"position\":2,\"name\":\"Kit Tratament Myo Munchee Tween pentru v\u00e2rsta 8-12 ani\"}]},{\"@type\":\"WebSite\",\"@id\":\"https:\\\/\\\/www.iomft.ro\\\/#website\",\"url\":\"https:\\\/\\\/www.iomft.ro\\\/\",\"name\":\"IOMFT\",\"description\":\"\",\"publisher\":{\"@id\":\"https:\\\/\\\/www.iomft.ro\\\/#organization\"},\"potentialAction\":[{\"@type\":\"SearchAction\",\"target\":{\"@type\":\"EntryPoint\",\"urlTemplate\":\"https:\\\/\\\/www.iomft.ro\\\/?s={search_term_string}\"},\"query-input\":{\"@type\":\"PropertyValueSpecification\",\"valueRequired\":true,\"valueName\":\"search_term_string\"}}],\"inLanguage\":\"ro-RO\"},{\"@type\":\"Organization\",\"@id\":\"https:\\\/\\\/www.iomft.ro\\\/#organization\",\"name\":\"IOMFT\",\"url\":\"https:\\\/\\\/www.iomft.ro\\\/\",\"logo\":{\"@type\":\"ImageObject\",\"inLanguage\":\"ro-RO\",\"@id\":\"https:\\\/\\\/www.iomft.ro\\\/#\\\/schema\\\/logo\\\/image\\\/\",\"url\":\"https:\\\/\\\/www.iomft.ro\\\/wp-content\\\/uploads\\\/2024\\\/09\\\/cropped-logo@2x.png\",\"contentUrl\":\"https:\\\/\\\/www.iomft.ro\\\/wp-content\\\/uploads\\\/2024\\\/09\\\/cropped-logo@2x.png\",\"width\":1000,\"height\":250,\"caption\":\"IOMFT\"},\"image\":{\"@id\":\"https:\\\/\\\/www.iomft.ro\\\/#\\\/schema\\\/logo\\\/image\\\/\"}}]}<\/script>\n<!-- \/ Yoast SEO plugin. -->","yoast_head_json":{"title":"Kit Tratament Myo Munchee Tween pentru v\u00e2rsta 8-12 ani - IOMFT","robots":{"index":"index","follow":"follow","max-snippet":"max-snippet:-1","max-image-preview":"max-image-preview:large","max-video-preview":"max-video-preview:-1"},"canonical":"https:\/\/www.iomft.ro\/index.php\/product\/kit-tratament-myo-munchee-tween-pentru-varsta-8-12-ani\/","og_locale":"ro_RO","og_type":"article","og_title":"Kit Tratament Myo Munchee Tween pentru v\u00e2rsta 8-12 ani - IOMFT","og_description":"Myo Munchee Tween este conceput pentru copii \u00eentre 8 \u0219i 12 ani \u0219i pentru adolescen\u021bi cu maxilar mai mic, oferind confort \u0219i sprijin pentru dezvoltarea corect\u0103 a fe\u021bei \u0219i maxilarelor.    Pad-uri pentru molari pentru confort suplimentar, ajustabile \u00een func\u021bie de erup\u021bia dentar\u0103.    Atrag\u0103tor pentru limb\u0103 care ajut\u0103 la pozi\u021bionarea corect\u0103 a limbii.    Sprijin\u0103 corectarea posturii limbii, tonusul oral \u0219i alinierea din\u021bilor.    Tranzi\u021bia c\u0103tre Myo Munchee Adult se face de obicei \u00eentre 12\u201314 ani, dar se recomand\u0103 evaluarea l\u0103\u021bimii inter-canine pentru alegerea dimensiunii potrivite.   Myo Munchee Tween ajut\u0103 copiii s\u0103 dezvolte obiceiuri s\u0103n\u0103toase de mestecare, respira\u021bie \u0219i \u00eenghi\u021bire, esen\u021biale pentru cre\u0219terea armonioas\u0103 a fe\u021bei \u0219i maxilarelor.","og_url":"https:\/\/www.iomft.ro\/index.php\/product\/kit-tratament-myo-munchee-tween-pentru-varsta-8-12-ani\/","og_site_name":"IOMFT","article_modified_time":"2026-03-12T16:33:16+00:00","og_image":[{"width":1200,"height":1200,"url":"https:\/\/www.iomft.ro\/wp-content\/uploads\/2025\/11\/10-1.png","type":"image\/png"}],"twitter_card":"summary_large_image","twitter_misc":{"Timp estimat pentru citire":"1 minut"},"schema":{"@context":"https:\/\/schema.org","@graph":[{"@type":"WebPage","@id":"https:\/\/www.iomft.ro\/index.php\/product\/kit-tratament-myo-munchee-tween-pentru-varsta-8-12-ani\/","url":"https:\/\/www.iomft.ro\/index.php\/product\/kit-tratament-myo-munchee-tween-pentru-varsta-8-12-ani\/","name":"Kit Tratament Myo Munchee Tween pentru v\u00e2rsta 8-12 ani - IOMFT","isPartOf":{"@id":"https:\/\/www.iomft.ro\/#website"},"primaryImageOfPage":{"@id":"https:\/\/www.iomft.ro\/index.php\/product\/kit-tratament-myo-munchee-tween-pentru-varsta-8-12-ani\/#primaryimage"},"image":{"@id":"https:\/\/www.iomft.ro\/index.php\/product\/kit-tratament-myo-munchee-tween-pentru-varsta-8-12-ani\/#primaryimage"},"thumbnailUrl":"https:\/\/www.iomft.ro\/wp-content\/uploads\/2025\/11\/10-1.png","datePublished":"2025-11-25T14:04:38+00:00","dateModified":"2026-03-12T16:33:16+00:00","breadcrumb":{"@id":"https:\/\/www.iomft.ro\/index.php\/product\/kit-tratament-myo-munchee-tween-pentru-varsta-8-12-ani\/#breadcrumb"},"inLanguage":"ro-RO","potentialAction":[{"@type":"ReadAction","target":["https:\/\/www.iomft.ro\/index.php\/product\/kit-tratament-myo-munchee-tween-pentru-varsta-8-12-ani\/"]}]},{"@type":"ImageObject","inLanguage":"ro-RO","@id":"https:\/\/www.iomft.ro\/index.php\/product\/kit-tratament-myo-munchee-tween-pentru-varsta-8-12-ani\/#primaryimage","url":"https:\/\/www.iomft.ro\/wp-content\/uploads\/2025\/11\/10-1.png","contentUrl":"https:\/\/www.iomft.ro\/wp-content\/uploads\/2025\/11\/10-1.png","width":1200,"height":1200},{"@type":"BreadcrumbList","@id":"https:\/\/www.iomft.ro\/index.php\/product\/kit-tratament-myo-munchee-tween-pentru-varsta-8-12-ani\/#breadcrumb","itemListElement":[{"@type":"ListItem","position":1,"name":"Home","item":"https:\/\/www.iomft.ro\/"},{"@type":"ListItem","position":2,"name":"Kit Tratament Myo Munchee Tween pentru v\u00e2rsta 8-12 ani"}]},{"@type":"WebSite","@id":"https:\/\/www.iomft.ro\/#website","url":"https:\/\/www.iomft.ro\/","name":"IOMFT","description":"","publisher":{"@id":"https:\/\/www.iomft.ro\/#organization"},"potentialAction":[{"@type":"SearchAction","target":{"@type":"EntryPoint","urlTemplate":"https:\/\/www.iomft.ro\/?s={search_term_string}"},"query-input":{"@type":"PropertyValueSpecification","valueRequired":true,"valueName":"search_term_string"}}],"inLanguage":"ro-RO"},{"@type":"Organization","@id":"https:\/\/www.iomft.ro\/#organization","name":"IOMFT","url":"https:\/\/www.iomft.ro\/","logo":{"@type":"ImageObject","inLanguage":"ro-RO","@id":"https:\/\/www.iomft.ro\/#\/schema\/logo\/image\/","url":"https:\/\/www.iomft.ro\/wp-content\/uploads\/2024\/09\/cropped-logo@2x.png","contentUrl":"https:\/\/www.iomft.ro\/wp-content\/uploads\/2024\/09\/cropped-logo@2x.png","width":1000,"height":250,"caption":"IOMFT"},"image":{"@id":"https:\/\/www.iomft.ro\/#\/schema\/logo\/image\/"}}]}},"jetpack_sharing_enabled":true,"_links":{"self":[{"href":"https:\/\/www.iomft.ro\/index.php\/wp-json\/wp\/v2\/product\/1321","targetHints":{"allow":["GET"]}}],"collection":[{"href":"https:\/\/www.iomft.ro\/index.php\/wp-json\/wp\/v2\/product"}],"about":[{"href":"https:\/\/www.iomft.ro\/index.php\/wp-json\/wp\/v2\/types\/product"}],"replies":[{"embeddable":true,"href":"https:\/\/www.iomft.ro\/index.php\/wp-json\/wp\/v2\/comments?post=1321"}],"wp:featuredmedia":[{"embeddable":true,"href":"https:\/\/www.iomft.ro\/index.php\/wp-json\/wp\/v2\/media\/2039"}],"wp:attachment":[{"href":"https:\/\/www.iomft.ro\/index.php\/wp-json\/wp\/v2\/media?parent=1321"}],"wp:term":[{"taxonomy":"product_brand","embeddable":true,"href":"https:\/\/www.iomft.ro\/index.php\/wp-json\/wp\/v2\/product_brand?post=1321"},{"taxonomy":"product_cat","embeddable":true,"href":"https:\/\/www.iomft.ro\/index.php\/wp-json\/wp\/v2\/product_cat?post=1321"},{"taxonomy":"product_tag","embeddable":true,"href":"https:\/\/www.iomft.ro\/index.php\/wp-json\/wp\/v2\/product_tag?post=1321"}],"curies":[{"name":"wp","href":"https:\/\/api.w.org\/{rel}","templated":true}]}}