{"id":1322,"date":"2025-11-25T14:33:32","date_gmt":"2025-11-25T14:33:32","guid":{"rendered":"https:\/\/www.iomft.ro\/?post_type=product&#038;p=1322"},"modified":"2026-03-12T16:35:24","modified_gmt":"2026-03-12T16:35:24","slug":"kit-tratament-myo-munchee-adult-pentru-varsta-peste-12-ani","status":"publish","type":"product","link":"https:\/\/www.iomft.ro\/index.php\/product\/kit-tratament-myo-munchee-adult-pentru-varsta-peste-12-ani\/","title":{"rendered":"Kit Tratament Myo Munchee Adult pentru v\u00e2rsta peste 12 ani"},"content":{"rendered":"<p data-start=\"97\" data-end=\"272\">Myo Munchee Adult este recomandat adolescen\u021bilor peste <strong data-start=\"152\" data-end=\"162\">14 ani<\/strong> \u0219i adul\u021bilor, ajut\u00e2nd la \u00eent\u0103rirea mu\u0219chilor fe\u021bei, la \u00eembun\u0103t\u0103\u021birea respira\u021biei, \u00eenghi\u021birii \u0219i mestec\u0103rii.<\/p>\n<ul data-start=\"274\" data-end=\"669\">\n<li data-start=\"274\" data-end=\"399\">\n<p data-start=\"276\" data-end=\"399\">Potrivit pentru utilizatori cu <strong data-start=\"307\" data-end=\"334\">molarii de 12 ani erup\u021bi<\/strong>; dac\u0103 nu au ap\u0103rut \u00eenc\u0103, varianta Tween poate fi mai adecvat\u0103.<\/p>\n<\/li>\n<li data-start=\"400\" data-end=\"469\">\n<p data-start=\"402\" data-end=\"469\">Fabricat din <strong data-start=\"415\" data-end=\"444\">silicon medical non-toxic<\/strong>, confortabil \u0219i sigur.<\/p>\n<\/li>\n<li data-start=\"470\" data-end=\"603\">\n<p data-start=\"472\" data-end=\"603\">U\u0219or de integrat \u00een rutina zilnic\u0103 \u2013 c\u00e2teva minute de mestecare activ\u0103 ajut\u0103 la men\u021binerea tonusului \u0219i func\u021biei mu\u0219chilor fe\u021bei.<\/p>\n<\/li>\n<li data-start=\"604\" data-end=\"669\">\n<p data-start=\"606\" data-end=\"669\">Dimensiune optim\u0103 pentru o l\u0103\u021bime inter-canin\u0103 de <strong data-start=\"656\" data-end=\"668\">35\u201340 mm<\/strong>.<\/p>\n<\/li>\n<\/ul>\n<p data-start=\"671\" data-end=\"770\" data-is-last-node=\"\" data-is-only-node=\"\">Myo Munchee Adult sus\u021bine obiceiuri orale corecte \u0219i dezvoltarea armonioas\u0103 a fe\u021bei pe termen lung.<\/p>\n<p>*Dispozitivul trebuie introdus doar sub <strong data-start=\"879\" data-end=\"911\">supervizarea unui specialist<\/strong>, pentru a fi utilizat corect \u0219i \u00een siguran\u021b\u0103.<\/p>\n<p data-start=\"53\" data-end=\"125\"><strong data-start=\"53\" data-end=\"123\">Kitul Tratament Myo Munchee Adult pentru v\u00e2rsta peste 12\u00a0 ani cuprinde:<\/strong><\/p>\n<ul data-start=\"126\" data-end=\"226\" data-is-last-node=\"\" data-is-only-node=\"\">\n<li data-start=\"126\" data-end=\"153\">\n<p data-start=\"128\" data-end=\"153\">dispozitivul (1 bucat\u0103)<\/p>\n<\/li>\n<li data-start=\"154\" data-end=\"197\">\n<p data-start=\"156\" data-end=\"197\">calendar de purtare pentru monitorizare<\/p>\n<\/li>\n<li data-start=\"198\" data-end=\"226\" data-is-last-node=\"\">\n<p data-start=\"200\" data-end=\"226\" data-is-last-node=\"\">program Top 10 exerci\u021bii miofunc\u021bionale<\/p>\n<\/li>\n<\/ul>\n","protected":false},"excerpt":{"rendered":"<p>Myo Munchee Adult este recomandat adolescen\u021bilor peste 14 ani \u0219i adul\u021bilor, ajut\u00e2nd la \u00eent\u0103rirea mu\u0219chilor fe\u021bei, la \u00eembun\u0103t\u0103\u021birea respira\u021biei, \u00eenghi\u021birii \u0219i mestec\u0103rii. Potrivit pentru utilizatori cu molarii de 12 ani erup\u021bi; dac\u0103 nu au ap\u0103rut \u00eenc\u0103, varianta Tween poate fi mai adecvat\u0103. Fabricat din silicon medical non-toxic, confortabil \u0219i sigur. U\u0219or de integrat \u00een rutina &hellip; <\/p>\n<p class=\"link-more\"><a href=\"https:\/\/www.iomft.ro\/index.php\/product\/kit-tratament-myo-munchee-adult-pentru-varsta-peste-12-ani\/\" class=\"more-link\">Continue reading<span class=\"screen-reader-text\"> &#8222;Kit Tratament Myo Munchee Adult pentru v\u00e2rsta peste 12 ani&#8221;<\/span><\/a><\/p>\n","protected":false},"featured_media":2032,"comment_status":"closed","ping_status":"closed","template":"","meta":{"_acf_changed":false},"product_brand":[],"product_cat":[38,44],"product_tag":[],"class_list":{"0":"post-1322","1":"product","2":"type-product","3":"status-publish","4":"has-post-thumbnail","6":"product_cat-parinti","7":"product_cat-programe","9":"first","10":"instock","11":"shipping-taxable","12":"purchasable","13":"product-type-simple"},"acf":[],"yoast_head":"<!-- This site is optimized with the Yoast SEO plugin v27.3 - https:\/\/yoast.com\/product\/yoast-seo-wordpress\/ -->\n<title>Kit Tratament Myo Munchee Adult pentru v\u00e2rsta peste 12 ani - IOMFT<\/title>\n<meta name=\"robots\" content=\"index, follow, max-snippet:-1, max-image-preview:large, max-video-preview:-1\" \/>\n<link rel=\"canonical\" href=\"https:\/\/www.iomft.ro\/index.php\/product\/kit-tratament-myo-munchee-adult-pentru-varsta-peste-12-ani\/\" \/>\n<meta property=\"og:locale\" content=\"ro_RO\" \/>\n<meta property=\"og:type\" content=\"article\" \/>\n<meta property=\"og:title\" content=\"Kit Tratament Myo Munchee Adult pentru v\u00e2rsta peste 12 ani - IOMFT\" \/>\n<meta property=\"og:description\" content=\"Myo Munchee Adult este recomandat adolescen\u021bilor peste 14 ani \u0219i adul\u021bilor, ajut\u00e2nd la \u00eent\u0103rirea mu\u0219chilor fe\u021bei, la \u00eembun\u0103t\u0103\u021birea respira\u021biei, \u00eenghi\u021birii \u0219i mestec\u0103rii. Potrivit pentru utilizatori cu molarii de 12 ani erup\u021bi; dac\u0103 nu au ap\u0103rut \u00eenc\u0103, varianta Tween poate fi mai adecvat\u0103. Fabricat din silicon medical non-toxic, confortabil \u0219i sigur. U\u0219or de integrat \u00een rutina &hellip; Continue reading &quot;Kit Tratament Myo Munchee Adult pentru v\u00e2rsta peste 12 ani&quot;\" \/>\n<meta property=\"og:url\" content=\"https:\/\/www.iomft.ro\/index.php\/product\/kit-tratament-myo-munchee-adult-pentru-varsta-peste-12-ani\/\" \/>\n<meta property=\"og:site_name\" content=\"IOMFT\" \/>\n<meta property=\"article:modified_time\" content=\"2026-03-12T16:35:24+00:00\" \/>\n<meta property=\"og:image\" content=\"https:\/\/www.iomft.ro\/wp-content\/uploads\/2025\/12\/7-1.png\" \/>\n\t<meta property=\"og:image:width\" content=\"1200\" \/>\n\t<meta property=\"og:image:height\" content=\"1200\" \/>\n\t<meta property=\"og:image:type\" content=\"image\/png\" \/>\n<meta name=\"twitter:card\" content=\"summary_large_image\" \/>\n<meta name=\"twitter:label1\" content=\"Timp estimat pentru citire\" \/>\n\t<meta name=\"twitter:data1\" content=\"1 minut\" \/>\n<script type=\"application\/ld+json\" class=\"yoast-schema-graph\">{\"@context\":\"https:\\\/\\\/schema.org\",\"@graph\":[{\"@type\":\"WebPage\",\"@id\":\"https:\\\/\\\/www.iomft.ro\\\/index.php\\\/product\\\/kit-tratament-myo-munchee-adult-pentru-varsta-peste-12-ani\\\/\",\"url\":\"https:\\\/\\\/www.iomft.ro\\\/index.php\\\/product\\\/kit-tratament-myo-munchee-adult-pentru-varsta-peste-12-ani\\\/\",\"name\":\"Kit Tratament Myo Munchee Adult pentru v\u00e2rsta peste 12 ani - IOMFT\",\"isPartOf\":{\"@id\":\"https:\\\/\\\/www.iomft.ro\\\/#website\"},\"primaryImageOfPage\":{\"@id\":\"https:\\\/\\\/www.iomft.ro\\\/index.php\\\/product\\\/kit-tratament-myo-munchee-adult-pentru-varsta-peste-12-ani\\\/#primaryimage\"},\"image\":{\"@id\":\"https:\\\/\\\/www.iomft.ro\\\/index.php\\\/product\\\/kit-tratament-myo-munchee-adult-pentru-varsta-peste-12-ani\\\/#primaryimage\"},\"thumbnailUrl\":\"https:\\\/\\\/www.iomft.ro\\\/wp-content\\\/uploads\\\/2025\\\/12\\\/7-1.png\",\"datePublished\":\"2025-11-25T14:33:32+00:00\",\"dateModified\":\"2026-03-12T16:35:24+00:00\",\"breadcrumb\":{\"@id\":\"https:\\\/\\\/www.iomft.ro\\\/index.php\\\/product\\\/kit-tratament-myo-munchee-adult-pentru-varsta-peste-12-ani\\\/#breadcrumb\"},\"inLanguage\":\"ro-RO\",\"potentialAction\":[{\"@type\":\"ReadAction\",\"target\":[\"https:\\\/\\\/www.iomft.ro\\\/index.php\\\/product\\\/kit-tratament-myo-munchee-adult-pentru-varsta-peste-12-ani\\\/\"]}]},{\"@type\":\"ImageObject\",\"inLanguage\":\"ro-RO\",\"@id\":\"https:\\\/\\\/www.iomft.ro\\\/index.php\\\/product\\\/kit-tratament-myo-munchee-adult-pentru-varsta-peste-12-ani\\\/#primaryimage\",\"url\":\"https:\\\/\\\/www.iomft.ro\\\/wp-content\\\/uploads\\\/2025\\\/12\\\/7-1.png\",\"contentUrl\":\"https:\\\/\\\/www.iomft.ro\\\/wp-content\\\/uploads\\\/2025\\\/12\\\/7-1.png\",\"width\":1200,\"height\":1200},{\"@type\":\"BreadcrumbList\",\"@id\":\"https:\\\/\\\/www.iomft.ro\\\/index.php\\\/product\\\/kit-tratament-myo-munchee-adult-pentru-varsta-peste-12-ani\\\/#breadcrumb\",\"itemListElement\":[{\"@type\":\"ListItem\",\"position\":1,\"name\":\"Home\",\"item\":\"https:\\\/\\\/www.iomft.ro\\\/\"},{\"@type\":\"ListItem\",\"position\":2,\"name\":\"Kit Tratament Myo Munchee Adult pentru v\u00e2rsta peste 12 ani\"}]},{\"@type\":\"WebSite\",\"@id\":\"https:\\\/\\\/www.iomft.ro\\\/#website\",\"url\":\"https:\\\/\\\/www.iomft.ro\\\/\",\"name\":\"IOMFT\",\"description\":\"\",\"publisher\":{\"@id\":\"https:\\\/\\\/www.iomft.ro\\\/#organization\"},\"potentialAction\":[{\"@type\":\"SearchAction\",\"target\":{\"@type\":\"EntryPoint\",\"urlTemplate\":\"https:\\\/\\\/www.iomft.ro\\\/?s={search_term_string}\"},\"query-input\":{\"@type\":\"PropertyValueSpecification\",\"valueRequired\":true,\"valueName\":\"search_term_string\"}}],\"inLanguage\":\"ro-RO\"},{\"@type\":\"Organization\",\"@id\":\"https:\\\/\\\/www.iomft.ro\\\/#organization\",\"name\":\"IOMFT\",\"url\":\"https:\\\/\\\/www.iomft.ro\\\/\",\"logo\":{\"@type\":\"ImageObject\",\"inLanguage\":\"ro-RO\",\"@id\":\"https:\\\/\\\/www.iomft.ro\\\/#\\\/schema\\\/logo\\\/image\\\/\",\"url\":\"https:\\\/\\\/www.iomft.ro\\\/wp-content\\\/uploads\\\/2024\\\/09\\\/cropped-logo@2x.png\",\"contentUrl\":\"https:\\\/\\\/www.iomft.ro\\\/wp-content\\\/uploads\\\/2024\\\/09\\\/cropped-logo@2x.png\",\"width\":1000,\"height\":250,\"caption\":\"IOMFT\"},\"image\":{\"@id\":\"https:\\\/\\\/www.iomft.ro\\\/#\\\/schema\\\/logo\\\/image\\\/\"}}]}<\/script>\n<!-- \/ Yoast SEO plugin. -->","yoast_head_json":{"title":"Kit Tratament Myo Munchee Adult pentru v\u00e2rsta peste 12 ani - IOMFT","robots":{"index":"index","follow":"follow","max-snippet":"max-snippet:-1","max-image-preview":"max-image-preview:large","max-video-preview":"max-video-preview:-1"},"canonical":"https:\/\/www.iomft.ro\/index.php\/product\/kit-tratament-myo-munchee-adult-pentru-varsta-peste-12-ani\/","og_locale":"ro_RO","og_type":"article","og_title":"Kit Tratament Myo Munchee Adult pentru v\u00e2rsta peste 12 ani - IOMFT","og_description":"Myo Munchee Adult este recomandat adolescen\u021bilor peste 14 ani \u0219i adul\u021bilor, ajut\u00e2nd la \u00eent\u0103rirea mu\u0219chilor fe\u021bei, la \u00eembun\u0103t\u0103\u021birea respira\u021biei, \u00eenghi\u021birii \u0219i mestec\u0103rii. Potrivit pentru utilizatori cu molarii de 12 ani erup\u021bi; dac\u0103 nu au ap\u0103rut \u00eenc\u0103, varianta Tween poate fi mai adecvat\u0103. Fabricat din silicon medical non-toxic, confortabil \u0219i sigur. U\u0219or de integrat \u00een rutina &hellip; Continue reading \"Kit Tratament Myo Munchee Adult pentru v\u00e2rsta peste 12 ani\"","og_url":"https:\/\/www.iomft.ro\/index.php\/product\/kit-tratament-myo-munchee-adult-pentru-varsta-peste-12-ani\/","og_site_name":"IOMFT","article_modified_time":"2026-03-12T16:35:24+00:00","og_image":[{"width":1200,"height":1200,"url":"https:\/\/www.iomft.ro\/wp-content\/uploads\/2025\/12\/7-1.png","type":"image\/png"}],"twitter_card":"summary_large_image","twitter_misc":{"Timp estimat pentru citire":"1 minut"},"schema":{"@context":"https:\/\/schema.org","@graph":[{"@type":"WebPage","@id":"https:\/\/www.iomft.ro\/index.php\/product\/kit-tratament-myo-munchee-adult-pentru-varsta-peste-12-ani\/","url":"https:\/\/www.iomft.ro\/index.php\/product\/kit-tratament-myo-munchee-adult-pentru-varsta-peste-12-ani\/","name":"Kit Tratament Myo Munchee Adult pentru v\u00e2rsta peste 12 ani - IOMFT","isPartOf":{"@id":"https:\/\/www.iomft.ro\/#website"},"primaryImageOfPage":{"@id":"https:\/\/www.iomft.ro\/index.php\/product\/kit-tratament-myo-munchee-adult-pentru-varsta-peste-12-ani\/#primaryimage"},"image":{"@id":"https:\/\/www.iomft.ro\/index.php\/product\/kit-tratament-myo-munchee-adult-pentru-varsta-peste-12-ani\/#primaryimage"},"thumbnailUrl":"https:\/\/www.iomft.ro\/wp-content\/uploads\/2025\/12\/7-1.png","datePublished":"2025-11-25T14:33:32+00:00","dateModified":"2026-03-12T16:35:24+00:00","breadcrumb":{"@id":"https:\/\/www.iomft.ro\/index.php\/product\/kit-tratament-myo-munchee-adult-pentru-varsta-peste-12-ani\/#breadcrumb"},"inLanguage":"ro-RO","potentialAction":[{"@type":"ReadAction","target":["https:\/\/www.iomft.ro\/index.php\/product\/kit-tratament-myo-munchee-adult-pentru-varsta-peste-12-ani\/"]}]},{"@type":"ImageObject","inLanguage":"ro-RO","@id":"https:\/\/www.iomft.ro\/index.php\/product\/kit-tratament-myo-munchee-adult-pentru-varsta-peste-12-ani\/#primaryimage","url":"https:\/\/www.iomft.ro\/wp-content\/uploads\/2025\/12\/7-1.png","contentUrl":"https:\/\/www.iomft.ro\/wp-content\/uploads\/2025\/12\/7-1.png","width":1200,"height":1200},{"@type":"BreadcrumbList","@id":"https:\/\/www.iomft.ro\/index.php\/product\/kit-tratament-myo-munchee-adult-pentru-varsta-peste-12-ani\/#breadcrumb","itemListElement":[{"@type":"ListItem","position":1,"name":"Home","item":"https:\/\/www.iomft.ro\/"},{"@type":"ListItem","position":2,"name":"Kit Tratament Myo Munchee Adult pentru v\u00e2rsta peste 12 ani"}]},{"@type":"WebSite","@id":"https:\/\/www.iomft.ro\/#website","url":"https:\/\/www.iomft.ro\/","name":"IOMFT","description":"","publisher":{"@id":"https:\/\/www.iomft.ro\/#organization"},"potentialAction":[{"@type":"SearchAction","target":{"@type":"EntryPoint","urlTemplate":"https:\/\/www.iomft.ro\/?s={search_term_string}"},"query-input":{"@type":"PropertyValueSpecification","valueRequired":true,"valueName":"search_term_string"}}],"inLanguage":"ro-RO"},{"@type":"Organization","@id":"https:\/\/www.iomft.ro\/#organization","name":"IOMFT","url":"https:\/\/www.iomft.ro\/","logo":{"@type":"ImageObject","inLanguage":"ro-RO","@id":"https:\/\/www.iomft.ro\/#\/schema\/logo\/image\/","url":"https:\/\/www.iomft.ro\/wp-content\/uploads\/2024\/09\/cropped-logo@2x.png","contentUrl":"https:\/\/www.iomft.ro\/wp-content\/uploads\/2024\/09\/cropped-logo@2x.png","width":1000,"height":250,"caption":"IOMFT"},"image":{"@id":"https:\/\/www.iomft.ro\/#\/schema\/logo\/image\/"}}]}},"jetpack_sharing_enabled":true,"_links":{"self":[{"href":"https:\/\/www.iomft.ro\/index.php\/wp-json\/wp\/v2\/product\/1322","targetHints":{"allow":["GET"]}}],"collection":[{"href":"https:\/\/www.iomft.ro\/index.php\/wp-json\/wp\/v2\/product"}],"about":[{"href":"https:\/\/www.iomft.ro\/index.php\/wp-json\/wp\/v2\/types\/product"}],"replies":[{"embeddable":true,"href":"https:\/\/www.iomft.ro\/index.php\/wp-json\/wp\/v2\/comments?post=1322"}],"wp:featuredmedia":[{"embeddable":true,"href":"https:\/\/www.iomft.ro\/index.php\/wp-json\/wp\/v2\/media\/2032"}],"wp:attachment":[{"href":"https:\/\/www.iomft.ro\/index.php\/wp-json\/wp\/v2\/media?parent=1322"}],"wp:term":[{"taxonomy":"product_brand","embeddable":true,"href":"https:\/\/www.iomft.ro\/index.php\/wp-json\/wp\/v2\/product_brand?post=1322"},{"taxonomy":"product_cat","embeddable":true,"href":"https:\/\/www.iomft.ro\/index.php\/wp-json\/wp\/v2\/product_cat?post=1322"},{"taxonomy":"product_tag","embeddable":true,"href":"https:\/\/www.iomft.ro\/index.php\/wp-json\/wp\/v2\/product_tag?post=1322"}],"curies":[{"name":"wp","href":"https:\/\/api.w.org\/{rel}","templated":true}]}}