{"id":2291,"date":"2026-04-22T13:22:10","date_gmt":"2026-04-22T13:22:10","guid":{"rendered":"https:\/\/www.iomft.ro\/?post_type=product&#038;p=2291"},"modified":"2026-04-23T09:11:42","modified_gmt":"2026-04-23T09:11:42","slug":"ghidul-parintilor-informati","status":"publish","type":"product","link":"https:\/\/www.iomft.ro\/index.php\/product\/ghidul-parintilor-informati\/","title":{"rendered":"Ghidul p\u0103rin\u021bilor informa\u021bi- Respira\u021bia corect\u0103, somnul bun \u0219i afec\u021biunile miofunc\u021bionale"},"content":{"rendered":"<h3 data-section-id=\"19xm2dt\" data-start=\"77\" data-end=\"158\"><strong><span role=\"text\"><em data-start=\"94\" data-end=\"156\">Respira\u021bia corect\u0103, somnul bun \u0219i afec\u021biunile miofunc\u021bionale<\/em><\/span><\/strong><\/h3>\n<h3 data-section-id=\"19xm2dt\" data-start=\"77\" data-end=\"158\"><strong data-start=\"159\" data-end=\"262\">Ghidul OMFT al p\u0103rin\u021bilor informa\u021bi pentru respira\u021bie corect\u0103, somn bun \u0219i afec\u021biuni miofunc\u021bionale<\/strong><\/h3>\n<p data-start=\"264\" data-end=\"354\">Respira\u021bia corect\u0103, somnul bun \u0219i dezvoltarea copilului sunt mai conectate dec\u00e2t pare.<\/p>\n<p data-start=\"356\" data-end=\"599\">Acest ghid este un material educa\u021bional complet, creat pentru p\u0103rin\u021bii care \u00ee\u0219i doresc s\u0103 \u00een\u021beleag\u0103 \u00een profunzime ce se afl\u0103 \u00een spatele unor semne aparent \u201enormale\u201d: respira\u021bia pe gur\u0103, somnul agitat, sfor\u0103itul, oboseala sau din\u021bii \u00eenghesui\u021bi.<\/p>\n<p data-start=\"601\" data-end=\"865\">Bazat pe experien\u021ba clinic\u0103 \u0219i pe mii de cazuri analizate, ghidul explic\u0103 modul \u00een care func\u021biile esen\u021biale \u2014 respira\u021bia, pozi\u021bia limbii, mastica\u021bia \u0219i somnul \u2014 formeaz\u0103 un sistem integrat, care influen\u021beaz\u0103 direct dezvoltarea craniofacial\u0103 \u0219i s\u0103n\u0103tatea copilului.<\/p>\n<p data-start=\"601\" data-end=\"865\"><strong>Vei descoperi:<\/strong><\/p>\n<ul data-start=\"885\" data-end=\"1281\">\n<li data-section-id=\"ouuosi\" data-start=\"885\" data-end=\"957\">de ce respira\u021bia nazal\u0103 este esen\u021bial\u0103 pentru s\u0103n\u0103tate \u0219i dezvoltare<\/li>\n<li data-section-id=\"1mwmt5c\" data-start=\"958\" data-end=\"1027\">cum influen\u021beaz\u0103 pozi\u021bia limbii forma fe\u021bei \u0219i alinierea din\u021bilor<\/li>\n<li data-section-id=\"17jff3g\" data-start=\"1028\" data-end=\"1088\">ce leg\u0103tur\u0103 exist\u0103 \u00eentre somn, oxigenare \u0219i comportament<\/li>\n<li data-section-id=\"1poq7mp\" data-start=\"1089\" data-end=\"1211\">de ce multe dintre aceste semne sunt frecvent ignorate sau considerate \u201enormale\u201d<\/li>\n<li data-section-id=\"87418o\" data-start=\"1212\" data-end=\"1281\">strategii practice pentru \u00eembun\u0103t\u0103\u021birea respira\u021biei \u0219i a somnului<\/li>\n<\/ul>\n<p data-start=\"1283\" data-end=\"1442\">Ghidul include explica\u021bii clare, exemple concrete \u0219i recomand\u0103ri aplicabile acas\u0103, fiind conceput at\u00e2t din perspectiva medical\u0103, c\u00e2t \u0219i din cea a unui p\u0103rinte.<\/p>\n<p data-start=\"1444\" data-end=\"1543\">Nu este doar un material informativ.<br data-start=\"1480\" data-end=\"1483\" \/>Este un punct de plecare pentru con\u0219tientizare \u0219i preven\u021bie.<\/p>\n<p data-start=\"1545\" data-end=\"1622\">Pentru c\u0103, atunci c\u00e2nd \u00eencepi s\u0103 vezi leg\u0103turile\u2026 \u00eencepi s\u0103 schimbi direc\u021bia.<\/p>\n","protected":false},"excerpt":{"rendered":"<p>Respira\u021bia corect\u0103, somnul bun \u0219i afec\u021biunile miofunc\u021bionale Ghidul OMFT al p\u0103rin\u021bilor informa\u021bi pentru respira\u021bie corect\u0103, somn bun \u0219i afec\u021biuni miofunc\u021bionale Respira\u021bia corect\u0103, somnul bun \u0219i dezvoltarea copilului sunt mai conectate dec\u00e2t pare. Acest ghid este un material educa\u021bional complet, creat pentru p\u0103rin\u021bii care \u00ee\u0219i doresc s\u0103 \u00een\u021beleag\u0103 \u00een profunzime ce se afl\u0103 \u00een spatele unor &hellip; <\/p>\n<p class=\"link-more\"><a href=\"https:\/\/www.iomft.ro\/index.php\/product\/ghidul-parintilor-informati\/\" class=\"more-link\">Continue reading<span class=\"screen-reader-text\"> &#8222;Ghidul p\u0103rin\u021bilor informa\u021bi- Respira\u021bia corect\u0103, somnul bun \u0219i afec\u021biunile miofunc\u021bionale&#8221;<\/span><\/a><\/p>\n","protected":false},"featured_media":2292,"comment_status":"closed","ping_status":"closed","template":"","meta":{"_acf_changed":false},"product_brand":[],"product_cat":[38,44,39],"product_tag":[],"class_list":{"0":"post-2291","1":"product","2":"type-product","3":"status-publish","4":"has-post-thumbnail","6":"product_cat-resurse-pentru-parinti","7":"product_cat-programe","8":"product_cat-produse-miofunctionale-pentru-specialisti","10":"first","11":"instock","12":"shipping-taxable","13":"purchasable","14":"product-type-simple"},"acf":[],"yoast_head":"<!-- This site is optimized with the Yoast SEO plugin v27.3 - https:\/\/yoast.com\/product\/yoast-seo-wordpress\/ -->\n<title>Ghidul p\u0103rin\u021bilor informa\u021bi- Respira\u021bia corect\u0103, somnul bun \u0219i afec\u021biunile miofunc\u021bionale - IOMFT<\/title>\n<meta name=\"description\" content=\"Ghid terapie orofacial\u0103 miofunc\u021bional\u0103 pentru p\u0103rin\u021bi: respira\u021bie corect\u0103, somn bun \u0219i dezvoltare armonioas\u0103. \u00cen\u021belege leg\u0103tura dintre func\u021bii \u0219i s\u0103n\u0103tatea copilului.\" \/>\n<meta name=\"robots\" content=\"index, follow, max-snippet:-1, max-image-preview:large, max-video-preview:-1\" \/>\n<link rel=\"canonical\" href=\"https:\/\/www.iomft.ro\/index.php\/product\/ghidul-parintilor-informati\/\" \/>\n<meta property=\"og:locale\" content=\"ro_RO\" \/>\n<meta property=\"og:type\" content=\"article\" \/>\n<meta property=\"og:title\" content=\"Ghidul p\u0103rin\u021bilor informa\u021bi- Respira\u021bia corect\u0103, somnul bun \u0219i afec\u021biunile miofunc\u021bionale - IOMFT\" \/>\n<meta property=\"og:description\" content=\"Ghid terapie orofacial\u0103 miofunc\u021bional\u0103 pentru p\u0103rin\u021bi: respira\u021bie corect\u0103, somn bun \u0219i dezvoltare armonioas\u0103. \u00cen\u021belege leg\u0103tura dintre func\u021bii \u0219i s\u0103n\u0103tatea copilului.\" \/>\n<meta property=\"og:url\" content=\"https:\/\/www.iomft.ro\/index.php\/product\/ghidul-parintilor-informati\/\" \/>\n<meta property=\"og:site_name\" content=\"IOMFT\" \/>\n<meta property=\"article:modified_time\" content=\"2026-04-23T09:11:42+00:00\" \/>\n<meta property=\"og:image\" content=\"https:\/\/www.iomft.ro\/wp-content\/uploads\/2026\/04\/40.png\" \/>\n\t<meta property=\"og:image:width\" content=\"1200\" \/>\n\t<meta property=\"og:image:height\" content=\"1200\" \/>\n\t<meta property=\"og:image:type\" content=\"image\/png\" \/>\n<meta name=\"twitter:card\" content=\"summary_large_image\" \/>\n<meta name=\"twitter:label1\" content=\"Timp estimat pentru citire\" \/>\n\t<meta name=\"twitter:data1\" content=\"2 minute\" \/>\n<script type=\"application\/ld+json\" class=\"yoast-schema-graph\">{\"@context\":\"https:\\\/\\\/schema.org\",\"@graph\":[{\"@type\":\"WebPage\",\"@id\":\"https:\\\/\\\/www.iomft.ro\\\/index.php\\\/product\\\/ghidul-parintilor-informati\\\/\",\"url\":\"https:\\\/\\\/www.iomft.ro\\\/index.php\\\/product\\\/ghidul-parintilor-informati\\\/\",\"name\":\"Ghidul p\u0103rin\u021bilor informa\u021bi- Respira\u021bia corect\u0103, somnul bun \u0219i afec\u021biunile miofunc\u021bionale - IOMFT\",\"isPartOf\":{\"@id\":\"https:\\\/\\\/www.iomft.ro\\\/#website\"},\"primaryImageOfPage\":{\"@id\":\"https:\\\/\\\/www.iomft.ro\\\/index.php\\\/product\\\/ghidul-parintilor-informati\\\/#primaryimage\"},\"image\":{\"@id\":\"https:\\\/\\\/www.iomft.ro\\\/index.php\\\/product\\\/ghidul-parintilor-informati\\\/#primaryimage\"},\"thumbnailUrl\":\"https:\\\/\\\/www.iomft.ro\\\/wp-content\\\/uploads\\\/2026\\\/04\\\/40.png\",\"datePublished\":\"2026-04-22T13:22:10+00:00\",\"dateModified\":\"2026-04-23T09:11:42+00:00\",\"description\":\"Ghid terapie orofacial\u0103 miofunc\u021bional\u0103 pentru p\u0103rin\u021bi: respira\u021bie corect\u0103, somn bun \u0219i dezvoltare armonioas\u0103. \u00cen\u021belege leg\u0103tura dintre func\u021bii \u0219i s\u0103n\u0103tatea copilului.\",\"breadcrumb\":{\"@id\":\"https:\\\/\\\/www.iomft.ro\\\/index.php\\\/product\\\/ghidul-parintilor-informati\\\/#breadcrumb\"},\"inLanguage\":\"ro-RO\",\"potentialAction\":[{\"@type\":\"ReadAction\",\"target\":[\"https:\\\/\\\/www.iomft.ro\\\/index.php\\\/product\\\/ghidul-parintilor-informati\\\/\"]}]},{\"@type\":\"ImageObject\",\"inLanguage\":\"ro-RO\",\"@id\":\"https:\\\/\\\/www.iomft.ro\\\/index.php\\\/product\\\/ghidul-parintilor-informati\\\/#primaryimage\",\"url\":\"https:\\\/\\\/www.iomft.ro\\\/wp-content\\\/uploads\\\/2026\\\/04\\\/40.png\",\"contentUrl\":\"https:\\\/\\\/www.iomft.ro\\\/wp-content\\\/uploads\\\/2026\\\/04\\\/40.png\",\"width\":1200,\"height\":1200},{\"@type\":\"BreadcrumbList\",\"@id\":\"https:\\\/\\\/www.iomft.ro\\\/index.php\\\/product\\\/ghidul-parintilor-informati\\\/#breadcrumb\",\"itemListElement\":[{\"@type\":\"ListItem\",\"position\":1,\"name\":\"Home\",\"item\":\"https:\\\/\\\/www.iomft.ro\\\/\"},{\"@type\":\"ListItem\",\"position\":2,\"name\":\"Ghidul p\u0103rin\u021bilor informa\u021bi- Respira\u021bia corect\u0103, somnul bun \u0219i afec\u021biunile miofunc\u021bionale\"}]},{\"@type\":\"WebSite\",\"@id\":\"https:\\\/\\\/www.iomft.ro\\\/#website\",\"url\":\"https:\\\/\\\/www.iomft.ro\\\/\",\"name\":\"IOMFT\",\"description\":\"\",\"publisher\":{\"@id\":\"https:\\\/\\\/www.iomft.ro\\\/#organization\"},\"potentialAction\":[{\"@type\":\"SearchAction\",\"target\":{\"@type\":\"EntryPoint\",\"urlTemplate\":\"https:\\\/\\\/www.iomft.ro\\\/?s={search_term_string}\"},\"query-input\":{\"@type\":\"PropertyValueSpecification\",\"valueRequired\":true,\"valueName\":\"search_term_string\"}}],\"inLanguage\":\"ro-RO\"},{\"@type\":\"Organization\",\"@id\":\"https:\\\/\\\/www.iomft.ro\\\/#organization\",\"name\":\"IOMFT\",\"url\":\"https:\\\/\\\/www.iomft.ro\\\/\",\"logo\":{\"@type\":\"ImageObject\",\"inLanguage\":\"ro-RO\",\"@id\":\"https:\\\/\\\/www.iomft.ro\\\/#\\\/schema\\\/logo\\\/image\\\/\",\"url\":\"https:\\\/\\\/www.iomft.ro\\\/wp-content\\\/uploads\\\/2024\\\/09\\\/cropped-logo@2x.png\",\"contentUrl\":\"https:\\\/\\\/www.iomft.ro\\\/wp-content\\\/uploads\\\/2024\\\/09\\\/cropped-logo@2x.png\",\"width\":1000,\"height\":250,\"caption\":\"IOMFT\"},\"image\":{\"@id\":\"https:\\\/\\\/www.iomft.ro\\\/#\\\/schema\\\/logo\\\/image\\\/\"}}]}<\/script>\n<!-- \/ Yoast SEO plugin. -->","yoast_head_json":{"title":"Ghidul p\u0103rin\u021bilor informa\u021bi- Respira\u021bia corect\u0103, somnul bun \u0219i afec\u021biunile miofunc\u021bionale - IOMFT","description":"Ghid terapie orofacial\u0103 miofunc\u021bional\u0103 pentru p\u0103rin\u021bi: respira\u021bie corect\u0103, somn bun \u0219i dezvoltare armonioas\u0103. \u00cen\u021belege leg\u0103tura dintre func\u021bii \u0219i s\u0103n\u0103tatea copilului.","robots":{"index":"index","follow":"follow","max-snippet":"max-snippet:-1","max-image-preview":"max-image-preview:large","max-video-preview":"max-video-preview:-1"},"canonical":"https:\/\/www.iomft.ro\/index.php\/product\/ghidul-parintilor-informati\/","og_locale":"ro_RO","og_type":"article","og_title":"Ghidul p\u0103rin\u021bilor informa\u021bi- Respira\u021bia corect\u0103, somnul bun \u0219i afec\u021biunile miofunc\u021bionale - IOMFT","og_description":"Ghid terapie orofacial\u0103 miofunc\u021bional\u0103 pentru p\u0103rin\u021bi: respira\u021bie corect\u0103, somn bun \u0219i dezvoltare armonioas\u0103. \u00cen\u021belege leg\u0103tura dintre func\u021bii \u0219i s\u0103n\u0103tatea copilului.","og_url":"https:\/\/www.iomft.ro\/index.php\/product\/ghidul-parintilor-informati\/","og_site_name":"IOMFT","article_modified_time":"2026-04-23T09:11:42+00:00","og_image":[{"width":1200,"height":1200,"url":"https:\/\/www.iomft.ro\/wp-content\/uploads\/2026\/04\/40.png","type":"image\/png"}],"twitter_card":"summary_large_image","twitter_misc":{"Timp estimat pentru citire":"2 minute"},"schema":{"@context":"https:\/\/schema.org","@graph":[{"@type":"WebPage","@id":"https:\/\/www.iomft.ro\/index.php\/product\/ghidul-parintilor-informati\/","url":"https:\/\/www.iomft.ro\/index.php\/product\/ghidul-parintilor-informati\/","name":"Ghidul p\u0103rin\u021bilor informa\u021bi- Respira\u021bia corect\u0103, somnul bun \u0219i afec\u021biunile miofunc\u021bionale - IOMFT","isPartOf":{"@id":"https:\/\/www.iomft.ro\/#website"},"primaryImageOfPage":{"@id":"https:\/\/www.iomft.ro\/index.php\/product\/ghidul-parintilor-informati\/#primaryimage"},"image":{"@id":"https:\/\/www.iomft.ro\/index.php\/product\/ghidul-parintilor-informati\/#primaryimage"},"thumbnailUrl":"https:\/\/www.iomft.ro\/wp-content\/uploads\/2026\/04\/40.png","datePublished":"2026-04-22T13:22:10+00:00","dateModified":"2026-04-23T09:11:42+00:00","description":"Ghid terapie orofacial\u0103 miofunc\u021bional\u0103 pentru p\u0103rin\u021bi: respira\u021bie corect\u0103, somn bun \u0219i dezvoltare armonioas\u0103. \u00cen\u021belege leg\u0103tura dintre func\u021bii \u0219i s\u0103n\u0103tatea copilului.","breadcrumb":{"@id":"https:\/\/www.iomft.ro\/index.php\/product\/ghidul-parintilor-informati\/#breadcrumb"},"inLanguage":"ro-RO","potentialAction":[{"@type":"ReadAction","target":["https:\/\/www.iomft.ro\/index.php\/product\/ghidul-parintilor-informati\/"]}]},{"@type":"ImageObject","inLanguage":"ro-RO","@id":"https:\/\/www.iomft.ro\/index.php\/product\/ghidul-parintilor-informati\/#primaryimage","url":"https:\/\/www.iomft.ro\/wp-content\/uploads\/2026\/04\/40.png","contentUrl":"https:\/\/www.iomft.ro\/wp-content\/uploads\/2026\/04\/40.png","width":1200,"height":1200},{"@type":"BreadcrumbList","@id":"https:\/\/www.iomft.ro\/index.php\/product\/ghidul-parintilor-informati\/#breadcrumb","itemListElement":[{"@type":"ListItem","position":1,"name":"Home","item":"https:\/\/www.iomft.ro\/"},{"@type":"ListItem","position":2,"name":"Ghidul p\u0103rin\u021bilor informa\u021bi- Respira\u021bia corect\u0103, somnul bun \u0219i afec\u021biunile miofunc\u021bionale"}]},{"@type":"WebSite","@id":"https:\/\/www.iomft.ro\/#website","url":"https:\/\/www.iomft.ro\/","name":"IOMFT","description":"","publisher":{"@id":"https:\/\/www.iomft.ro\/#organization"},"potentialAction":[{"@type":"SearchAction","target":{"@type":"EntryPoint","urlTemplate":"https:\/\/www.iomft.ro\/?s={search_term_string}"},"query-input":{"@type":"PropertyValueSpecification","valueRequired":true,"valueName":"search_term_string"}}],"inLanguage":"ro-RO"},{"@type":"Organization","@id":"https:\/\/www.iomft.ro\/#organization","name":"IOMFT","url":"https:\/\/www.iomft.ro\/","logo":{"@type":"ImageObject","inLanguage":"ro-RO","@id":"https:\/\/www.iomft.ro\/#\/schema\/logo\/image\/","url":"https:\/\/www.iomft.ro\/wp-content\/uploads\/2024\/09\/cropped-logo@2x.png","contentUrl":"https:\/\/www.iomft.ro\/wp-content\/uploads\/2024\/09\/cropped-logo@2x.png","width":1000,"height":250,"caption":"IOMFT"},"image":{"@id":"https:\/\/www.iomft.ro\/#\/schema\/logo\/image\/"}}]}},"jetpack_sharing_enabled":true,"_links":{"self":[{"href":"https:\/\/www.iomft.ro\/index.php\/wp-json\/wp\/v2\/product\/2291","targetHints":{"allow":["GET"]}}],"collection":[{"href":"https:\/\/www.iomft.ro\/index.php\/wp-json\/wp\/v2\/product"}],"about":[{"href":"https:\/\/www.iomft.ro\/index.php\/wp-json\/wp\/v2\/types\/product"}],"replies":[{"embeddable":true,"href":"https:\/\/www.iomft.ro\/index.php\/wp-json\/wp\/v2\/comments?post=2291"}],"wp:featuredmedia":[{"embeddable":true,"href":"https:\/\/www.iomft.ro\/index.php\/wp-json\/wp\/v2\/media\/2292"}],"wp:attachment":[{"href":"https:\/\/www.iomft.ro\/index.php\/wp-json\/wp\/v2\/media?parent=2291"}],"wp:term":[{"taxonomy":"product_brand","embeddable":true,"href":"https:\/\/www.iomft.ro\/index.php\/wp-json\/wp\/v2\/product_brand?post=2291"},{"taxonomy":"product_cat","embeddable":true,"href":"https:\/\/www.iomft.ro\/index.php\/wp-json\/wp\/v2\/product_cat?post=2291"},{"taxonomy":"product_tag","embeddable":true,"href":"https:\/\/www.iomft.ro\/index.php\/wp-json\/wp\/v2\/product_tag?post=2291"}],"curies":[{"name":"wp","href":"https:\/\/api.w.org\/{rel}","templated":true}]}}